{"id":8685,"date":"2021-10-05T14:14:59","date_gmt":"2021-10-05T12:14:59","guid":{"rendered":"https:\/\/www.elinesnel.com\/?page_id=8685"},"modified":"2024-09-30T14:27:21","modified_gmt":"2024-09-30T12:27:21","slug":"gundem","status":"publish","type":"page","link":"https:\/\/www.elinesnel.com\/tr\/gundem\/","title":{"rendered":"G\u00fcndem"},"content":{"rendered":"<p>[et_pb_section fb_built=&#8221;1&#8243; _builder_version=&#8221;4.16&#8243; custom_padding=&#8221;0px||0px|||&#8221; global_colors_info=&#8221;{}&#8221;][et_pb_row column_structure=&#8221;1_3,1_3,1_3&#8243; use_custom_gutter=&#8221;on&#8221; gutter_width=&#8221;1&#8243; _builder_version=&#8221;4.16&#8243; width=&#8221;100%&#8221; max_width=&#8221;1920px&#8221; module_alignment=&#8221;center&#8221; custom_margin=&#8221;|auto|-20px|auto||&#8221; custom_padding=&#8221;0px||0px|||&#8221; global_colors_info=&#8221;{}&#8221;][et_pb_column type=&#8221;1_3&#8243; _builder_version=&#8221;4.16&#8243; border_width_top=&#8221;10px&#8221; border_color_top=&#8221;#99c221&#8243; global_colors_info=&#8221;{}&#8221;][\/et_pb_column][et_pb_column type=&#8221;1_3&#8243; _builder_version=&#8221;4.16&#8243; border_width_top=&#8221;10px&#8221; border_color_top=&#8221;#339933&#8243; global_colors_info=&#8221;{}&#8221;][\/et_pb_column][et_pb_column type=&#8221;1_3&#8243; _builder_version=&#8221;4.16&#8243; border_width_top=&#8221;10px&#8221; border_color_top=&#8221;#007398&#8243; global_colors_info=&#8221;{}&#8221;][\/et_pb_column][\/et_pb_row][\/et_pb_section][et_pb_section fb_built=&#8221;1&#8243; _builder_version=&#8221;4.16&#8243; global_colors_info=&#8221;{}&#8221; theme_builder_area=&#8221;post_content&#8221;][et_pb_row _builder_version=&#8221;4.16&#8243; global_colors_info=&#8221;{}&#8221; theme_builder_area=&#8221;post_content&#8221;][et_pb_column type=&#8221;4_4&#8243; _builder_version=&#8221;4.16&#8243; global_colors_info=&#8221;{}&#8221; theme_builder_area=&#8221;post_content&#8221;][et_pb_text _builder_version=&#8221;4.21.0&#8243; _module_preset=&#8221;default&#8221; text_font_size=&#8221;18px&#8221; text_line_height=&#8221;1.6em&#8221; text_orientation=&#8221;center&#8221; max_width=&#8221;800px&#8221; module_alignment=&#8221;center&#8221; hover_enabled=&#8221;0&#8243; text_font_size_tablet=&#8221;18px&#8221; text_font_size_phone=&#8221;16px&#8221; text_font_size_last_edited=&#8221;on|phone&#8221; global_colors_info=&#8221;{}&#8221; theme_builder_area=&#8221;post_content&#8221; sticky_enabled=&#8221;0&#8243;]<\/p>\n<p>Eline Snel Y\u00f6ntemi&#8217;ne g\u00f6re t\u00fcm e\u011fitimler ve mesleki geli\u015fim programlar\u0131, Academy for Mindful Teaching taraf\u0131ndan sunulmaktad\u0131r. A\u015fa\u011f\u0131daki d\u00fc\u011fmelere t\u0131klayarak, Academy for Mindful Teaching&#8217;in takvimine do\u011frudan ula\u015fabilir ve e\u011fitimlerin tarihleri ve yerleri hakk\u0131nda daha fazla bilgi edinebilirsiniz.<\/p>\n<p>[\/et_pb_text][\/et_pb_column][\/et_pb_row][et_pb_row _builder_version=&#8221;4.21.0&#8243; _module_preset=&#8221;default&#8221; hover_enabled=&#8221;0&#8243; global_colors_info=&#8221;{}&#8221; theme_builder_area=&#8221;post_content&#8221; sticky_enabled=&#8221;0&#8243;][et_pb_column type=&#8221;4_4&#8243; _builder_version=&#8221;4.21.0&#8243; _module_preset=&#8221;default&#8221; global_colors_info=&#8221;{}&#8221; theme_builder_area=&#8221;post_content&#8221;][et_pb_button button_url=&#8221;https:\/\/www.academyformindfulteaching.com\/pages\/agenda-turkijke &#8221; url_new_window=&#8221;on&#8221; button_text=&#8221;Takvim&#8221; button_alignment=&#8221;center&#8221; _builder_version=&#8221;4.21.0&#8243; custom_button=&#8221;on&#8221; button_bg_color=&#8221;#006a52&#8243; button_border_color=&#8221;#006a52&#8243; background_layout=&#8221;dark&#8221; custom_padding=&#8221;16px|30px|16px|30px|true|false&#8221; custom_padding_tablet=&#8221;&#8221; custom_padding_phone=&#8221;&#8221; custom_padding_last_edited=&#8221;on|desktop&#8221; animation_style=&#8221;zoom&#8221; animation_duration=&#8221;800ms&#8221; hover_enabled=&#8221;0&#8243; button_text_size_tablet=&#8221;&#8221; button_text_size_phone=&#8221;16px&#8221; button_text_size_last_edited=&#8221;on|phone&#8221; button_bg_color_hover=&#8221;#4f8bdd&#8221; locked=&#8221;off&#8221; global_colors_info=&#8221;{}&#8221; button_text_size__hover_enabled=&#8221;off&#8221; button_one_text_size__hover_enabled=&#8221;off&#8221; button_two_text_size__hover_enabled=&#8221;off&#8221; button_text_color__hover_enabled=&#8221;off&#8221; button_one_text_color__hover_enabled=&#8221;off&#8221; button_two_text_color__hover_enabled=&#8221;off&#8221; button_border_width__hover_enabled=&#8221;off&#8221; button_one_border_width__hover_enabled=&#8221;off&#8221; button_two_border_width__hover_enabled=&#8221;off&#8221; button_border_color__hover_enabled=&#8221;off&#8221; button_one_border_color__hover_enabled=&#8221;off&#8221; button_two_border_color__hover_enabled=&#8221;off&#8221; button_border_radius__hover_enabled=&#8221;off&#8221; button_one_border_radius__hover_enabled=&#8221;off&#8221; button_two_border_radius__hover_enabled=&#8221;off&#8221; button_letter_spacing__hover_enabled=&#8221;off&#8221; button_one_letter_spacing__hover_enabled=&#8221;off&#8221; button_two_letter_spacing__hover_enabled=&#8221;off&#8221; button_bg_color__hover_enabled=&#8221;on|hover&#8221; button_bg_color__hover=&#8221;#006a52&#8243; button_one_bg_color__hover_enabled=&#8221;off&#8221; button_two_bg_color__hover_enabled=&#8221;off&#8221; button_bg_enable_color__hover=&#8221;on&#8221; custom_padding__hover_enabled=&#8221;on|hover&#8221; custom_padding__hover=&#8221;|40px||20px|true|false&#8221; theme_builder_area=&#8221;post_content&#8221; sticky_enabled=&#8221;0&#8243;][\/et_pb_button][\/et_pb_column][\/et_pb_row][\/et_pb_section]<\/p>\n","protected":false},"excerpt":{"rendered":"<p>Eline Snel Y\u00f6ntemi&#8217;ne g\u00f6re t\u00fcm e\u011fitimler ve mesleki geli\u015fim programlar\u0131, Academy for Mindful Teaching taraf\u0131ndan sunulmaktad\u0131r. A\u015fa\u011f\u0131daki d\u00fc\u011fmelere t\u0131klayarak, Academy for Mindful Teaching&#8217;in takvimine do\u011frudan ula\u015fabilir ve e\u011fitimlerin tarihleri ve yerleri hakk\u0131nda daha fazla bilgi edinebilirsiniz.<\/p>\n","protected":false},"author":1,"featured_media":0,"parent":0,"menu_order":0,"comment_status":"closed","ping_status":"closed","template":"","meta":{"_et_pb_use_builder":"on","_et_pb_old_content":"","_et_gb_content_width":"","footnotes":""},"class_list":["post-8685","page","type-page","status-publish","hentry"],"_links":{"self":[{"href":"https:\/\/www.elinesnel.com\/tr\/wp-json\/wp\/v2\/pages\/8685","targetHints":{"allow":["GET"]}}],"collection":[{"href":"https:\/\/www.elinesnel.com\/tr\/wp-json\/wp\/v2\/pages"}],"about":[{"href":"https:\/\/www.elinesnel.com\/tr\/wp-json\/wp\/v2\/types\/page"}],"author":[{"embeddable":true,"href":"https:\/\/www.elinesnel.com\/tr\/wp-json\/wp\/v2\/users\/1"}],"replies":[{"embeddable":true,"href":"https:\/\/www.elinesnel.com\/tr\/wp-json\/wp\/v2\/comments?post=8685"}],"version-history":[{"count":0,"href":"https:\/\/www.elinesnel.com\/tr\/wp-json\/wp\/v2\/pages\/8685\/revisions"}],"wp:attachment":[{"href":"https:\/\/www.elinesnel.com\/tr\/wp-json\/wp\/v2\/media?parent=8685"}],"curies":[{"name":"wp","href":"https:\/\/api.w.org\/{rel}","templated":true}]}}