{"id":7817,"date":"2021-06-04T15:23:03","date_gmt":"2021-06-04T13:23:03","guid":{"rendered":"https:\/\/www.elinesnel.com\/?page_id=7817"},"modified":"2021-10-21T08:51:33","modified_gmt":"2021-10-21T06:51:33","slug":"mindfulness-ve-beyin","status":"publish","type":"page","link":"https:\/\/www.elinesnel.com\/tr\/mindfulness-ve-beyin\/","title":{"rendered":"Mindfulness ve beyin"},"content":{"rendered":"<p>[et_pb_section fb_built=&#8221;1&#8243; custom_padding_last_edited=&#8221;on|phone&#8221; module_class=&#8221;vervolgtitel&#8221; _builder_version=&#8221;4.5.1&#8243; _module_preset=&#8221;default&#8221; background_color_gradient_direction=&#8221;0deg&#8221; background_image=&#8221;https:\/\/www.elinesnel.com\/wp-content\/uploads\/2021\/02\/ElineSnel_Kikkervervolg.jpg&#8221; custom_padding=&#8221;11vw||0px||false|false&#8221; custom_padding_tablet=&#8221;&#8221; custom_padding_phone=&#8221;0vw||0px||false|false&#8221; global_colors_info=&#8221;{}&#8221;][et_pb_row custom_padding_last_edited=&#8221;on|phone&#8221; _builder_version=&#8221;4.5.1&#8243; custom_margin=&#8221;||||false|false&#8221; custom_padding=&#8221;||||false|false&#8221; custom_padding_tablet=&#8221;&#8221; custom_padding_phone=&#8221;0px||||false|false&#8221; global_colors_info=&#8221;{}&#8221;][et_pb_column type=&#8221;4_4&#8243; _builder_version=&#8221;4.5.1&#8243; global_colors_info=&#8221;{}&#8221;][et_pb_text _builder_version=&#8221;4.9.4&#8243; text_font=&#8221;Nunito Sans||||||||&#8221; text_text_color=&#8221;#006a52&#8243; text_font_size=&#8221;25px&#8221; text_line_height=&#8221;1.3em&#8221; header_font=&#8221;||||||||&#8221; header_text_color=&#8221;#0f7499&#8243; header_font_size=&#8221;32px&#8221; header_line_height=&#8221;1.4em&#8221; background_color=&#8221;#ffffff&#8221; transform_translate=&#8221;0px|84px&#8221; transform_translate_linked=&#8221;off&#8221; z_index=&#8221;1&#8243; text_orientation=&#8221;center&#8221; max_width=&#8221;850px&#8221; module_alignment=&#8221;center&#8221; custom_margin=&#8221;0px||||false|false&#8221; custom_margin_tablet=&#8221;&#8221; custom_margin_phone=&#8221;0px||||false|false&#8221; custom_margin_last_edited=&#8221;on|phone&#8221; custom_padding=&#8221;25px|25px|25px|25px|true|true&#8221; custom_padding_tablet=&#8221;&#8221; custom_padding_phone=&#8221;14px|15px|7px|15px|false|true&#8221; custom_padding_last_edited=&#8221;on|phone&#8221; animation_style=&#8221;slide&#8221; animation_direction=&#8221;bottom&#8221; animation_duration=&#8221;1400ms&#8221; animation_speed_curve=&#8221;ease&#8221; text_font_size_tablet=&#8221;&#8221; text_font_size_phone=&#8221;20px&#8221; text_font_size_last_edited=&#8221;on|phone&#8221; header_font_size_tablet=&#8221;&#8221; header_font_size_phone=&#8221;24px&#8221; header_font_size_last_edited=&#8221;on|phone&#8221; module_alignment_tablet=&#8221;&#8221; module_alignment_phone=&#8221;center&#8221; module_alignment_last_edited=&#8221;on|phone&#8221; border_width_top=&#8221;10px&#8221; border_color_top=&#8221;#329a37&#8243; border_width_top_tablet=&#8221;&#8221; border_width_top_phone=&#8221;6px&#8221; border_width_top_last_edited=&#8221;on|phone&#8221; box_shadow_style=&#8221;preset2&#8243; box_shadow_horizontal=&#8221;5px&#8221; box_shadow_vertical=&#8221;5px&#8221; box_shadow_blur=&#8221;5px&#8221; box_shadow_color=&#8221;rgba(0,0,0,0.15)&#8221; global_colors_info=&#8221;{}&#8221;]<\/p>\n<h1>M\u0130NDFULNESS VE BEY\u0130N<\/h1>\n<p>[\/et_pb_text][\/et_pb_column][\/et_pb_row][\/et_pb_section][et_pb_section fb_built=&#8221;1&#8243; fullwidth=&#8221;on&#8221; _builder_version=&#8221;4.5.1&#8243; _module_preset=&#8221;default&#8221; global_colors_info=&#8221;{}&#8221;][\/et_pb_section][et_pb_section fb_built=&#8221;1&#8243; disabled_on=&#8221;on|on|off&#8221; module_class=&#8221;toplijnen&#8221; _builder_version=&#8221;4.5.1&#8243; _module_preset=&#8221;default&#8221; custom_margin=&#8221;0px||0px||false|false&#8221; custom_padding=&#8221;0px||0px|||&#8221; global_colors_info=&#8221;{}&#8221;][et_pb_row column_structure=&#8221;1_2,1_2&#8243; use_custom_gutter=&#8221;on&#8221; gutter_width=&#8221;1&#8243; _builder_version=&#8221;4.5.1&#8243; _module_preset=&#8221;default&#8221; z_index=&#8221;1&#8243; width=&#8221;100%&#8221; max_width=&#8221;100%&#8221; custom_padding=&#8221;0px||0px||false|false&#8221; global_colors_info=&#8221;{}&#8221;][et_pb_column type=&#8221;1_2&#8243; _builder_version=&#8221;4.5.1&#8243; _module_preset=&#8221;default&#8221; border_width_top=&#8221;10px&#8221; border_color_top=&#8221;#9ac21e&#8221; global_colors_info=&#8221;{}&#8221;][\/et_pb_column][et_pb_column type=&#8221;1_2&#8243; _builder_version=&#8221;4.5.1&#8243; _module_preset=&#8221;default&#8221; border_width_top=&#8221;10px&#8221; border_color_top=&#8221;#0f7499&#8243; global_colors_info=&#8221;{}&#8221;][\/et_pb_column][\/et_pb_row][\/et_pb_section][et_pb_section fb_built=&#8221;1&#8243; custom_padding_last_edited=&#8221;off|desktop&#8221; background_color_gradient_end_1=&#8221;#c7cbd4&#8243; admin_label=&#8221;Two CTA Section&#8221; _builder_version=&#8221;4.5.1&#8243; background_enable_color=&#8221;off&#8221; background_image=&#8221;https:\/\/www.elinesnel.com\/wp-content\/uploads\/2021\/02\/ES_Grijs_Kikkerpoot-1.png&#8221; background_size=&#8221;initial&#8221; background_position=&#8221;top_left&#8221; custom_padding=&#8221;0px||0px||true&#8221; custom_padding_tablet=&#8221;20px||10px|&#8221; background_last_edited=&#8221;on|phone&#8221; background_enable_image_phone=&#8221;off&#8221; global_colors_info=&#8221;{}&#8221;][et_pb_row admin_label=&#8221;Mission Row&#8221; _builder_version=&#8221;4.5.1&#8243; custom_padding=&#8221;65px||0px|||&#8221; animation_direction=&#8221;left&#8221; locked=&#8221;off&#8221; global_colors_info=&#8221;{}&#8221;][et_pb_column type=&#8221;4_4&#8243; _builder_version=&#8221;3.25&#8243; custom_padding=&#8221;|||&#8221; global_colors_info=&#8221;{}&#8221; custom_padding__hover=&#8221;|||&#8221;][et_pb_text module_class=&#8221;introtekst&#8221; _builder_version=&#8221;4.11.3&#8243; text_font=&#8221;Nunito Sans||||||||&#8221; text_text_color=&#8221;#7a7c81&#8243; text_font_size=&#8221;20px&#8221; text_line_height=&#8221;2em&#8221; header_font=&#8221;||||||||&#8221; header_2_font=&#8221;BalooPaaji2|700|||||||&#8221; header_2_text_color=&#8221;#007398&#8243; header_2_font_size=&#8221;40px&#8221; header_2_line_height=&#8221;1.4em&#8221; header_5_font=&#8221;Rubik|700||on|||||&#8221; header_5_text_color=&#8221;#2b76df&#8221; header_5_letter_spacing=&#8221;5px&#8221; header_5_line_height=&#8221;1.5em&#8221; background_color=&#8221;#ffffff&#8221; text_orientation=&#8221;center&#8221; max_width=&#8221;800px&#8221; module_alignment=&#8221;center&#8221; custom_margin=&#8221;40px||80px|||&#8221; custom_margin_tablet=&#8221;0px|||&#8221; custom_margin_last_edited=&#8221;off|desktop&#8221; animation_style=&#8221;slide&#8221; animation_direction=&#8221;bottom&#8221; animation_duration=&#8221;1400ms&#8221; animation_delay=&#8221;400ms&#8221; animation_speed_curve=&#8221;ease&#8221; hover_enabled=&#8221;0&#8243; text_font_size_tablet=&#8221;&#8221; text_font_size_phone=&#8221;16px&#8221; text_font_size_last_edited=&#8221;on|phone&#8221; text_line_height_tablet=&#8221;&#8221; text_line_height_phone=&#8221;1.4em&#8221; text_line_height_last_edited=&#8221;on|phone&#8221; header_2_font_size_tablet=&#8221;&#8221; header_2_font_size_phone=&#8221;30px&#8221; header_2_font_size_last_edited=&#8221;on|phone&#8221; global_colors_info=&#8221;{}&#8221; sticky_enabled=&#8221;0&#8243;]<\/p>\n<p>Mindfulness e\u011fitiminin yeti\u015fkinlerde d\u00fcrt\u00fc kontrol\u00fc, karar verme, bak\u0131\u015f a\u00e7\u0131s\u0131 olu\u015fturma, \u00f6\u011frenme ve haf\u0131za, duygu d\u00fczenleme gibi beynin y\u00fcr\u00fct\u00fcc\u00fc i\u015flevlerinde ve ki\u015finin kendisi ve ba\u015fkalar\u0131yla olan ba\u011flant\u0131 hissi \u00fczerinde pozitif etkiler olu\u015fturdu\u011fu kan\u0131tlanm\u0131\u015ft\u0131r. Yo\u011fun ve aral\u0131ks\u0131z stres alt\u0131nda b\u00fct\u00fcn bu beyin i\u015flevleri h\u0131zla geriler. Bunun sonucunda ak\u0131ll\u0131ca karar verme, \u00f6z g\u00fcven ve g\u00fc\u00e7l\u00fc duygularla ba\u015f etme kapasitesi zay\u0131flayabilir.<\/p>\n<p>Bunun sinir sistemleri ve beyinleri h\u00e2l\u00e2 geli\u015fmekte olan ve stresin olumsuz etkilerine daha duyarl\u0131 olan \u00e7ocuklar i\u00e7in \u00e7ok daha fazla ge\u00e7erli oldu\u011funa dair kan\u0131tlar artmaktad\u0131r. Herkes her \u00e7ocu\u011fun kendisine dair deneyiminin tamam\u0131yla m\u00fckemmel olmas\u0131n\u0131 ister. \u00d6\u011frenecek daha pek \u00e7ok \u015fey oldu\u011fu ve bazen biraz \u201cparlat\u0131lmas\u0131\u201d gereken \u015feyler oldu\u011fu do\u011frudur ancak her \u015feyden \u00f6nce \u00e7ocuk ko\u015fullardan ba\u011f\u0131ms\u0131z olarak derin bir i\u00e7sel esenlik geli\u015ftirebilir ve kendine, \u2018eve\u2019 d\u00f6nebilir. G\u00f6r\u00fcnen o ki Mindfulness bu s\u00fcre\u00e7te k\u0131ymetli ve ya\u015fam boyu s\u00fcren bir destek sa\u011flamaktad\u0131r.<\/p>\n<p>[\/et_pb_text][\/et_pb_column][\/et_pb_row][\/et_pb_section]<\/p>\n","protected":false},"excerpt":{"rendered":"<p>M\u0130NDFULNESS VE BEY\u0130NMindfulness e\u011fitiminin yeti\u015fkinlerde d\u00fcrt\u00fc kontrol\u00fc, karar verme, bak\u0131\u015f a\u00e7\u0131s\u0131 olu\u015fturma, \u00f6\u011frenme ve haf\u0131za, duygu d\u00fczenleme gibi beynin y\u00fcr\u00fct\u00fcc\u00fc i\u015flevlerinde ve ki\u015finin kendisi ve ba\u015fkalar\u0131yla olan ba\u011flant\u0131 hissi \u00fczerinde pozitif etkiler olu\u015fturdu\u011fu kan\u0131tlanm\u0131\u015ft\u0131r. Yo\u011fun ve aral\u0131ks\u0131z stres alt\u0131nda b\u00fct\u00fcn bu beyin i\u015flevleri h\u0131zla geriler. Bunun sonucunda ak\u0131ll\u0131ca karar verme, \u00f6z g\u00fcven ve g\u00fc\u00e7l\u00fc duygularla [&hellip;]<\/p>\n","protected":false},"author":12,"featured_media":0,"parent":0,"menu_order":0,"comment_status":"closed","ping_status":"closed","template":"","meta":{"_et_pb_use_builder":"on","_et_pb_old_content":"","_et_gb_content_width":"","footnotes":""},"class_list":["post-7817","page","type-page","status-publish","hentry"],"_links":{"self":[{"href":"https:\/\/www.elinesnel.com\/tr\/wp-json\/wp\/v2\/pages\/7817","targetHints":{"allow":["GET"]}}],"collection":[{"href":"https:\/\/www.elinesnel.com\/tr\/wp-json\/wp\/v2\/pages"}],"about":[{"href":"https:\/\/www.elinesnel.com\/tr\/wp-json\/wp\/v2\/types\/page"}],"author":[{"embeddable":true,"href":"https:\/\/www.elinesnel.com\/tr\/wp-json\/wp\/v2\/users\/12"}],"replies":[{"embeddable":true,"href":"https:\/\/www.elinesnel.com\/tr\/wp-json\/wp\/v2\/comments?post=7817"}],"version-history":[{"count":0,"href":"https:\/\/www.elinesnel.com\/tr\/wp-json\/wp\/v2\/pages\/7817\/revisions"}],"wp:attachment":[{"href":"https:\/\/www.elinesnel.com\/tr\/wp-json\/wp\/v2\/media?parent=7817"}],"curies":[{"name":"wp","href":"https:\/\/api.w.org\/{rel}","templated":true}]}}