{"id":7775,"date":"2021-06-04T14:30:56","date_gmt":"2021-06-04T12:30:56","guid":{"rendered":"https:\/\/www.elinesnel.com\/?page_id=7775"},"modified":"2021-10-11T13:45:41","modified_gmt":"2021-10-11T11:45:41","slug":"cayma-hakki-ve-garanti","status":"publish","type":"page","link":"https:\/\/www.elinesnel.com\/tr\/cayma-hakki-ve-garanti\/","title":{"rendered":"Cayma hakk\u0131 ve garanti"},"content":{"rendered":"<p>[et_pb_section fb_built=&#8221;1&#8243; custom_padding_last_edited=&#8221;on|phone&#8221; module_class=&#8221;vervolgtitel&#8221; _builder_version=&#8221;4.5.1&#8243; _module_preset=&#8221;default&#8221; background_color_gradient_direction=&#8221;0deg&#8221; background_image=&#8221;https:\/\/www.elinesnel.com\/wp-content\/uploads\/2020\/11\/Eline-snel_Webbanner-2000x400Nov8.jpg&#8221; custom_padding=&#8221;11vw||0px||false|false&#8221; custom_padding_tablet=&#8221;&#8221; custom_padding_phone=&#8221;0vw||||false|false&#8221;][et_pb_row custom_padding_last_edited=&#8221;on|phone&#8221; _builder_version=&#8221;4.5.1&#8243; custom_margin=&#8221;||||false|false&#8221; custom_padding=&#8221;||||false|false&#8221; custom_padding_tablet=&#8221;&#8221; custom_padding_phone=&#8221;0px||||false|false&#8221;][et_pb_column type=&#8221;4_4&#8243; _builder_version=&#8221;4.5.1&#8243;][et_pb_text _builder_version=&#8221;4.9.4&#8243; text_font=&#8221;Nunito Sans||||||||&#8221; text_text_color=&#8221;#006a52&#8243; text_font_size=&#8221;25px&#8221; text_line_height=&#8221;1.3em&#8221; header_font=&#8221;|||on|||||&#8221; header_text_color=&#8221;#0f7499&#8243; header_font_size=&#8221;32px&#8221; header_line_height=&#8221;1.4em&#8221; background_color=&#8221;#ffffff&#8221; transform_translate=&#8221;0px|84px&#8221; transform_translate_linked=&#8221;off&#8221; z_index=&#8221;1&#8243; text_orientation=&#8221;center&#8221; max_width=&#8221;850px&#8221; module_alignment=&#8221;center&#8221; custom_margin=&#8221;0px||||false|false&#8221; custom_margin_tablet=&#8221;&#8221; custom_margin_phone=&#8221;0px||||false|false&#8221; custom_margin_last_edited=&#8221;on|phone&#8221; custom_padding=&#8221;25px|25px|25px|25px|true|true&#8221; custom_padding_tablet=&#8221;&#8221; custom_padding_phone=&#8221;14px|15px|7px|15px|false|true&#8221; custom_padding_last_edited=&#8221;on|phone&#8221; animation_direction=&#8221;bottom&#8221; hover_enabled=&#8221;0&#8243; text_font_size_tablet=&#8221;&#8221; text_font_size_phone=&#8221;20px&#8221; text_font_size_last_edited=&#8221;on|phone&#8221; header_font_size_tablet=&#8221;&#8221; header_font_size_phone=&#8221;22px&#8221; header_font_size_last_edited=&#8221;on|phone&#8221; module_alignment_tablet=&#8221;&#8221; module_alignment_phone=&#8221;center&#8221; module_alignment_last_edited=&#8221;on|phone&#8221; border_width_top=&#8221;10px&#8221; border_color_top=&#8221;#329a37&#8243; border_width_top_tablet=&#8221;&#8221; border_width_top_phone=&#8221;6px&#8221; border_width_top_last_edited=&#8221;on|phone&#8221; box_shadow_style=&#8221;preset2&#8243; box_shadow_horizontal=&#8221;5px&#8221; box_shadow_vertical=&#8221;5px&#8221; box_shadow_blur=&#8221;5px&#8221; box_shadow_color=&#8221;rgba(0,0,0,0.15)&#8221; sticky_enabled=&#8221;0&#8243;]<\/p>\n<h1>CAYMA HAKKI VE GARANT\u0130<\/h1>\n<p>[\/et_pb_text][\/et_pb_column][\/et_pb_row][\/et_pb_section][et_pb_section fb_built=&#8221;1&#8243; fullwidth=&#8221;on&#8221; _builder_version=&#8221;4.5.1&#8243; _module_preset=&#8221;default&#8221;][\/et_pb_section][et_pb_section fb_built=&#8221;1&#8243; disabled_on=&#8221;on|on|off&#8221; module_class=&#8221;toplijnen&#8221; _builder_version=&#8221;4.5.1&#8243; _module_preset=&#8221;default&#8221; custom_margin=&#8221;0px||0px||false|false&#8221; custom_padding=&#8221;0px||0px|||&#8221;][et_pb_row column_structure=&#8221;1_2,1_2&#8243; use_custom_gutter=&#8221;on&#8221; gutter_width=&#8221;1&#8243; _builder_version=&#8221;4.5.1&#8243; _module_preset=&#8221;default&#8221; z_index=&#8221;1&#8243; width=&#8221;100%&#8221; max_width=&#8221;100%&#8221; custom_padding=&#8221;0px||0px||false|false&#8221;][et_pb_column type=&#8221;1_2&#8243; _builder_version=&#8221;4.5.1&#8243; _module_preset=&#8221;default&#8221; border_width_top=&#8221;10px&#8221; border_color_top=&#8221;#9ac21e&#8221;][\/et_pb_column][et_pb_column type=&#8221;1_2&#8243; _builder_version=&#8221;4.5.1&#8243; _module_preset=&#8221;default&#8221; border_width_top=&#8221;10px&#8221; border_color_top=&#8221;#0f7499&#8243;][\/et_pb_column][\/et_pb_row][\/et_pb_section][et_pb_section fb_built=&#8221;1&#8243; custom_padding_last_edited=&#8221;off|desktop&#8221; background_color_gradient_end_1=&#8221;#c7cbd4&#8243; admin_label=&#8221;Two CTA Section&#8221; _builder_version=&#8221;4.5.1&#8243; background_enable_color=&#8221;off&#8221; background_enable_image=&#8221;off&#8221; background_size=&#8221;initial&#8221; background_position=&#8221;top_left&#8221; custom_padding=&#8221;0px||0px||true&#8221; custom_padding_tablet=&#8221;20px||10px|&#8221; background_last_edited=&#8221;on|tablet&#8221; background_enable_image_tablet=&#8221;off&#8221; background_enable_image_phone=&#8221;off&#8221;][et_pb_row custom_padding_last_edited=&#8221;on|phone&#8221; admin_label=&#8221;Mission Row&#8221; _builder_version=&#8221;4.5.1&#8243; custom_padding=&#8221;105px||75px||false|false&#8221; custom_padding_tablet=&#8221;&#8221; custom_padding_phone=&#8221;70px||75px||false|false&#8221; animation_direction=&#8221;left&#8221; locked=&#8221;off&#8221;][et_pb_column type=&#8221;4_4&#8243; _builder_version=&#8221;3.25&#8243; custom_padding=&#8221;|||&#8221; custom_padding__hover=&#8221;|||&#8221;][et_pb_text module_class=&#8221;introtekst&#8221; _builder_version=&#8221;4.9.4&#8243; text_font=&#8221;|700|||||||&#8221; text_text_color=&#8221;#329a37&#8243; text_font_size=&#8221;26px&#8221; text_line_height=&#8221;1.4em&#8221; header_font=&#8221;||||||||&#8221; header_2_font=&#8221;BalooPaaji2|700|||||||&#8221; header_2_text_color=&#8221;#007398&#8243; header_2_font_size=&#8221;40px&#8221; header_2_line_height=&#8221;1.4em&#8221; header_5_font=&#8221;Rubik|700||on|||||&#8221; header_5_text_color=&#8221;#2b76df&#8221; header_5_letter_spacing=&#8221;5px&#8221; header_5_line_height=&#8221;1.5em&#8221; module_alignment=&#8221;center&#8221; custom_margin=&#8221;0px||14px|||&#8221; custom_margin_tablet=&#8221;0px|||&#8221; custom_margin_phone=&#8221;25px||0px||false|false&#8221; custom_margin_last_edited=&#8221;on|phone&#8221; animation_style=&#8221;slide&#8221; animation_direction=&#8221;bottom&#8221; hover_enabled=&#8221;0&#8243; text_font_size_tablet=&#8221;&#8221; text_font_size_phone=&#8221;16px&#8221; text_font_size_last_edited=&#8221;on|phone&#8221; text_line_height_tablet=&#8221;&#8221; text_line_height_phone=&#8221;1.6em&#8221; text_line_height_last_edited=&#8221;on|phone&#8221; header_2_font_size_tablet=&#8221;&#8221; header_2_font_size_phone=&#8221;30px&#8221; header_2_font_size_last_edited=&#8221;on|phone&#8221; sticky_enabled=&#8221;0&#8243;]<\/p>\n<p>Cayma hakk\u0131<\/p>\n<p>[\/et_pb_text][et_pb_text _builder_version=&#8221;4.9.4&#8243; _module_preset=&#8221;default&#8221; text_font_size=&#8221;18px&#8221; text_line_height=&#8221;1.4em&#8221; header_text_color=&#8221;#329a37&#8243; header_2_font=&#8221;|600|||||||&#8221; header_2_text_color=&#8221;#329a37&#8243; header_2_font_size=&#8221;28px&#8221; header_2_line_height=&#8221;1.3em&#8221; header_3_font=&#8221;|600|||||||&#8221; header_3_text_color=&#8221;#329a37&#8243; header_3_font_size=&#8221;20px&#8221; hover_enabled=&#8221;0&#8243; text_font_size_tablet=&#8221;&#8221; text_font_size_phone=&#8221;16px&#8221; text_font_size_last_edited=&#8221;on|phone&#8221; sticky_enabled=&#8221;0&#8243;]<\/p>\n<p>&nbsp;<\/p>\n<p>Sat\u0131n ald\u0131\u011f\u0131n\u0131z bir \u00fcr\u00fcn\u00fc teslim alman\u0131z\u0131 takip eden 14 g\u00fcn i\u00e7erisinde herhangi bir sebep g\u00f6stermeden s\u00f6zle\u015fmeden cayabilirsiniz. Sipari\u015finiz biren fazla nakliyeyi i\u00e7eren farkl\u0131 \u00fcr\u00fcnlerden olu\u015fuyorsa cayma s\u00fcresi son \u00fcr\u00fcn\u00fc teslim alman\u0131zdan 14 g\u00fcn sonra sona erer.<\/p>\n<p>Bu s\u00fcre zarf\u0131nda \u00fcr\u00fcn\u00fc\/\u00fcr\u00fcnleri ve ambalaj\u0131 \u00f6zenle ve dikkatle ele alman\u0131z\u0131 rica ederiz. \u00dcr\u00fcn\u00fc ma\u011fazada test etti\u011finiz gibi test etti\u011finizden emin olun. \u00dcr\u00fcnlerin yap\u0131s\u0131n\u0131, niteli\u011fini ve i\u015flevini de\u011ferlendirme haricinde yap\u0131lan kullan\u0131mdan dolay\u0131 meydana gelen ve \u00fcr\u00fcn\u00fcn\/\u00fcr\u00fcnlerin de\u011ferini herhangi bir \u015fekilde azaltan hasarlar sizin sorumlulu\u011funuzdad\u0131r.<\/p>\n<p><span style=\"color: #000000;\">S\u00f6zle\u015fmeyi feshetti\u011finizi bize <a href=\"mailto:webshop@elinesnel.com\">webshop@elinesnel.com<\/a><a href=\"mailto:webshop@elinesnel.com\" style=\"color: #000000;\"><\/a> e-posta adresine yazarak bildirmelisiniz.<\/span><\/p>\n<p><span style=\"color: #000000;\"><\/span><\/p>\n<p><strong><span style=\"color: #329a37;\">\u0130ade prosed\u00fcr\u00fc<\/span><\/strong><\/p>\n<p>S\u00f6zle\u015fmeyi feshetmeniz durumunda \u00f6dedi\u011finiz tutar\u0131n tamam\u0131n\u0131 (nakliye bedeli d\u00e2hil) 14 g\u00fcn i\u00e7inde geri \u00f6deriz. Ancak \u00fcr\u00fcnleri iade etme bedeli sizin sorumlulu\u011funuzdad\u0131r.<\/p>\n<p>\u0130ade prosed\u00fcr\u00fc, s\u00f6zle\u015fmeyi feshetti\u011finizi bize bildirdi\u011finizde ba\u015flar.<\/p>\n<p>Para iadesi, aksi \u00fczerinde a\u00e7\u0131k\u00e7a anla\u015fmaya var\u0131lmad\u0131\u011f\u0131 takdirde orijinal \u00f6demeyi yapt\u0131\u011f\u0131n\u0131z \u015fekilde yap\u0131l\u0131r. \u0130ade i\u00e7in herhangi bir kesinti yap\u0131lmaz ancak \u00fcr\u00fcnler elimize ge\u00e7ene dek ya da siz \u00fcr\u00fcnleri iade etti\u011finize dair kan\u0131t g\u00f6sterene dek -hangisi \u00f6nce ger\u00e7ekle\u015firse- \u00f6demeyi erteleyebiliriz.<\/p>\n<p>&nbsp;<\/p>\n<p><strong><span style=\"color: #329a37;\"><span>\u00dcr\u00fcn iade prosed\u00fcr\u00fc nas\u0131l i\u015fler?<\/span><\/span><\/strong><\/p>\n<p>\u00dcr\u00fcnleri, s\u00f6zle\u015fmeyi feshetme karar\u0131n\u0131z\u0131 bize bildirdikten sonra 14 g\u00fcn i\u00e7inde iade etmelisiniz.<\/p>\n<p>\u00dcr\u00fcnleri iade etmeye karar verirseniz <a href=\"mailto:webshop@elinesnel.com\">webshop@elinesnel.com<\/a> adresine e-posta g\u00f6nderebilirsiniz. Biz de size talimatlar\u0131 yollar\u0131z.<\/p>\n<p>Dilerseniz a\u015fa\u011f\u0131daki iade formunu kullanabilirsiniz ancak bu zorunlu de\u011fildir. Bu se\u00e7ene\u011fi tercih ederseniz m\u00fcmk\u00fcn olan en k\u0131sa s\u00fcrede size e-posta ile geri d\u00f6n\u00fc\u015f sa\u011flar\u0131z. Formu 14 g\u00fcnl\u00fck cayma s\u00fcresi dolmadan g\u00f6ndermeniz gerekir.<\/p>\n<p>Daha detayl\u0131 bilgi i\u00e7in l\u00fctfen genel ko\u015fullara bak\u0131n\u0131z.<\/p>\n<p>&nbsp;<\/p>\n<p>&nbsp;<\/p>\n<h3><strong>Withdrawal form<\/strong><\/h3>\n<p><strong>Fill in and return this form only if you wish to withdraw from the agreement.<br \/><\/strong><\/p>\n<p><strong>To:<\/strong> <a href=\"mailto:webshop@elinesnel.com\">webshop@elinesnel.com<\/a><\/p>\n<p><strong> <\/strong><\/p>\n<p><em>Instructions for returns will be sent to you by email.<\/em><\/p>\n<p>I give notice that I wish to withdraw from my contract for the sale of goods or services.<\/p>\n<p><strong>Order date:<\/strong><\/p>\n<p><strong>Date received:<\/strong><\/p>\n<p>Customer name:<\/p>\n<p>Address<\/p>\n<p>Signature<\/p>\n<p><em>[only if this form is submitted on paper] <\/em><\/p>\n<p>&nbsp;<\/p>\n<p>Date:<\/p>\n<p>&nbsp;<\/p>\n<p><u>Download this form as a PDF<\/u><\/p>\n<p>&nbsp;<\/p>\n<p>&nbsp;<\/p>\n<h2>Statutory guarantee<\/h2>\n<p>Our products are subject to a statutory guarantee that they will meet your reasonable expectations. They should not contain any defects that would not be expected during their usual lifespan and in normal use.<\/p>\n<p>If a product does not meet your expectations, please contact <a href=\"mailto:webshop@elinesnel.com\">webshop@elinesnel.com<\/a>. If it is covered by the statutory guarantee, we will remedy the problem free of charge provided that you submit your order number or other proof of purchase. Please notify us as soon as possible after discovering the defect.<\/p>\n<p>[\/et_pb_text][\/et_pb_column][\/et_pb_row][\/et_pb_section]<\/p>\n","protected":false},"excerpt":{"rendered":"<p>CAYMA HAKKI VE GARANT\u0130 Cayma hakk\u0131 &nbsp; Sat\u0131n ald\u0131\u011f\u0131n\u0131z bir \u00fcr\u00fcn\u00fc teslim alman\u0131z\u0131 takip eden 14 g\u00fcn i\u00e7erisinde herhangi bir sebep g\u00f6stermeden s\u00f6zle\u015fmeden cayabilirsiniz. Sipari\u015finiz biren fazla nakliyeyi i\u00e7eren farkl\u0131 \u00fcr\u00fcnlerden olu\u015fuyorsa cayma s\u00fcresi son \u00fcr\u00fcn\u00fc teslim alman\u0131zdan 14 g\u00fcn sonra sona erer. Bu s\u00fcre zarf\u0131nda \u00fcr\u00fcn\u00fc\/\u00fcr\u00fcnleri ve ambalaj\u0131 \u00f6zenle ve dikkatle ele alman\u0131z\u0131 rica [&hellip;]<\/p>\n","protected":false},"author":12,"featured_media":0,"parent":0,"menu_order":0,"comment_status":"closed","ping_status":"closed","template":"","meta":{"_et_pb_use_builder":"on","_et_pb_old_content":"","_et_gb_content_width":"","footnotes":""},"class_list":["post-7775","page","type-page","status-publish","hentry"],"_links":{"self":[{"href":"https:\/\/www.elinesnel.com\/tr\/wp-json\/wp\/v2\/pages\/7775","targetHints":{"allow":["GET"]}}],"collection":[{"href":"https:\/\/www.elinesnel.com\/tr\/wp-json\/wp\/v2\/pages"}],"about":[{"href":"https:\/\/www.elinesnel.com\/tr\/wp-json\/wp\/v2\/types\/page"}],"author":[{"embeddable":true,"href":"https:\/\/www.elinesnel.com\/tr\/wp-json\/wp\/v2\/users\/12"}],"replies":[{"embeddable":true,"href":"https:\/\/www.elinesnel.com\/tr\/wp-json\/wp\/v2\/comments?post=7775"}],"version-history":[{"count":0,"href":"https:\/\/www.elinesnel.com\/tr\/wp-json\/wp\/v2\/pages\/7775\/revisions"}],"wp:attachment":[{"href":"https:\/\/www.elinesnel.com\/tr\/wp-json\/wp\/v2\/media?parent=7775"}],"curies":[{"name":"wp","href":"https:\/\/api.w.org\/{rel}","templated":true}]}}