{"id":7720,"date":"2021-06-04T14:01:41","date_gmt":"2021-06-04T12:01:41","guid":{"rendered":"https:\/\/www.elinesnel.com\/?page_id=7720"},"modified":"2021-10-25T09:35:18","modified_gmt":"2021-10-25T07:35:18","slug":"covid-19","status":"publish","type":"page","link":"https:\/\/www.elinesnel.com\/tr\/covid-19\/","title":{"rendered":"COVID-19"},"content":{"rendered":"<p>[et_pb_section fb_built=&#8221;1&#8243; custom_padding_last_edited=&#8221;on|phone&#8221; module_class=&#8221;vervolgtitel&#8221; _builder_version=&#8221;4.5.1&#8243; _module_preset=&#8221;default&#8221; background_color_gradient_direction=&#8221;0deg&#8221; background_image=&#8221;https:\/\/www.elinesnel.com\/wp-content\/uploads\/2021\/02\/ElineSnel_Kikkervervolg.jpg&#8221; custom_padding=&#8221;11vw||0px||false|false&#8221; custom_padding_tablet=&#8221;&#8221; custom_padding_phone=&#8221;0vw||||false|false&#8221; global_colors_info=&#8221;{}&#8221;][et_pb_row custom_padding_last_edited=&#8221;on|phone&#8221; _builder_version=&#8221;4.5.1&#8243; custom_margin=&#8221;||||false|false&#8221; custom_padding=&#8221;||||false|false&#8221; custom_padding_tablet=&#8221;&#8221; custom_padding_phone=&#8221;0px||||false|false&#8221; global_colors_info=&#8221;{}&#8221;][et_pb_column type=&#8221;4_4&#8243; _builder_version=&#8221;4.5.1&#8243; global_colors_info=&#8221;{}&#8221;][et_pb_text _builder_version=&#8221;4.9.4&#8243; text_font=&#8221;Nunito Sans||||||||&#8221; text_text_color=&#8221;#006a52&#8243; text_font_size=&#8221;25px&#8221; text_line_height=&#8221;1.3em&#8221; header_font=&#8221;||||||||&#8221; header_text_color=&#8221;#0f7499&#8243; header_font_size=&#8221;32px&#8221; header_line_height=&#8221;1.4em&#8221; background_color=&#8221;#ffffff&#8221; transform_translate=&#8221;0px|84px&#8221; transform_translate_linked=&#8221;off&#8221; z_index=&#8221;1&#8243; text_orientation=&#8221;center&#8221; max_width=&#8221;850px&#8221; module_alignment=&#8221;center&#8221; custom_margin=&#8221;0px||||false|false&#8221; custom_margin_tablet=&#8221;&#8221; custom_margin_phone=&#8221;0px||||false|false&#8221; custom_margin_last_edited=&#8221;on|phone&#8221; custom_padding=&#8221;25px|25px|25px|25px|true|true&#8221; custom_padding_tablet=&#8221;&#8221; custom_padding_phone=&#8221;14px|15px|7px|15px|false|true&#8221; custom_padding_last_edited=&#8221;on|phone&#8221; animation_direction=&#8221;bottom&#8221; text_font_size_tablet=&#8221;&#8221; text_font_size_phone=&#8221;20px&#8221; text_font_size_last_edited=&#8221;on|phone&#8221; header_font_size_tablet=&#8221;&#8221; header_font_size_phone=&#8221;22px&#8221; header_font_size_last_edited=&#8221;on|phone&#8221; module_alignment_tablet=&#8221;&#8221; module_alignment_phone=&#8221;center&#8221; module_alignment_last_edited=&#8221;on|phone&#8221; border_width_top=&#8221;10px&#8221; border_color_top=&#8221;#329a37&#8243; border_width_top_tablet=&#8221;&#8221; border_width_top_phone=&#8221;6px&#8221; border_width_top_last_edited=&#8221;on|phone&#8221; box_shadow_style=&#8221;preset2&#8243; box_shadow_horizontal=&#8221;5px&#8221; box_shadow_vertical=&#8221;5px&#8221; box_shadow_blur=&#8221;5px&#8221; box_shadow_color=&#8221;rgba(0,0,0,0.15)&#8221; global_colors_info=&#8221;{}&#8221;]<\/p>\n<h1>COVID-19 <\/h1>\n<p>[\/et_pb_text][\/et_pb_column][\/et_pb_row][\/et_pb_section][et_pb_section fb_built=&#8221;1&#8243; fullwidth=&#8221;on&#8221; _builder_version=&#8221;4.5.1&#8243; _module_preset=&#8221;default&#8221; global_colors_info=&#8221;{}&#8221;][\/et_pb_section][et_pb_section fb_built=&#8221;1&#8243; disabled_on=&#8221;on|on|off&#8221; module_class=&#8221;toplijnen&#8221; _builder_version=&#8221;4.5.1&#8243; _module_preset=&#8221;default&#8221; custom_margin=&#8221;0px||0px||false|false&#8221; custom_padding=&#8221;0px||0px|||&#8221; global_colors_info=&#8221;{}&#8221;][et_pb_row column_structure=&#8221;1_2,1_2&#8243; use_custom_gutter=&#8221;on&#8221; gutter_width=&#8221;1&#8243; _builder_version=&#8221;4.5.1&#8243; _module_preset=&#8221;default&#8221; z_index=&#8221;1&#8243; width=&#8221;100%&#8221; max_width=&#8221;100%&#8221; custom_padding=&#8221;0px||0px||false|false&#8221; global_colors_info=&#8221;{}&#8221;][et_pb_column type=&#8221;1_2&#8243; _builder_version=&#8221;4.5.1&#8243; _module_preset=&#8221;default&#8221; border_width_top=&#8221;10px&#8221; border_color_top=&#8221;#9ac21e&#8221; global_colors_info=&#8221;{}&#8221;][\/et_pb_column][et_pb_column type=&#8221;1_2&#8243; _builder_version=&#8221;4.5.1&#8243; _module_preset=&#8221;default&#8221; border_width_top=&#8221;10px&#8221; border_color_top=&#8221;#0f7499&#8243; global_colors_info=&#8221;{}&#8221;][\/et_pb_column][\/et_pb_row][\/et_pb_section][et_pb_section fb_built=&#8221;1&#8243; custom_padding_last_edited=&#8221;off|desktop&#8221; background_color_gradient_end_1=&#8221;#c7cbd4&#8243; admin_label=&#8221;Two CTA Section&#8221; _builder_version=&#8221;4.5.1&#8243; background_enable_color=&#8221;off&#8221; background_image=&#8221;https:\/\/www.elinesnel.com\/wp-content\/uploads\/2021\/02\/ES_Grijs_Kikkerpoot-1.png&#8221; background_size=&#8221;initial&#8221; background_position=&#8221;top_left&#8221; custom_padding=&#8221;0px||0px||true&#8221; custom_padding_tablet=&#8221;20px||10px|&#8221; background_last_edited=&#8221;on|tablet&#8221; background_enable_image_tablet=&#8221;off&#8221; background_enable_image_phone=&#8221;off&#8221; global_colors_info=&#8221;{}&#8221;][et_pb_row custom_padding_last_edited=&#8221;on|phone&#8221; admin_label=&#8221;Mission Row&#8221; _builder_version=&#8221;4.5.1&#8243; custom_padding=&#8221;105px||75px||false|false&#8221; custom_padding_tablet=&#8221;&#8221; custom_padding_phone=&#8221;70px||75px||false|false&#8221; animation_direction=&#8221;left&#8221; locked=&#8221;off&#8221; global_colors_info=&#8221;{}&#8221;][et_pb_column type=&#8221;4_4&#8243; _builder_version=&#8221;3.25&#8243; custom_padding=&#8221;|||&#8221; global_colors_info=&#8221;{}&#8221; custom_padding__hover=&#8221;|||&#8221;][et_pb_text module_class=&#8221;introtekst&#8221; _builder_version=&#8221;4.9.4&#8243; text_font=&#8221;Nunito Sans||||||||&#8221; text_text_color=&#8221;#7a7c81&#8243; text_font_size=&#8221;20px&#8221; text_line_height=&#8221;2em&#8221; header_font=&#8221;||||||||&#8221; header_2_font=&#8221;BalooPaaji2|700|||||||&#8221; header_2_text_color=&#8221;#007398&#8243; header_2_font_size=&#8221;40px&#8221; header_2_line_height=&#8221;1.4em&#8221; header_5_font=&#8221;Rubik|700||on|||||&#8221; header_5_text_color=&#8221;#2b76df&#8221; header_5_letter_spacing=&#8221;5px&#8221; header_5_line_height=&#8221;1.5em&#8221; background_color=&#8221;#ffffff&#8221; text_orientation=&#8221;center&#8221; max_width=&#8221;700px&#8221; module_alignment=&#8221;center&#8221; custom_margin=&#8221;0px||40px|||&#8221; custom_margin_tablet=&#8221;0px|||&#8221; custom_margin_phone=&#8221;0px||0px||false|false&#8221; custom_margin_last_edited=&#8221;on|phone&#8221; animation_style=&#8221;slide&#8221; animation_direction=&#8221;bottom&#8221; text_font_size_tablet=&#8221;&#8221; text_font_size_phone=&#8221;16px&#8221; text_font_size_last_edited=&#8221;on|phone&#8221; text_line_height_tablet=&#8221;&#8221; text_line_height_phone=&#8221;1.6em&#8221; text_line_height_last_edited=&#8221;on|phone&#8221; header_2_font_size_tablet=&#8221;&#8221; header_2_font_size_phone=&#8221;30px&#8221; header_2_font_size_last_edited=&#8221;on|phone&#8221; global_colors_info=&#8221;{}&#8221;]<\/p>\n<p>T\u00fcm d\u00fcnya COVID-19 etkisi alt\u0131ndayken sizlerin ve bizlerin g\u00fcvenli\u011fi i\u00e7in ekstra \u00f6nlemler almam\u0131z gerekiyor. Neyse ki E\u011fitmenlik E\u011fitimlerimiz her daim s\u00fcrd\u00fcr\u00fclebiliyor. \u00c7ocuklar ya da ergenler i\u00e7in e\u011fitmenlik e\u011fitimleri, \u00e7evrim i\u00e7i aktar\u0131ma olduk\u00e7a uygun.<\/p>\n<p>[\/et_pb_text][\/et_pb_column][\/et_pb_row][\/et_pb_section][et_pb_section fb_built=&#8221;1&#8243; _builder_version=&#8221;4.5.1&#8243; background_color=&#8221;#eeeeee&#8221; background_enable_image=&#8221;off&#8221; background_size=&#8221;contain&#8221; background_position=&#8221;top_right&#8221; custom_margin=&#8221;4px|||||&#8221; custom_padding=&#8221;0px||15px|||&#8221; global_colors_info=&#8221;{}&#8221;][et_pb_row _builder_version=&#8221;4.5.1&#8243; _module_preset=&#8221;default&#8221; width=&#8221;100%&#8221; max_width=&#8221;100%&#8221; custom_margin=&#8221;|auto|-4px|auto||&#8221; custom_padding=&#8221;0px||0px|||&#8221; global_colors_info=&#8221;{}&#8221;][et_pb_column type=&#8221;4_4&#8243; _builder_version=&#8221;4.5.1&#8243; _module_preset=&#8221;default&#8221; global_colors_info=&#8221;{}&#8221;][et_pb_image src=&#8221;https:\/\/www.elinesnel.com\/wp-content\/uploads\/2020\/10\/ES_kikkerpootjes_middengroen_rechts.png&#8221; title_text=&#8221;ES_kikkerpootjes_middengroen_rechts&#8221; align=&#8221;right&#8221; _builder_version=&#8221;4.5.1&#8243; _module_preset=&#8221;default&#8221; transform_rotate=&#8221;0deg|0deg|10deg&#8221; max_width=&#8221;200px&#8221; max_width_tablet=&#8221;&#8221; max_width_phone=&#8221;110px&#8221; max_width_last_edited=&#8221;on|phone&#8221; custom_margin=&#8221;-40px||||false|false&#8221; custom_margin_tablet=&#8221;&#8221; custom_margin_phone=&#8221;-40px|10px|||false|false&#8221; custom_margin_last_edited=&#8221;on|phone&#8221; custom_padding=&#8221;|50px|||false|false&#8221; custom_padding_tablet=&#8221;&#8221; custom_padding_phone=&#8221;|10px|||false|false&#8221; custom_padding_last_edited=&#8221;on|phone&#8221; animation_style=&#8221;fold&#8221; module_alignment_tablet=&#8221;&#8221; module_alignment_phone=&#8221;&#8221; module_alignment_last_edited=&#8221;on|phone&#8221; global_colors_info=&#8221;{}&#8221;][\/et_pb_image][\/et_pb_column][\/et_pb_row][et_pb_row _builder_version=&#8221;4.5.1&#8243; max_width=&#8221;1300px&#8221; custom_padding=&#8221;60px||0px|||&#8221; animation_direction=&#8221;left&#8221; global_colors_info=&#8221;{}&#8221;][et_pb_column type=&#8221;4_4&#8243; _builder_version=&#8221;4.4.2&#8243; global_colors_info=&#8221;{}&#8221;][et_pb_text _builder_version=&#8221;4.11.3&#8243; text_font=&#8221;Nunito Sans|300|||||||&#8221; text_text_color=&#8221;#000000&#8243; text_font_size=&#8221;18px&#8221; text_line_height=&#8221;1.8em&#8221; background_color=&#8221;rgba(0,0,0,0)&#8221; z_index=&#8221;1&#8243; text_orientation=&#8221;center&#8221; max_width=&#8221;68%&#8221; max_width_tablet=&#8221;&#8221; max_width_phone=&#8221;100%&#8221; max_width_last_edited=&#8221;on|phone&#8221; module_alignment=&#8221;center&#8221; custom_margin=&#8221;||||false|false&#8221; custom_padding=&#8221;||21px|||&#8221; text_font_size_tablet=&#8221;&#8221; text_font_size_phone=&#8221;16px&#8221; text_font_size_last_edited=&#8221;on|phone&#8221; text_line_height_tablet=&#8221;&#8221; text_line_height_phone=&#8221;1.6em&#8221; text_line_height_last_edited=&#8221;on|phone&#8221; global_colors_info=&#8221;{}&#8221;]<\/p>\n<p>D\u00fcnya \u00e7ap\u0131nda Corona salg\u0131n\u0131 devam ederken herhangi bir e\u011fitmenlik e\u011fitimi, yeni COVID-19 tedbirleri nedeniyle son dakikada \u00e7evrim i\u00e7i e\u011fitime d\u00f6n\u00fc\u015febilir. B\u00f6ylece sizi, e\u011fitiminizin her ko\u015fulda yap\u0131labilece\u011fi konusunda temin edebiliriz. Anlay\u0131\u015f\u0131n\u0131z ve esnekli\u011finiz i\u00e7in te\u015fekk\u00fcr ederiz. Bu konuyla ilgili sorular\u0131n\u0131z oldu\u011fu takdirde l\u00fctfen bizimle ileti\u015fime ge\u00e7in.<\/p>\n<p>&nbsp;<\/p>\n<p>\u00c7evrim i\u00e7i e\u011fitimlerimiz daima canl\u0131d\u0131r. Hi\u00e7bir \u015fey kay\u0131ttan yay\u0131nlanmaz. \u00c7evrim i\u00e7i e\u011fitimlerimiz i\u00e7in l\u00fctfen <a href=\"https:\/\/www.elinesnel.com\/tr\/egitimler\/\"><u>buraya t\u0131klay\u0131n<\/u><\/a>. COVID-19 pandemisi s\u0131ras\u0131nda e\u011fitimin yer ald\u0131\u011f\u0131 b\u00f6lgedeki COVID-19 \u00f6nlemlerini uygulaman\u0131z\u0131 \u00f6nemle rica ederiz.<\/p>\n<p>[\/et_pb_text][\/et_pb_column][\/et_pb_row][et_pb_row _builder_version=&#8221;4.5.1&#8243; _module_preset=&#8221;default&#8221; width=&#8221;100%&#8221; max_width=&#8221;100%&#8221; custom_margin=&#8221;2px|auto|-17px|auto||&#8221; custom_padding=&#8221;0px||21px|||&#8221; global_colors_info=&#8221;{}&#8221;][et_pb_column type=&#8221;4_4&#8243; _builder_version=&#8221;4.5.1&#8243; _module_preset=&#8221;default&#8221; global_colors_info=&#8221;{}&#8221;][et_pb_image src=&#8221;https:\/\/www.elinesnel.com\/wp-content\/uploads\/2020\/10\/ES_kikkerpootjes_middengroen.png&#8221; title_text=&#8221;ES_kikkerpootjes_middengroen&#8221; _builder_version=&#8221;4.5.1&#8243; _module_preset=&#8221;default&#8221; transform_rotate=&#8221;0deg|0deg|-14deg&#8221; z_index=&#8221;0&#8243; max_width=&#8221;200px&#8221; max_width_tablet=&#8221;&#8221; max_width_phone=&#8221;100px&#8221; max_width_last_edited=&#8221;on|phone&#8221; custom_margin_tablet=&#8221;&#8221; custom_margin_phone=&#8221;||-20px|0px|false|false&#8221; custom_margin_last_edited=&#8221;on|phone&#8221; custom_padding=&#8221;|||50px|false|false&#8221; custom_padding_tablet=&#8221;&#8221; custom_padding_phone=&#8221;10px|||20px|false|false&#8221; custom_padding_last_edited=&#8221;on|phone&#8221; animation_style=&#8221;fold&#8221; global_colors_info=&#8221;{}&#8221;][\/et_pb_image][\/et_pb_column][\/et_pb_row][\/et_pb_section][et_pb_section fb_built=&#8221;1&#8243; _builder_version=&#8221;4.5.1&#8243; _module_preset=&#8221;default&#8221; custom_padding=&#8221;0px|||||&#8221; global_colors_info=&#8221;{}&#8221;][et_pb_row _builder_version=&#8221;4.5.1&#8243; _module_preset=&#8221;default&#8221; custom_padding=&#8221;80px|||||&#8221; global_colors_info=&#8221;{}&#8221;][et_pb_column type=&#8221;4_4&#8243; _builder_version=&#8221;4.5.1&#8243; _module_preset=&#8221;default&#8221; global_colors_info=&#8221;{}&#8221;][et_pb_text module_class=&#8221;introtekst&#8221; _builder_version=&#8221;4.11.3&#8243; text_font=&#8221;Nunito Sans||||||||&#8221; text_text_color=&#8221;#7a7c81&#8243; text_font_size=&#8221;20px&#8221; text_line_height=&#8221;2em&#8221; header_font=&#8221;||||||||&#8221; header_2_font=&#8221;BalooPaaji2|700|||||||&#8221; header_2_text_color=&#8221;#007398&#8243; header_2_font_size=&#8221;40px&#8221; header_2_line_height=&#8221;1.4em&#8221; header_5_font=&#8221;Rubik|700||on|||||&#8221; header_5_text_color=&#8221;#2b76df&#8221; header_5_letter_spacing=&#8221;5px&#8221; header_5_line_height=&#8221;1.5em&#8221; background_color=&#8221;#ffffff&#8221; text_orientation=&#8221;center&#8221; max_width=&#8221;700px&#8221; module_alignment=&#8221;center&#8221; custom_margin=&#8221;0px||-2px|||&#8221; custom_margin_tablet=&#8221;0px|||&#8221; custom_margin_phone=&#8221;0px||0px||false|false&#8221; custom_margin_last_edited=&#8221;on|phone&#8221; animation_style=&#8221;slide&#8221; animation_direction=&#8221;bottom&#8221; text_font_size_tablet=&#8221;&#8221; text_font_size_phone=&#8221;16px&#8221; text_font_size_last_edited=&#8221;on|phone&#8221; text_line_height_tablet=&#8221;&#8221; text_line_height_phone=&#8221;1.6em&#8221; text_line_height_last_edited=&#8221;on|phone&#8221; header_2_font_size_tablet=&#8221;&#8221; header_2_font_size_phone=&#8221;30px&#8221; header_2_font_size_last_edited=&#8221;on|phone&#8221; global_colors_info=&#8221;{}&#8221;]<\/p>\n<p>Di\u011fer \u00f6nlemlerin yan\u0131 s\u0131ra:<\/p>\n<p><strong>&#8211; E\u011fitim mek\u00e2n\u0131ndaki sosyal mesafe kurallar\u0131na kesinlikle uyun.<\/strong><\/p>\n<p><strong>&#8211; Oturdu\u011funuz yerden kalkarken maske kullan\u0131n. Yaln\u0131zca otururken maskenizi \u00e7\u0131karabilirsiniz.<\/strong><\/p>\n<p><strong>&#8211; \u00d6ks\u00fcr\u00fck, bo\u011faz a\u011fr\u0131s\u0131, burun ak\u0131nt\u0131s\u0131, ate\u015f gibi semptomlar g\u00f6sterirseniz muhakkak bize haber verin ve evde kal\u0131n.<\/strong><\/p>\n<p>[\/et_pb_text][\/et_pb_column][\/et_pb_row][\/et_pb_section][et_pb_section fb_built=&#8221;1&#8243; _builder_version=&#8221;4.5.1&#8243; _module_preset=&#8221;default&#8221; background_color=&#8221;#eeeeee&#8221; custom_margin=&#8221;||45px||false|false&#8221; custom_padding=&#8221;0px||25px||false|false&#8221; global_colors_info=&#8221;{}&#8221;][et_pb_row column_structure=&#8221;1_3,1_3,1_3&#8243; _builder_version=&#8221;4.5.1&#8243; _module_preset=&#8221;default&#8221; custom_padding=&#8221;40px|||||&#8221; global_colors_info=&#8221;{}&#8221;][et_pb_column type=&#8221;1_3&#8243; _builder_version=&#8221;4.5.1&#8243; _dynamic_attributes=&#8221;link_option_url&#8221; _module_preset=&#8221;default&#8221; background_color=&#8221;#ffffff&#8221; link_option_url=&#8221;@ET-DC@eyJkeW5hbWljIjp0cnVlLCJjb250ZW50IjoicG9zdF9saW5rX3VybF9wYWdlIiwic2V0dGluZ3MiOnsicG9zdF9pZCI6IjE0NSJ9fQ==@&#8221; border_width_top=&#8221;5px&#8221; border_color_top=&#8221;#99c221&#8243; global_colors_info=&#8221;{}&#8221; transform_styles__hover_enabled=&#8221;on|hover&#8221; transform_scale__hover_enabled=&#8221;on|hover&#8221; transform_translate__hover_enabled=&#8221;on|desktop&#8221; transform_rotate__hover_enabled=&#8221;on|desktop&#8221; transform_skew__hover_enabled=&#8221;on|desktop&#8221; transform_origin__hover_enabled=&#8221;on|desktop&#8221; transform_scale__hover=&#8221;102%|102%&#8221;][et_pb_text _builder_version=&#8221;4.9.4&#8243; _module_preset=&#8221;default&#8221; text_font=&#8221;|||on|||||&#8221; text_text_color=&#8221;#007398&#8243; text_font_size=&#8221;24px&#8221; text_line_height=&#8221;1.4em&#8221; text_orientation=&#8221;center&#8221; custom_margin=&#8221;21px||21px|||&#8221; text_font_size_tablet=&#8221;&#8221; text_font_size_phone=&#8221;20px&#8221; text_font_size_last_edited=&#8221;on|phone&#8221; global_colors_info=&#8221;{}&#8221;]G\u00fcndem[\/et_pb_text][\/et_pb_column][et_pb_column type=&#8221;1_3&#8243; _builder_version=&#8221;4.5.1&#8243; _dynamic_attributes=&#8221;link_option_url&#8221; _module_preset=&#8221;default&#8221; background_color=&#8221;#ffffff&#8221; link_option_url=&#8221;@ET-DC@eyJkeW5hbWljIjp0cnVlLCJjb250ZW50IjoicG9zdF9saW5rX3VybF9wYWdlIiwic2V0dGluZ3MiOnsicG9zdF9pZCI6IjMxNyJ9fQ==@&#8221; border_color_all=&#8221;#329a37&#8243; border_width_top=&#8221;5px&#8221; border_color_top=&#8221;#006a52&#8243; global_colors_info=&#8221;{}&#8221; transform_styles__hover_enabled=&#8221;on|hover&#8221; transform_scale__hover_enabled=&#8221;on|hover&#8221; transform_translate__hover_enabled=&#8221;on|desktop&#8221; transform_rotate__hover_enabled=&#8221;on|desktop&#8221; transform_skew__hover_enabled=&#8221;on|desktop&#8221; transform_origin__hover_enabled=&#8221;on|desktop&#8221; transform_scale__hover=&#8221;102%|102%&#8221;][et_pb_text _builder_version=&#8221;4.11.3&#8243; _dynamic_attributes=&#8221;link_option_url&#8221; _module_preset=&#8221;default&#8221; text_font=&#8221;|||on|||||&#8221; text_text_color=&#8221;#007398&#8243; text_font_size=&#8221;24px&#8221; text_line_height=&#8221;1.4em&#8221; text_orientation=&#8221;center&#8221; custom_margin=&#8221;21px||21px|||&#8221; link_option_url=&#8221;@ET-DC@eyJkeW5hbWljIjp0cnVlLCJjb250ZW50IjoicG9zdF9saW5rX3VybF9wYWdlIiwic2V0dGluZ3MiOnsicG9zdF9pZCI6IjMxNyJ9fQ==@&#8221; text_font_size_tablet=&#8221;&#8221; text_font_size_phone=&#8221;20px&#8221; text_font_size_last_edited=&#8221;on|phone&#8221; global_colors_info=&#8221;{}&#8221;]<\/p>\n<p>Kay\u0131t ol<\/p>\n<p>[\/et_pb_text][\/et_pb_column][et_pb_column type=&#8221;1_3&#8243; _builder_version=&#8221;4.5.1&#8243; _dynamic_attributes=&#8221;link_option_url&#8221; _module_preset=&#8221;default&#8221; background_color=&#8221;#ffffff&#8221; link_option_url=&#8221;@ET-DC@eyJkeW5hbWljIjp0cnVlLCJjb250ZW50IjoicG9zdF9saW5rX3VybF9wYWdlIiwic2V0dGluZ3MiOnsicG9zdF9pZCI6IjQ3OTUifX0=@&#8221; border_width_top=&#8221;5px&#8221; border_color_top=&#8221;#007398&#8243; global_colors_info=&#8221;{}&#8221; transform_styles__hover_enabled=&#8221;on|hover&#8221; transform_scale__hover_enabled=&#8221;on|hover&#8221; transform_translate__hover_enabled=&#8221;on|desktop&#8221; transform_rotate__hover_enabled=&#8221;on|desktop&#8221; transform_skew__hover_enabled=&#8221;on|desktop&#8221; transform_origin__hover_enabled=&#8221;on|desktop&#8221; transform_scale__hover=&#8221;102%|102%&#8221;][et_pb_text _builder_version=&#8221;4.11.3&#8243; _dynamic_attributes=&#8221;link_option_url&#8221; _module_preset=&#8221;default&#8221; text_font=&#8221;|||on|||||&#8221; text_text_color=&#8221;#007398&#8243; text_font_size=&#8221;24px&#8221; text_line_height=&#8221;1.4em&#8221; text_orientation=&#8221;center&#8221; custom_margin=&#8221;21px||21px|||&#8221; link_option_url=&#8221;@ET-DC@eyJkeW5hbWljIjp0cnVlLCJjb250ZW50IjoicG9zdF9saW5rX3VybF9wYWdlIiwic2V0dGluZ3MiOnsicG9zdF9pZCI6IjQ3OTUifX0=@&#8221; hover_enabled=&#8221;0&#8243; text_font_size_tablet=&#8221;&#8221; text_font_size_phone=&#8221;20px&#8221; text_font_size_last_edited=&#8221;on|phone&#8221; global_colors_info=&#8221;{}&#8221; sticky_enabled=&#8221;0&#8243;]TEMAS[\/et_pb_text][\/et_pb_column][\/et_pb_row][\/et_pb_section]<\/p>\n","protected":false},"excerpt":{"rendered":"<p>COVID-19 T\u00fcm d\u00fcnya COVID-19 etkisi alt\u0131ndayken sizlerin ve bizlerin g\u00fcvenli\u011fi i\u00e7in ekstra \u00f6nlemler almam\u0131z gerekiyor. Neyse ki E\u011fitmenlik E\u011fitimlerimiz her daim s\u00fcrd\u00fcr\u00fclebiliyor. \u00c7ocuklar ya da ergenler i\u00e7in e\u011fitmenlik e\u011fitimleri, \u00e7evrim i\u00e7i aktar\u0131ma olduk\u00e7a uygun.D\u00fcnya \u00e7ap\u0131nda Corona salg\u0131n\u0131 devam ederken herhangi bir e\u011fitmenlik e\u011fitimi, yeni COVID-19 tedbirleri nedeniyle son dakikada \u00e7evrim i\u00e7i e\u011fitime d\u00f6n\u00fc\u015febilir. B\u00f6ylece sizi, [&hellip;]<\/p>\n","protected":false},"author":12,"featured_media":0,"parent":0,"menu_order":0,"comment_status":"closed","ping_status":"closed","template":"","meta":{"_et_pb_use_builder":"on","_et_pb_old_content":"","_et_gb_content_width":"","footnotes":""},"class_list":["post-7720","page","type-page","status-publish","hentry"],"_links":{"self":[{"href":"https:\/\/www.elinesnel.com\/tr\/wp-json\/wp\/v2\/pages\/7720","targetHints":{"allow":["GET"]}}],"collection":[{"href":"https:\/\/www.elinesnel.com\/tr\/wp-json\/wp\/v2\/pages"}],"about":[{"href":"https:\/\/www.elinesnel.com\/tr\/wp-json\/wp\/v2\/types\/page"}],"author":[{"embeddable":true,"href":"https:\/\/www.elinesnel.com\/tr\/wp-json\/wp\/v2\/users\/12"}],"replies":[{"embeddable":true,"href":"https:\/\/www.elinesnel.com\/tr\/wp-json\/wp\/v2\/comments?post=7720"}],"version-history":[{"count":0,"href":"https:\/\/www.elinesnel.com\/tr\/wp-json\/wp\/v2\/pages\/7720\/revisions"}],"wp:attachment":[{"href":"https:\/\/www.elinesnel.com\/tr\/wp-json\/wp\/v2\/media?parent=7720"}],"curies":[{"name":"wp","href":"https:\/\/api.w.org\/{rel}","templated":true}]}}