{"id":7607,"date":"2021-05-31T13:18:02","date_gmt":"2021-05-31T11:18:02","guid":{"rendered":"https:\/\/www.elinesnel.com\/?page_id=7607"},"modified":"2021-10-19T12:17:22","modified_gmt":"2021-10-19T10:17:22","slug":"egitimler-ve-post-akademik-gunler-genel-kosullar","status":"publish","type":"page","link":"https:\/\/www.elinesnel.com\/tr\/egitimler-ve-post-akademik-gunler-genel-kosullar\/","title":{"rendered":"E\u011fitimler ve Post-Akademik G\u00fcnler \u2013 Genel Ko\u015fullar"},"content":{"rendered":"<p>[et_pb_section fb_built=&#8221;1&#8243; custom_padding_last_edited=&#8221;on|phone&#8221; module_class=&#8221;vervolgtitel&#8221; _builder_version=&#8221;4.5.1&#8243; _module_preset=&#8221;default&#8221; background_color_gradient_direction=&#8221;0deg&#8221; background_image=&#8221;https:\/\/www.elinesnel.com\/wp-content\/uploads\/2020\/11\/Eline-snel_Webbanner-2000x400Nov8.jpg&#8221; custom_padding=&#8221;11vw||0px||false|false&#8221; custom_padding_tablet=&#8221;&#8221; custom_padding_phone=&#8221;0vw||||false|false&#8221; global_colors_info=&#8221;{}&#8221;][et_pb_row custom_padding_last_edited=&#8221;on|phone&#8221; _builder_version=&#8221;4.5.1&#8243; custom_margin=&#8221;||||false|false&#8221; custom_padding=&#8221;||||false|false&#8221; custom_padding_tablet=&#8221;&#8221; custom_padding_phone=&#8221;0px||||false|false&#8221; global_colors_info=&#8221;{}&#8221;][et_pb_column type=&#8221;4_4&#8243; _builder_version=&#8221;4.5.1&#8243; global_colors_info=&#8221;{}&#8221;][et_pb_text _builder_version=&#8221;4.9.4&#8243; text_font=&#8221;Nunito Sans||||||||&#8221; text_text_color=&#8221;#006a52&#8243; text_font_size=&#8221;25px&#8221; text_line_height=&#8221;1.3em&#8221; header_font=&#8221;||||||||&#8221; header_text_color=&#8221;#0f7499&#8243; header_font_size=&#8221;32px&#8221; header_line_height=&#8221;1.4em&#8221; background_color=&#8221;#ffffff&#8221; transform_translate=&#8221;0px|84px&#8221; transform_translate_linked=&#8221;off&#8221; z_index=&#8221;1&#8243; text_orientation=&#8221;center&#8221; max_width=&#8221;850px&#8221; module_alignment=&#8221;center&#8221; custom_margin=&#8221;0px||||false|false&#8221; custom_margin_tablet=&#8221;&#8221; custom_margin_phone=&#8221;0px||||false|false&#8221; custom_margin_last_edited=&#8221;on|phone&#8221; custom_padding=&#8221;25px|25px|25px|25px|true|true&#8221; custom_padding_tablet=&#8221;&#8221; custom_padding_phone=&#8221;14px|15px|7px|15px|false|true&#8221; custom_padding_last_edited=&#8221;on|phone&#8221; animation_direction=&#8221;bottom&#8221; text_font_size_tablet=&#8221;&#8221; text_font_size_phone=&#8221;20px&#8221; text_font_size_last_edited=&#8221;on|phone&#8221; header_font_size_tablet=&#8221;&#8221; header_font_size_phone=&#8221;22px&#8221; header_font_size_last_edited=&#8221;on|phone&#8221; module_alignment_tablet=&#8221;&#8221; module_alignment_phone=&#8221;center&#8221; module_alignment_last_edited=&#8221;on|phone&#8221; border_width_top=&#8221;10px&#8221; border_color_top=&#8221;#329a37&#8243; border_width_top_tablet=&#8221;&#8221; border_width_top_phone=&#8221;6px&#8221; border_width_top_last_edited=&#8221;on|phone&#8221; box_shadow_style=&#8221;preset2&#8243; box_shadow_horizontal=&#8221;5px&#8221; box_shadow_vertical=&#8221;5px&#8221; box_shadow_blur=&#8221;5px&#8221; box_shadow_color=&#8221;rgba(0,0,0,0.15)&#8221; global_colors_info=&#8221;{}&#8221;]<\/p>\n<h1>E\u011e\u0130T\u0130MLER VE POST-AKADEM\u0130K G\u00dcNLER \u2013 <br \/>GENEL KO\u015eULLAR<\/h1>\n<p>[\/et_pb_text][\/et_pb_column][\/et_pb_row][\/et_pb_section][et_pb_section fb_built=&#8221;1&#8243; fullwidth=&#8221;on&#8221; _builder_version=&#8221;4.5.1&#8243; _module_preset=&#8221;default&#8221; global_colors_info=&#8221;{}&#8221;][\/et_pb_section][et_pb_section fb_built=&#8221;1&#8243; disabled_on=&#8221;on|on|off&#8221; module_class=&#8221;toplijnen&#8221; _builder_version=&#8221;4.5.1&#8243; _module_preset=&#8221;default&#8221; custom_margin=&#8221;0px||0px||false|false&#8221; custom_padding=&#8221;0px||0px|||&#8221; global_colors_info=&#8221;{}&#8221;][et_pb_row column_structure=&#8221;1_2,1_2&#8243; use_custom_gutter=&#8221;on&#8221; gutter_width=&#8221;1&#8243; _builder_version=&#8221;4.5.1&#8243; _module_preset=&#8221;default&#8221; z_index=&#8221;1&#8243; width=&#8221;100%&#8221; max_width=&#8221;100%&#8221; custom_padding=&#8221;0px||0px||false|false&#8221; global_colors_info=&#8221;{}&#8221;][et_pb_column type=&#8221;1_2&#8243; _builder_version=&#8221;4.5.1&#8243; _module_preset=&#8221;default&#8221; border_width_top=&#8221;10px&#8221; border_color_top=&#8221;#9ac21e&#8221; global_colors_info=&#8221;{}&#8221;][\/et_pb_column][et_pb_column type=&#8221;1_2&#8243; _builder_version=&#8221;4.5.1&#8243; _module_preset=&#8221;default&#8221; border_width_top=&#8221;10px&#8221; border_color_top=&#8221;#0f7499&#8243; global_colors_info=&#8221;{}&#8221;][\/et_pb_column][\/et_pb_row][\/et_pb_section][et_pb_section fb_built=&#8221;1&#8243; custom_padding_last_edited=&#8221;off|desktop&#8221; background_color_gradient_end_1=&#8221;#c7cbd4&#8243; admin_label=&#8221;Two CTA Section&#8221; _builder_version=&#8221;4.5.1&#8243; background_enable_color=&#8221;off&#8221; background_enable_image=&#8221;off&#8221; background_size=&#8221;initial&#8221; background_position=&#8221;top_left&#8221; custom_padding=&#8221;0px||0px||true&#8221; custom_padding_tablet=&#8221;20px||10px|&#8221; background_last_edited=&#8221;on|tablet&#8221; background_enable_image_tablet=&#8221;off&#8221; background_enable_image_phone=&#8221;off&#8221; global_colors_info=&#8221;{}&#8221;][et_pb_row custom_padding_last_edited=&#8221;on|phone&#8221; admin_label=&#8221;Mission Row&#8221; _builder_version=&#8221;4.5.1&#8243; custom_padding=&#8221;105px||75px||false|false&#8221; custom_padding_tablet=&#8221;&#8221; custom_padding_phone=&#8221;70px||75px||false|false&#8221; animation_direction=&#8221;left&#8221; locked=&#8221;off&#8221; global_colors_info=&#8221;{}&#8221;][et_pb_column type=&#8221;4_4&#8243; _builder_version=&#8221;3.25&#8243; custom_padding=&#8221;|||&#8221; global_colors_info=&#8221;{}&#8221; custom_padding__hover=&#8221;|||&#8221;][et_pb_text module_class=&#8221;introtekst&#8221; _builder_version=&#8221;4.9.4&#8243; text_font=&#8221;|700|||||||&#8221; text_text_color=&#8221;#329a37&#8243; text_font_size=&#8221;26px&#8221; text_line_height=&#8221;1.4em&#8221; header_font=&#8221;||||||||&#8221; header_2_font=&#8221;BalooPaaji2|700|||||||&#8221; header_2_text_color=&#8221;#007398&#8243; header_2_font_size=&#8221;40px&#8221; header_2_line_height=&#8221;1.4em&#8221; header_5_font=&#8221;Rubik|700||on|||||&#8221; header_5_text_color=&#8221;#2b76df&#8221; header_5_letter_spacing=&#8221;5px&#8221; header_5_line_height=&#8221;1.5em&#8221; module_alignment=&#8221;center&#8221; custom_margin=&#8221;0px||14px|||&#8221; custom_margin_tablet=&#8221;0px|||&#8221; custom_margin_phone=&#8221;25px||0px||false|false&#8221; custom_margin_last_edited=&#8221;on|phone&#8221; animation_style=&#8221;slide&#8221; animation_direction=&#8221;bottom&#8221; text_font_size_tablet=&#8221;&#8221; text_font_size_phone=&#8221;16px&#8221; text_font_size_last_edited=&#8221;on|phone&#8221; text_line_height_tablet=&#8221;&#8221; text_line_height_phone=&#8221;1.6em&#8221; text_line_height_last_edited=&#8221;on|phone&#8221; header_2_font_size_tablet=&#8221;&#8221; header_2_font_size_phone=&#8221;30px&#8221; header_2_font_size_last_edited=&#8221;on|phone&#8221; global_colors_info=&#8221;{}&#8221;]Eline Snel b.v. E\u011fitimleri \u2013 Genel Ko\u015fullar[\/et_pb_text][et_pb_text _builder_version=&#8221;4.11.3&#8243; _module_preset=&#8221;default&#8221; text_font_size=&#8221;18px&#8221; text_line_height=&#8221;1.4em&#8221; hover_enabled=&#8221;0&#8243; text_font_size_tablet=&#8221;&#8221; text_font_size_phone=&#8221;16px&#8221; text_font_size_last_edited=&#8221;on|phone&#8221; global_colors_info=&#8221;{}&#8221; sticky_enabled=&#8221;0&#8243;]<\/p>\n<p>Herhangi bir nedenden \u00f6t\u00fcr\u00fc belirli al\u0131\u015ft\u0131rmalara kat\u0131lamayacak durumda oldu\u011funuz ya da kat\u0131lmak istemedi\u011finiz takdirde buna zorunlu de\u011filsiniz. Bu al\u0131\u015ft\u0131rmalar\u0131n neticesinde olu\u015fabilecek herhangi bir incinmeden e\u011fitmen sorumlu de\u011fildir.<\/p>\n<p>&nbsp;<\/p>\n<h3><strong>Kat\u0131l\u0131m ve iptal ko\u015fullar\u0131<\/strong><\/h3>\n<ol>\n<li>Ba\u015fvurular\u0131, web sitemize yap\u0131lan ba\u015fvuru s\u0131ras\u0131na g\u00f6re de\u011ferlendiririz. Tamamlanm\u0131\u015f formunuz ve y\u00f6netim \u00fccreti olan \u20ac75 teslim al\u0131nd\u0131ktan sonra sizi kay\u0131t g\u00f6r\u00fc\u015fmesine davet ederiz. Kayd\u0131n\u0131z kabul edildi\u011finde y\u00f6netim \u00fccretini kurs \u00fccretinden d\u00fc\u015feriz ve size e-posta ile fatura g\u00f6ndeririz. Kar\u015f\u0131l\u0131kl\u0131 anla\u015fma neticesinde kay\u0131t tamamlanm\u0131\u015f olur.<\/li>\n<li>Herhangi bir e\u011fitim ya da post-akademik g\u00fcn i\u00e7in web sitesinden kayd\u0131n\u0131z\u0131 yapt\u0131ktan sonra iptal ederseniz \u20ac50 iptal bedeli kesilir.<\/li>\n<li>Herhangi bir e\u011fitimin ya da post-akademik g\u00fcn\u00fcn ba\u015flang\u0131c\u0131ndan iki ay \u00f6nce kayd\u0131n\u0131z\u0131 iptal ederseniz %50 iptal bedeli kesilir.<\/li>\n<li>Herhangi bir e\u011fitimin ba\u015flang\u0131c\u0131na iki aydan daha az bir s\u00fcre kala kayd\u0131n\u0131z\u0131 iptal ederseniz %100 iptal bedeli kesilir.<\/li>\n<li>Herhangi bir post-akademik g\u00fcn\u00fcn ya da at\u00f6lye \u00e7al\u0131\u015fmas\u0131n\u0131n ba\u015flang\u0131c\u0131na iki haftadan daha az bir s\u00fcre kala kayd\u0131n\u0131z\u0131 iptal ederseniz %100 iptal bedeli kesilir.<\/li>\n<li>Kay\u0131t iptalleri e-posta ile bildirilmelidir.<\/li>\n<li>S\u00fcpervizyon g\u00f6r\u00fc\u015fmeleri i\u00e7in talep ve iptaller e-posta ile bildirilmelidir. S\u00fcpervizyon g\u00f6r\u00fc\u015fmesine kat\u0131lamayaca\u011f\u0131n\u0131z\u0131, g\u00f6r\u00fc\u015fmeye en az 24 saat kala bildirmedi\u011finiz takdirde g\u00f6r\u00fc\u015fme \u00fccretinin tamam\u0131n\u0131 \u00f6demek durumunda kal\u0131rs\u0131n\u0131z.<\/li>\n<li>Herhangi bir e\u011fitimi, kat\u0131l\u0131mc\u0131 say\u0131s\u0131n\u0131n yetersiz olmas\u0131 durumunda iptal etti\u011fimiz takdirde, e\u011fitim \u00fccretini iade ederiz.<\/li>\n<li>Herhangi bir etkinli\u011fi iptal etti\u011fimiz ve bunun bilgisini en az iki ay \u00f6ncesinden e-posta ile yaz\u0131l\u0131 olarak haber verdi\u011fimiz takdirde seyahat masraflar\u0131n\u0131 tazmin etmeyiz.<\/li>\n<li>Sundu\u011fumuz servisle ilgili her hangi bir konuda memnun kalmad\u0131\u011f\u0131n\u0131z takdirde <u>\u015fik\u00e2yet prosed\u00fcr\u00fc<\/u> \u00e7er\u00e7evesinde \u015fik\u00e2yetinizi bildirebilirsiniz.<\/li>\n<li>Kayd\u0131n\u0131z\u0131 yapt\u0131rd\u0131ktan sonra iki haftal\u0131k yasal bekleme s\u00fcresi zarf\u0131nda herhangi bir tazminat \u00f6demeden kayd\u0131n\u0131z\u0131 geri \u00e7ekebilirsiniz.<\/li>\n<li>T\u00fcm ki\u015fisel bilgileriniz, bilginin i\u00e7eri\u011fine ba\u011fl\u0131 olarak gizli tutulmas\u0131n\u0131n gereklili\u011fi a\u015fik\u00e2r oldu\u011fu takdirde \u2013 ya da durum a\u015fik\u00e2r de\u011filse gizli tutulmas\u0131 gerekti\u011fini bildirdi\u011finiz takdirde \u2013 t\u00fcm \u00e7al\u0131\u015fanlar\u0131m\u0131z ve e\u011fitmenlerimiz taraf\u0131ndan gizli tutulacakt\u0131r.<\/li>\n<li>T\u00fcm Method Eline Snel e\u011fitim materyalinin telif hakk\u0131 sakl\u0131d\u0131r. E\u011fitim materyalini \u015fahsi e\u011fitimleriniz ya da herhangi bir ama\u00e7 i\u00e7in kopyalamaman\u0131z, satmaman\u0131z ya da herhangi bir b\u00f6l\u00fcm\u00fcn\u00fc kullanmaman\u0131z gerekir.<\/li>\n<li>T\u00fcm e\u011fitim materyalinin m\u00fclkiyeti Eline Snel&#8217;e aittir.<\/li>\n<li>Hollanda h\u00fck\u00fcmetinin Covid \u00f6nlemlerine uymaktay\u0131z. Bu nedenle y\u00fcz y\u00fcze e\u011fitim sunamad\u0131\u011f\u0131m\u0131z takdirde \u00e7evrim i\u00e7i e\u011fitim sunar\u0131z. \u00c7evrim i\u00e7i e\u011fitim i\u00e7eri\u011finin y\u00fcz y\u00fcze e\u011fitim i\u00e7eri\u011fi ile ayn\u0131 nitelikte olaca\u011f\u0131n\u0131 garanti ederiz.<\/li>\n<\/ol>\n<p>[\/et_pb_text][\/et_pb_column][\/et_pb_row][\/et_pb_section]<\/p>\n","protected":false},"excerpt":{"rendered":"<p>E\u011e\u0130T\u0130MLER VE POST-AKADEM\u0130K G\u00dcNLER \u2013 GENEL KO\u015eULLAREline Snel b.v. E\u011fitimleri \u2013 Genel Ko\u015fullarHerhangi bir nedenden \u00f6t\u00fcr\u00fc belirli al\u0131\u015ft\u0131rmalara kat\u0131lamayacak durumda oldu\u011funuz ya da kat\u0131lmak istemedi\u011finiz takdirde buna zorunlu de\u011filsiniz. Bu al\u0131\u015ft\u0131rmalar\u0131n neticesinde olu\u015fabilecek herhangi bir incinmeden e\u011fitmen sorumlu de\u011fildir. &nbsp; Kat\u0131l\u0131m ve iptal ko\u015fullar\u0131 Ba\u015fvurular\u0131, web sitemize yap\u0131lan ba\u015fvuru s\u0131ras\u0131na g\u00f6re de\u011ferlendiririz. Tamamlanm\u0131\u015f formunuz ve [&hellip;]<\/p>\n","protected":false},"author":12,"featured_media":0,"parent":0,"menu_order":0,"comment_status":"closed","ping_status":"closed","template":"","meta":{"_et_pb_use_builder":"on","_et_pb_old_content":"","_et_gb_content_width":"","footnotes":""},"class_list":["post-7607","page","type-page","status-publish","hentry"],"_links":{"self":[{"href":"https:\/\/www.elinesnel.com\/tr\/wp-json\/wp\/v2\/pages\/7607","targetHints":{"allow":["GET"]}}],"collection":[{"href":"https:\/\/www.elinesnel.com\/tr\/wp-json\/wp\/v2\/pages"}],"about":[{"href":"https:\/\/www.elinesnel.com\/tr\/wp-json\/wp\/v2\/types\/page"}],"author":[{"embeddable":true,"href":"https:\/\/www.elinesnel.com\/tr\/wp-json\/wp\/v2\/users\/12"}],"replies":[{"embeddable":true,"href":"https:\/\/www.elinesnel.com\/tr\/wp-json\/wp\/v2\/comments?post=7607"}],"version-history":[{"count":0,"href":"https:\/\/www.elinesnel.com\/tr\/wp-json\/wp\/v2\/pages\/7607\/revisions"}],"wp:attachment":[{"href":"https:\/\/www.elinesnel.com\/tr\/wp-json\/wp\/v2\/media?parent=7607"}],"curies":[{"name":"wp","href":"https:\/\/api.w.org\/{rel}","templated":true}]}}