{"id":8074,"date":"2020-04-28T14:37:00","date_gmt":"2020-04-28T12:37:00","guid":{"rendered":"https:\/\/www.elinesnel.com\/?page_id=8074"},"modified":"2024-09-30T14:24:18","modified_gmt":"2024-09-30T12:24:18","slug":"ordre-du-jour","status":"publish","type":"page","link":"https:\/\/www.elinesnel.com\/fr\/ordre-du-jour\/","title":{"rendered":"Ordre du jour"},"content":{"rendered":"<p>[et_pb_section fb_built=\u00a0\u00bb1&Prime; _builder_version=\u00a0\u00bb4.16&Prime; global_colors_info=\u00a0\u00bb{}\u00a0\u00bb theme_builder_area=\u00a0\u00bbpost_content\u00a0\u00bb][et_pb_row _builder_version=\u00a0\u00bb4.16&Prime; global_colors_info=\u00a0\u00bb{}\u00a0\u00bb theme_builder_area=\u00a0\u00bbpost_content\u00a0\u00bb][et_pb_column type=\u00a0\u00bb4_4&Prime; _builder_version=\u00a0\u00bb4.16&Prime; global_colors_info=\u00a0\u00bb{}\u00a0\u00bb theme_builder_area=\u00a0\u00bbpost_content\u00a0\u00bb][et_pb_text _builder_version=\u00a0\u00bb4.21.0&Prime; _module_preset=\u00a0\u00bbdefault\u00a0\u00bb text_font_size=\u00a0\u00bb18px\u00a0\u00bb text_line_height=\u00a0\u00bb1.6em\u00a0\u00bb text_orientation=\u00a0\u00bbcenter\u00a0\u00bb max_width=\u00a0\u00bb800px\u00a0\u00bb module_alignment=\u00a0\u00bbcenter\u00a0\u00bb text_font_size_tablet=\u00a0\u00bb18px\u00a0\u00bb text_font_size_phone=\u00a0\u00bb16px\u00a0\u00bb text_font_size_last_edited=\u00a0\u00bbon|phone\u00a0\u00bb global_colors_info=\u00a0\u00bb{}\u00a0\u00bb theme_builder_area=\u00a0\u00bbpost_content\u00a0\u00bb]<\/p>\n<p>Toutes les formations et formations continues selon la m\u00e9thode Eline Snel sont propos\u00e9es par l&rsquo;Academy for Mindful Teaching. En cliquant sur les boutons ci-dessous, vous acc\u00e9dez directement \u00e0 l&rsquo;agenda de l&rsquo;Academy for Mindful Teaching, o\u00f9 vous trouverez plus d&rsquo;informations sur les dates et lieux des formations.<\/p>\n<p>[\/et_pb_text][\/et_pb_column][\/et_pb_row][et_pb_row _builder_version=\u00a0\u00bb4.21.0&Prime; _module_preset=\u00a0\u00bbdefault\u00a0\u00bb global_colors_info=\u00a0\u00bb{}\u00a0\u00bb theme_builder_area=\u00a0\u00bbpost_content\u00a0\u00bb][et_pb_column type=\u00a0\u00bb4_4&Prime; _builder_version=\u00a0\u00bb4.21.0&Prime; _module_preset=\u00a0\u00bbdefault\u00a0\u00bb global_colors_info=\u00a0\u00bb{}\u00a0\u00bb theme_builder_area=\u00a0\u00bbpost_content\u00a0\u00bb][et_pb_button button_url=\u00a0\u00bbhttps:\/\/www.academyformindfulteaching.com\/pages\/agenda-frankrijk\u00a0\u00bb url_new_window=\u00a0\u00bbon\u00a0\u00bb button_text=\u00a0\u00bbAgenda\u00a0\u00bb button_alignment=\u00a0\u00bbcenter\u00a0\u00bb _builder_version=\u00a0\u00bb4.21.0&Prime; custom_button=\u00a0\u00bbon\u00a0\u00bb button_bg_color=\u00a0\u00bb#006a52&Prime; button_border_color=\u00a0\u00bb#006a52&Prime; background_layout=\u00a0\u00bbdark\u00a0\u00bb custom_padding=\u00a0\u00bb16px|30px|16px|30px|true|false\u00a0\u00bb custom_padding_tablet=\u00a0\u00bb\u00a0\u00bb custom_padding_phone=\u00a0\u00bb\u00a0\u00bb custom_padding_last_edited=\u00a0\u00bbon|desktop\u00a0\u00bb animation_style=\u00a0\u00bbzoom\u00a0\u00bb animation_duration=\u00a0\u00bb800ms\u00a0\u00bb button_text_size_tablet=\u00a0\u00bb\u00a0\u00bb button_text_size_phone=\u00a0\u00bb16px\u00a0\u00bb button_text_size_last_edited=\u00a0\u00bbon|phone\u00a0\u00bb button_bg_color_hover=\u00a0\u00bb#4f8bdd\u00a0\u00bb locked=\u00a0\u00bboff\u00a0\u00bb global_colors_info=\u00a0\u00bb{}\u00a0\u00bb button_text_size__hover_enabled=\u00a0\u00bboff\u00a0\u00bb button_one_text_size__hover_enabled=\u00a0\u00bboff\u00a0\u00bb button_two_text_size__hover_enabled=\u00a0\u00bboff\u00a0\u00bb button_text_color__hover_enabled=\u00a0\u00bboff\u00a0\u00bb button_one_text_color__hover_enabled=\u00a0\u00bboff\u00a0\u00bb button_two_text_color__hover_enabled=\u00a0\u00bboff\u00a0\u00bb button_border_width__hover_enabled=\u00a0\u00bboff\u00a0\u00bb button_one_border_width__hover_enabled=\u00a0\u00bboff\u00a0\u00bb button_two_border_width__hover_enabled=\u00a0\u00bboff\u00a0\u00bb button_border_color__hover_enabled=\u00a0\u00bboff\u00a0\u00bb button_one_border_color__hover_enabled=\u00a0\u00bboff\u00a0\u00bb button_two_border_color__hover_enabled=\u00a0\u00bboff\u00a0\u00bb button_border_radius__hover_enabled=\u00a0\u00bboff\u00a0\u00bb button_one_border_radius__hover_enabled=\u00a0\u00bboff\u00a0\u00bb button_two_border_radius__hover_enabled=\u00a0\u00bboff\u00a0\u00bb button_letter_spacing__hover_enabled=\u00a0\u00bboff\u00a0\u00bb button_one_letter_spacing__hover_enabled=\u00a0\u00bboff\u00a0\u00bb button_two_letter_spacing__hover_enabled=\u00a0\u00bboff\u00a0\u00bb button_bg_color__hover_enabled=\u00a0\u00bbon|hover\u00a0\u00bb button_bg_color__hover=\u00a0\u00bb#006a52&Prime; button_one_bg_color__hover_enabled=\u00a0\u00bboff\u00a0\u00bb button_two_bg_color__hover_enabled=\u00a0\u00bboff\u00a0\u00bb button_bg_enable_color__hover=\u00a0\u00bbon\u00a0\u00bb custom_padding__hover_enabled=\u00a0\u00bbon|hover\u00a0\u00bb custom_padding__hover=\u00a0\u00bb|40px||20px|true|false\u00a0\u00bb theme_builder_area=\u00a0\u00bbpost_content\u00a0\u00bb][\/et_pb_button][\/et_pb_column][\/et_pb_row][\/et_pb_section]<\/p>\n","protected":false},"excerpt":{"rendered":"<p>Toutes les formations et formations continues selon la m\u00e9thode Eline Snel sont propos\u00e9es par l&rsquo;Academy for Mindful Teaching. En cliquant sur les boutons ci-dessous, vous acc\u00e9dez directement \u00e0 l&rsquo;agenda de l&rsquo;Academy for Mindful Teaching, o\u00f9 vous trouverez plus d&rsquo;informations sur les dates et lieux des formations.<\/p>\n","protected":false},"author":1,"featured_media":0,"parent":0,"menu_order":0,"comment_status":"closed","ping_status":"closed","template":"","meta":{"_et_pb_use_builder":"on","_et_pb_old_content":"[et_pb_section fb_built=\"1\" _builder_version=\"4.4.2\" custom_padding=\"0px||0px|||\"][et_pb_row column_structure=\"1_6,1_6,1_6,1_6,1_6,1_6\" use_custom_gutter=\"on\" gutter_width=\"1\" _builder_version=\"4.4.2\" width=\"100%\" max_width=\"1920px\" module_alignment=\"center\" custom_padding=\"0px||0px|||\"][et_pb_column type=\"1_6\" _builder_version=\"4.4.2\" border_width_top=\"14px\" border_color_top=\"#41B6E6\"][\/et_pb_column][et_pb_column type=\"1_6\" _builder_version=\"4.4.2\" border_width_top=\"14px\" border_color_top=\"#b7312c\"][\/et_pb_column][et_pb_column type=\"1_6\" _builder_version=\"4.4.2\" border_width_top=\"14px\" border_color_top=\"#ea7600\"][\/et_pb_column][et_pb_column type=\"1_6\" _builder_version=\"4.4.2\" border_width_top=\"14px\" border_color_top=\"#F1C400\"][\/et_pb_column][et_pb_column type=\"1_6\" _builder_version=\"4.4.2\" border_width_top=\"14px\" border_color_top=\"#658d1b\"][\/et_pb_column][et_pb_column type=\"1_6\" _builder_version=\"4.4.2\" border_width_top=\"14px\" border_color_top=\"#007398\"][\/et_pb_column][\/et_pb_row][\/et_pb_section][et_pb_section fb_built=\"1\" _builder_version=\"4.4.2\" background_image=\"https:\/\/www.elinesnel.com\/wp-content\/uploads\/2020\/04\/ElineSnel_website_slider2.jpg\" background_size=\"initial\" custom_padding=\"28vw||5vw||false|false\"][et_pb_row _builder_version=\"4.4.2\" background_color=\"rgba(255,255,255,0.79)\" width=\"100%\" max_width=\"2000px\" module_alignment=\"center\" custom_padding=\"32px|||||\"][et_pb_column type=\"4_4\" _builder_version=\"4.4.2\"][et_pb_text _builder_version=\"4.4.2\" header_font=\"Ubuntu|300|||||||\" header_text_align=\"center\" header_text_color=\"#007398\" header_font_size=\"34px\"]<h1>COMING SOON<\/h1>[\/et_pb_text][\/et_pb_column][\/et_pb_row][\/et_pb_section][et_pb_section fb_built=\"1\" _builder_version=\"4.4.2\"][et_pb_row _builder_version=\"4.4.2\"][et_pb_column _builder_version=\"4.4.2\" type=\"4_4\"][et_pb_text _builder_version=\"4.4.2\" hover_enabled=\"0\"][add_eventon_search][\/et_pb_text][\/et_pb_column][\/et_pb_row][et_pb_row _builder_version=\"4.4.2\"][et_pb_column _builder_version=\"4.4.2\" type=\"4_4\"][et_pb_text _builder_version=\"4.4.2\" hover_enabled=\"0\"][add_eventon_el tiles=\"yes\" number_of_months=\"12\" event_count=\"15\" event_count_list=\"yes\" event_past_future=\"future\" hide_so=\"yes\" ux_val=\"4\" ][\/et_pb_text][\/et_pb_column][\/et_pb_row][\/et_pb_section]","_et_gb_content_width":"","footnotes":""},"class_list":["post-8074","page","type-page","status-publish","hentry"],"_links":{"self":[{"href":"https:\/\/www.elinesnel.com\/fr\/wp-json\/wp\/v2\/pages\/8074","targetHints":{"allow":["GET"]}}],"collection":[{"href":"https:\/\/www.elinesnel.com\/fr\/wp-json\/wp\/v2\/pages"}],"about":[{"href":"https:\/\/www.elinesnel.com\/fr\/wp-json\/wp\/v2\/types\/page"}],"author":[{"embeddable":true,"href":"https:\/\/www.elinesnel.com\/fr\/wp-json\/wp\/v2\/users\/1"}],"replies":[{"embeddable":true,"href":"https:\/\/www.elinesnel.com\/fr\/wp-json\/wp\/v2\/comments?post=8074"}],"version-history":[{"count":0,"href":"https:\/\/www.elinesnel.com\/fr\/wp-json\/wp\/v2\/pages\/8074\/revisions"}],"wp:attachment":[{"href":"https:\/\/www.elinesnel.com\/fr\/wp-json\/wp\/v2\/media?parent=8074"}],"curies":[{"name":"wp","href":"https:\/\/api.w.org\/{rel}","templated":true}]}}