{"id":8048,"date":"2021-06-15T13:54:57","date_gmt":"2021-06-15T11:54:57","guid":{"rendered":"https:\/\/www.elinesnel.com\/?page_id=8048"},"modified":"2021-10-04T11:33:33","modified_gmt":"2021-10-04T09:33:33","slug":"droit-de-retractation-et-garantie","status":"publish","type":"page","link":"https:\/\/www.elinesnel.com\/fr\/droit-de-retractation-et-garantie\/","title":{"rendered":"Droit de r\u00e9tractation et garantie"},"content":{"rendered":"<p>[et_pb_section fb_built=\u00a0\u00bb1&Prime; custom_padding_last_edited=\u00a0\u00bbon|phone\u00a0\u00bb module_class=\u00a0\u00bbvervolgtitel\u00a0\u00bb _builder_version=\u00a0\u00bb4.5.1&Prime; _module_preset=\u00a0\u00bbdefault\u00a0\u00bb background_color_gradient_direction=\u00a0\u00bb0deg\u00a0\u00bb background_image=\u00a0\u00bbhttps:\/\/www.elinesnel.com\/wp-content\/uploads\/2020\/11\/Eline-snel_Webbanner-2000x400Nov8.jpg\u00a0\u00bb custom_padding=\u00a0\u00bb11vw||0px||false|false\u00a0\u00bb custom_padding_tablet=\u00a0\u00bb\u00a0\u00bb custom_padding_phone=\u00a0\u00bb0vw||||false|false\u00a0\u00bb][et_pb_row custom_padding_last_edited=\u00a0\u00bbon|phone\u00a0\u00bb _builder_version=\u00a0\u00bb4.5.1&Prime; custom_margin=\u00a0\u00bb||||false|false\u00a0\u00bb custom_padding=\u00a0\u00bb||||false|false\u00a0\u00bb custom_padding_tablet=\u00a0\u00bb\u00a0\u00bb custom_padding_phone=\u00a0\u00bb0px||||false|false\u00a0\u00bb][et_pb_column type=\u00a0\u00bb4_4&Prime; _builder_version=\u00a0\u00bb4.5.1&Prime;][et_pb_text _builder_version=\u00a0\u00bb4.9.4&Prime; text_font=\u00a0\u00bbNunito Sans||||||||\u00a0\u00bb text_text_color=\u00a0\u00bb#006a52&Prime; text_font_size=\u00a0\u00bb25px\u00a0\u00bb text_line_height=\u00a0\u00bb1.3em\u00a0\u00bb header_font=\u00a0\u00bb|||on|||||\u00a0\u00bb header_text_color=\u00a0\u00bb#0f7499&Prime; header_font_size=\u00a0\u00bb32px\u00a0\u00bb header_line_height=\u00a0\u00bb1.4em\u00a0\u00bb background_color=\u00a0\u00bb#ffffff\u00a0\u00bb transform_translate=\u00a0\u00bb0px|84px\u00a0\u00bb transform_translate_linked=\u00a0\u00bboff\u00a0\u00bb z_index=\u00a0\u00bb1&Prime; text_orientation=\u00a0\u00bbcenter\u00a0\u00bb max_width=\u00a0\u00bb850px\u00a0\u00bb module_alignment=\u00a0\u00bbcenter\u00a0\u00bb custom_margin=\u00a0\u00bb0px||||false|false\u00a0\u00bb custom_margin_tablet=\u00a0\u00bb\u00a0\u00bb custom_margin_phone=\u00a0\u00bb0px||||false|false\u00a0\u00bb custom_margin_last_edited=\u00a0\u00bbon|phone\u00a0\u00bb custom_padding=\u00a0\u00bb25px|25px|25px|25px|true|true\u00a0\u00bb custom_padding_tablet=\u00a0\u00bb\u00a0\u00bb custom_padding_phone=\u00a0\u00bb14px|15px|7px|15px|false|true\u00a0\u00bb custom_padding_last_edited=\u00a0\u00bbon|phone\u00a0\u00bb animation_direction=\u00a0\u00bbbottom\u00a0\u00bb hover_enabled=\u00a0\u00bb0&Prime; text_font_size_tablet=\u00a0\u00bb\u00a0\u00bb text_font_size_phone=\u00a0\u00bb20px\u00a0\u00bb text_font_size_last_edited=\u00a0\u00bbon|phone\u00a0\u00bb header_font_size_tablet=\u00a0\u00bb\u00a0\u00bb header_font_size_phone=\u00a0\u00bb22px\u00a0\u00bb header_font_size_last_edited=\u00a0\u00bbon|phone\u00a0\u00bb module_alignment_tablet=\u00a0\u00bb\u00a0\u00bb module_alignment_phone=\u00a0\u00bbcenter\u00a0\u00bb module_alignment_last_edited=\u00a0\u00bbon|phone\u00a0\u00bb border_width_top=\u00a0\u00bb10px\u00a0\u00bb border_color_top=\u00a0\u00bb#329a37&Prime; border_width_top_tablet=\u00a0\u00bb\u00a0\u00bb border_width_top_phone=\u00a0\u00bb6px\u00a0\u00bb border_width_top_last_edited=\u00a0\u00bbon|phone\u00a0\u00bb box_shadow_style=\u00a0\u00bbpreset2&Prime; box_shadow_horizontal=\u00a0\u00bb5px\u00a0\u00bb box_shadow_vertical=\u00a0\u00bb5px\u00a0\u00bb box_shadow_blur=\u00a0\u00bb5px\u00a0\u00bb box_shadow_color=\u00a0\u00bbrgba(0,0,0,0.15)\u00a0\u00bb sticky_enabled=\u00a0\u00bb0&Prime;]<\/p>\n<h1>DROIT DE R\u00c9TRACTATION ET GARANTIE<\/h1>\n<p>[\/et_pb_text][\/et_pb_column][\/et_pb_row][\/et_pb_section][et_pb_section fb_built=\u00a0\u00bb1&Prime; fullwidth=\u00a0\u00bbon\u00a0\u00bb _builder_version=\u00a0\u00bb4.5.1&Prime; _module_preset=\u00a0\u00bbdefault\u00a0\u00bb][\/et_pb_section][et_pb_section fb_built=\u00a0\u00bb1&Prime; disabled_on=\u00a0\u00bbon|on|off\u00a0\u00bb module_class=\u00a0\u00bbtoplijnen\u00a0\u00bb _builder_version=\u00a0\u00bb4.5.1&Prime; _module_preset=\u00a0\u00bbdefault\u00a0\u00bb custom_margin=\u00a0\u00bb0px||0px||false|false\u00a0\u00bb custom_padding=\u00a0\u00bb0px||0px|||\u00a0\u00bb][et_pb_row column_structure=\u00a0\u00bb1_2,1_2&Prime; use_custom_gutter=\u00a0\u00bbon\u00a0\u00bb gutter_width=\u00a0\u00bb1&Prime; _builder_version=\u00a0\u00bb4.5.1&Prime; _module_preset=\u00a0\u00bbdefault\u00a0\u00bb z_index=\u00a0\u00bb1&Prime; width=\u00a0\u00bb100%\u00a0\u00bb max_width=\u00a0\u00bb100%\u00a0\u00bb custom_padding=\u00a0\u00bb0px||0px||false|false\u00a0\u00bb][et_pb_column type=\u00a0\u00bb1_2&Prime; _builder_version=\u00a0\u00bb4.5.1&Prime; _module_preset=\u00a0\u00bbdefault\u00a0\u00bb border_width_top=\u00a0\u00bb10px\u00a0\u00bb border_color_top=\u00a0\u00bb#9ac21e\u00a0\u00bb][\/et_pb_column][et_pb_column type=\u00a0\u00bb1_2&Prime; _builder_version=\u00a0\u00bb4.5.1&Prime; _module_preset=\u00a0\u00bbdefault\u00a0\u00bb border_width_top=\u00a0\u00bb10px\u00a0\u00bb border_color_top=\u00a0\u00bb#0f7499&Prime;][\/et_pb_column][\/et_pb_row][\/et_pb_section][et_pb_section fb_built=\u00a0\u00bb1&Prime; custom_padding_last_edited=\u00a0\u00bboff|desktop\u00a0\u00bb background_color_gradient_end_1=\u00a0\u00bb#c7cbd4&Prime; admin_label=\u00a0\u00bbTwo CTA Section\u00a0\u00bb _builder_version=\u00a0\u00bb4.5.1&Prime; background_enable_color=\u00a0\u00bboff\u00a0\u00bb background_enable_image=\u00a0\u00bboff\u00a0\u00bb background_size=\u00a0\u00bbinitial\u00a0\u00bb background_position=\u00a0\u00bbtop_left\u00a0\u00bb custom_padding=\u00a0\u00bb0px||0px||true\u00a0\u00bb custom_padding_tablet=\u00a0\u00bb20px||10px|\u00a0\u00bb background_last_edited=\u00a0\u00bbon|tablet\u00a0\u00bb background_enable_image_tablet=\u00a0\u00bboff\u00a0\u00bb background_enable_image_phone=\u00a0\u00bboff\u00a0\u00bb][et_pb_row custom_padding_last_edited=\u00a0\u00bbon|phone\u00a0\u00bb admin_label=\u00a0\u00bbMission Row\u00a0\u00bb _builder_version=\u00a0\u00bb4.5.1&Prime; custom_padding=\u00a0\u00bb105px||75px||false|false\u00a0\u00bb custom_padding_tablet=\u00a0\u00bb\u00a0\u00bb custom_padding_phone=\u00a0\u00bb70px||75px||false|false\u00a0\u00bb animation_direction=\u00a0\u00bbleft\u00a0\u00bb locked=\u00a0\u00bboff\u00a0\u00bb][et_pb_column type=\u00a0\u00bb4_4&Prime; _builder_version=\u00a0\u00bb3.25&Prime; custom_padding=\u00a0\u00bb|||\u00a0\u00bb custom_padding__hover=\u00a0\u00bb|||\u00a0\u00bb][et_pb_text module_class=\u00a0\u00bbintrotekst\u00a0\u00bb _builder_version=\u00a0\u00bb4.9.4&Prime; text_font=\u00a0\u00bb|700|||||||\u00a0\u00bb text_text_color=\u00a0\u00bb#329a37&Prime; text_font_size=\u00a0\u00bb26px\u00a0\u00bb text_line_height=\u00a0\u00bb1.4em\u00a0\u00bb header_font=\u00a0\u00bb||||||||\u00a0\u00bb header_2_font=\u00a0\u00bbBalooPaaji2|700|||||||\u00a0\u00bb header_2_text_color=\u00a0\u00bb#007398&Prime; header_2_font_size=\u00a0\u00bb40px\u00a0\u00bb header_2_line_height=\u00a0\u00bb1.4em\u00a0\u00bb header_5_font=\u00a0\u00bbRubik|700||on|||||\u00a0\u00bb header_5_text_color=\u00a0\u00bb#2b76df\u00a0\u00bb header_5_letter_spacing=\u00a0\u00bb5px\u00a0\u00bb header_5_line_height=\u00a0\u00bb1.5em\u00a0\u00bb module_alignment=\u00a0\u00bbcenter\u00a0\u00bb custom_margin=\u00a0\u00bb0px||14px|||\u00a0\u00bb custom_margin_tablet=\u00a0\u00bb0px|||\u00a0\u00bb custom_margin_phone=\u00a0\u00bb25px||0px||false|false\u00a0\u00bb custom_margin_last_edited=\u00a0\u00bbon|phone\u00a0\u00bb animation_style=\u00a0\u00bbslide\u00a0\u00bb animation_direction=\u00a0\u00bbbottom\u00a0\u00bb hover_enabled=\u00a0\u00bb0&Prime; text_font_size_tablet=\u00a0\u00bb\u00a0\u00bb text_font_size_phone=\u00a0\u00bb16px\u00a0\u00bb text_font_size_last_edited=\u00a0\u00bbon|phone\u00a0\u00bb text_line_height_tablet=\u00a0\u00bb\u00a0\u00bb text_line_height_phone=\u00a0\u00bb1.6em\u00a0\u00bb text_line_height_last_edited=\u00a0\u00bbon|phone\u00a0\u00bb header_2_font_size_tablet=\u00a0\u00bb\u00a0\u00bb header_2_font_size_phone=\u00a0\u00bb30px\u00a0\u00bb header_2_font_size_last_edited=\u00a0\u00bbon|phone\u00a0\u00bb sticky_enabled=\u00a0\u00bb0&Prime;]<\/p>\n<p><span>Droit de r\u00e9tractation<\/span><\/p>\n<p>[\/et_pb_text][et_pb_text _builder_version=\u00a0\u00bb4.9.4&Prime; _module_preset=\u00a0\u00bbdefault\u00a0\u00bb text_font_size=\u00a0\u00bb18px\u00a0\u00bb text_line_height=\u00a0\u00bb1.4em\u00a0\u00bb header_text_color=\u00a0\u00bb#329a37&Prime; header_2_font=\u00a0\u00bb|600|||||||\u00a0\u00bb header_2_text_color=\u00a0\u00bb#329a37&Prime; header_2_font_size=\u00a0\u00bb28px\u00a0\u00bb header_2_line_height=\u00a0\u00bb1.3em\u00a0\u00bb header_3_font=\u00a0\u00bb|600|||||||\u00a0\u00bb header_3_text_color=\u00a0\u00bb#329a37&Prime; header_3_font_size=\u00a0\u00bb20px\u00a0\u00bb hover_enabled=\u00a0\u00bb0&Prime; text_font_size_tablet=\u00a0\u00bb\u00a0\u00bb text_font_size_phone=\u00a0\u00bb16px\u00a0\u00bb text_font_size_last_edited=\u00a0\u00bbon|phone\u00a0\u00bb sticky_enabled=\u00a0\u00bb0&Prime;]<\/p>\n<p>Vous avez le droit de r\u00e9silier le contrat \u00e0 tout moment dans les 14 jours suivant la r\u00e9ception d&rsquo;un article, sans avoir \u00e0 en indiquer les raisons. Si votre commande est compos\u00e9e de plusieurs articles r\u00e9partis sur plusieurs envois, le d\u00e9lai de r\u00e9tractation expire 14 jours apr\u00e8s la r\u00e9ception du dernier article.<\/p>\n<p>Veuillez manipuler le(s) article(s) et leur emballage avec soin pendant cette p\u00e9riode. Veillez \u00e0 tester le produit, de la m\u00eame fa\u00e7on que vous le feriez dans un magasin. Vous \u00eates responsable de toute diminution de leur valeur r\u00e9sultant de l&rsquo;utilisation des biens, sauf si cela est n\u00e9cessaire pour d\u00e9terminer leur nature, leurs caract\u00e9ristiques et leur fonctionnement.<\/p>\n<p>Vous devez nous informer de votre d\u00e9cision de r\u00e9tractation par courrier \u00e9lectronique \u00e0 l&rsquo;adresse <a href=\"mailto:webshop@elinesnel.com\">webshop@elinesnel.com<\/a><\/p>\n<h3><\/h3>\n<h3>Proc\u00e9dure de remboursement<\/h3>\n<p>Si vous r\u00e9siliez votre contrat, nous vous rembourserons tous les montants d\u00e9j\u00e0 pay\u00e9s (y compris les frais d&rsquo;exp\u00e9dition) dans un d\u00e9lai de 14 jours. Toutefois, les frais de renvoi des marchandises sont \u00e0 votre charge.<\/p>\n<p>La proc\u00e9dure de remboursement commencera d\u00e8s que vous nous aurez notifi\u00e9 votre r\u00e9tractation.<\/p>\n<p>Nous vous rembourserons par la m\u00eame m\u00e9thode que celle que vous avez utilis\u00e9e pour effectuer le paiement initial, sauf si vous en avez express\u00e9ment convenu autrement. Nous ne facturerons pas de frais pour effectuer un remboursement, mais nous pouvons le suspendre jusqu&rsquo;\u00e0 ce que nous ayons re\u00e7u les articles en retour ou que vous nous ayez fourni la preuve de ce retour, selon l\u2019hypoth\u00e8se qui se r\u00e9alise en premier.<\/p>\n<h3>Quelle est la proc\u00e9dure de retour ?<\/h3>\n<p>Vous devez retourner les articles dans les 14 jours suivant la notification de votre d\u00e9cision de r\u00e9silier le contrat.<\/p>\n<p>Si vous souhaitez retourner des produits, veuillez contacter webshop@elinesnel.com, et nous vous enverrons un courriel avec les instructions.<\/p>\n<p>Vous pouvez utiliser le formulaire de retour ci-dessous, mais ce n&rsquo;est pas obligatoire. Si vous optez pour ce formulaire en ligne, nous accuserons r\u00e9ception de votre r\u00e9tractation par courrier \u00e9lectronique, d\u00e8s que possible. Vous devez le soumettre avant l&rsquo;expiration du d\u00e9lai de r\u00e9tractation de 14 jours.<\/p>\n<p>Pour de plus amples informations, <span style=\"text-decoration: underline;\">veuillez vous r\u00e9f\u00e9rer<\/span> \u00e0 nos conditions g\u00e9n\u00e9rales.<\/p>\n<p>&nbsp;<\/p>\n<p>&nbsp;<\/p>\n<h3>Formulaire de r\u00e9tractation<\/h3>\n<p><strong>Merci de remplir ce formulaire et de le retourner uniquement si vous souhaitez r\u00e9silier votre contrat.<\/strong><\/p>\n<p><strong>\u00c0<\/strong><strong> :<\/strong> <a href=\"mailto:webshop@elinesnel.com\">webshop@elinesnel.com<\/a><\/p>\n<p>&nbsp;<\/p>\n<p><em>Les instructions pour les retours vous seront envoy\u00e9es par courrier \u00e9lectronique.<\/em><\/p>\n<p>Je notifie que je souhaite r\u00e9silier mon contrat d\u2019achat de biens ou de services.<\/p>\n<p><strong> <\/strong><\/p>\n<p><strong>Date de la commande :<\/strong><\/p>\n<p><strong>Date de r\u00e9ception <\/strong><\/p>\n<p>Nom du client :<\/p>\n<p>Adresse :<\/p>\n<p>Signature<\/p>\n<p><strong><em>[uniquement si ce formulaire est soumis sur papier] <\/em><\/strong><\/p>\n<p>&nbsp;<\/p>\n<p>Date :<\/p>\n<p>&nbsp;<\/p>\n<p>T\u00e9l\u00e9charger ce formulaire en PDF<\/p>\n<p><a href=\"https:\/\/www.elinesnel.com\/wp-content\/uploads\/2021\/01\/Modelformulier-voor-herroeping-.pdf\" style=\"font-size: 18px;\"><u>Download het modelformulier als PDF<\/u><\/a><\/p>\n<p>&nbsp;<\/p>\n<p>&nbsp;<\/p>\n<h2>Garantie l\u00e9gale<\/h2>\n<p>Nos produits sont soumis \u00e0 une garantie l\u00e9gale qu&rsquo;ils r\u00e9pondront \u00e0 vos attentes raisonnables. Ils ne doivent pas pr\u00e9senter de d\u00e9fauts qui ne seraient pas attendus pendant leur dur\u00e9e de vie habituelle et dans le cadre d&rsquo;une utilisation normale.<\/p>\n<p>Si un produit ne r\u00e9pond pas \u00e0 vos attentes, veuillez contacter <a href=\"mailto:webshop@elinesnel.com\">webshop@elinesnel.com<\/a>. S&rsquo;il est couvert par la garantie l\u00e9gale, nous rem\u00e9dierons gratuitement au probl\u00e8me, \u00e0 condition que vous nous communiquiez votre num\u00e9ro de commande ou toute autre preuve d&rsquo;achat. Veuillez nous informer le plus rapidement possible apr\u00e8s avoir d\u00e9couvert le d\u00e9faut.<\/p>\n<p>[\/et_pb_text][\/et_pb_column][\/et_pb_row][\/et_pb_section]<\/p>\n","protected":false},"excerpt":{"rendered":"<p>DROIT DE R\u00c9TRACTATION ET GARANTIEDroit de r\u00e9tractationVous avez le droit de r\u00e9silier le contrat \u00e0 tout moment dans les 14 jours suivant la r\u00e9ception d&rsquo;un article, sans avoir \u00e0 en indiquer les raisons. Si votre commande est compos\u00e9e de plusieurs articles r\u00e9partis sur plusieurs envois, le d\u00e9lai de r\u00e9tractation expire 14 jours apr\u00e8s la r\u00e9ception [&hellip;]<\/p>\n","protected":false},"author":12,"featured_media":0,"parent":0,"menu_order":0,"comment_status":"closed","ping_status":"closed","template":"","meta":{"_et_pb_use_builder":"on","_et_pb_old_content":"","_et_gb_content_width":"","footnotes":""},"class_list":["post-8048","page","type-page","status-publish","hentry"],"_links":{"self":[{"href":"https:\/\/www.elinesnel.com\/fr\/wp-json\/wp\/v2\/pages\/8048","targetHints":{"allow":["GET"]}}],"collection":[{"href":"https:\/\/www.elinesnel.com\/fr\/wp-json\/wp\/v2\/pages"}],"about":[{"href":"https:\/\/www.elinesnel.com\/fr\/wp-json\/wp\/v2\/types\/page"}],"author":[{"embeddable":true,"href":"https:\/\/www.elinesnel.com\/fr\/wp-json\/wp\/v2\/users\/12"}],"replies":[{"embeddable":true,"href":"https:\/\/www.elinesnel.com\/fr\/wp-json\/wp\/v2\/comments?post=8048"}],"version-history":[{"count":0,"href":"https:\/\/www.elinesnel.com\/fr\/wp-json\/wp\/v2\/pages\/8048\/revisions"}],"wp:attachment":[{"href":"https:\/\/www.elinesnel.com\/fr\/wp-json\/wp\/v2\/media?parent=8048"}],"curies":[{"name":"wp","href":"https:\/\/api.w.org\/{rel}","templated":true}]}}