{"id":8037,"date":"2021-06-15T13:44:48","date_gmt":"2021-06-15T11:44:48","guid":{"rendered":"https:\/\/www.elinesnel.com\/?page_id=8037"},"modified":"2021-10-04T11:28:04","modified_gmt":"2021-10-04T09:28:04","slug":"declaration-de-confidentialite","status":"publish","type":"page","link":"https:\/\/www.elinesnel.com\/fr\/declaration-de-confidentialite\/","title":{"rendered":"D\u00e9claration de confidentialit\u00e9"},"content":{"rendered":"<p>[et_pb_section fb_built=\u00a0\u00bb1&Prime; custom_padding_last_edited=\u00a0\u00bbon|phone\u00a0\u00bb module_class=\u00a0\u00bbvervolgtitel\u00a0\u00bb _builder_version=\u00a0\u00bb4.5.1&Prime; _module_preset=\u00a0\u00bbdefault\u00a0\u00bb background_color_gradient_direction=\u00a0\u00bb0deg\u00a0\u00bb background_image=\u00a0\u00bbhttps:\/\/www.elinesnel.com\/wp-content\/uploads\/2020\/11\/Eline-snel_Webbanner-2000x400Nov8.jpg\u00a0\u00bb custom_padding=\u00a0\u00bb11vw||0px||false|false\u00a0\u00bb custom_padding_tablet=\u00a0\u00bb\u00a0\u00bb custom_padding_phone=\u00a0\u00bb0vw||||false|false\u00a0\u00bb][et_pb_row custom_padding_last_edited=\u00a0\u00bbon|phone\u00a0\u00bb _builder_version=\u00a0\u00bb4.5.1&Prime; custom_margin=\u00a0\u00bb||||false|false\u00a0\u00bb custom_padding=\u00a0\u00bb||||false|false\u00a0\u00bb custom_padding_tablet=\u00a0\u00bb\u00a0\u00bb custom_padding_phone=\u00a0\u00bb0px||||false|false\u00a0\u00bb][et_pb_column type=\u00a0\u00bb4_4&Prime; _builder_version=\u00a0\u00bb4.5.1&Prime;][et_pb_text _builder_version=\u00a0\u00bb4.9.4&Prime; text_font=\u00a0\u00bbNunito Sans||||||||\u00a0\u00bb text_text_color=\u00a0\u00bb#006a52&Prime; text_font_size=\u00a0\u00bb25px\u00a0\u00bb text_line_height=\u00a0\u00bb1.3em\u00a0\u00bb header_font=\u00a0\u00bb||||||||\u00a0\u00bb header_text_color=\u00a0\u00bb#0f7499&Prime; header_font_size=\u00a0\u00bb32px\u00a0\u00bb header_line_height=\u00a0\u00bb1.4em\u00a0\u00bb background_color=\u00a0\u00bb#ffffff\u00a0\u00bb transform_translate=\u00a0\u00bb0px|84px\u00a0\u00bb transform_translate_linked=\u00a0\u00bboff\u00a0\u00bb z_index=\u00a0\u00bb1&Prime; text_orientation=\u00a0\u00bbcenter\u00a0\u00bb max_width=\u00a0\u00bb850px\u00a0\u00bb module_alignment=\u00a0\u00bbcenter\u00a0\u00bb custom_margin=\u00a0\u00bb0px||||false|false\u00a0\u00bb custom_margin_tablet=\u00a0\u00bb\u00a0\u00bb custom_margin_phone=\u00a0\u00bb0px||||false|false\u00a0\u00bb custom_margin_last_edited=\u00a0\u00bbon|phone\u00a0\u00bb custom_padding=\u00a0\u00bb25px|25px|25px|25px|true|true\u00a0\u00bb custom_padding_tablet=\u00a0\u00bb\u00a0\u00bb custom_padding_phone=\u00a0\u00bb14px|15px|7px|15px|false|true\u00a0\u00bb custom_padding_last_edited=\u00a0\u00bbon|phone\u00a0\u00bb animation_direction=\u00a0\u00bbbottom\u00a0\u00bb hover_enabled=\u00a0\u00bb0&Prime; text_font_size_tablet=\u00a0\u00bb\u00a0\u00bb text_font_size_phone=\u00a0\u00bb20px\u00a0\u00bb text_font_size_last_edited=\u00a0\u00bbon|phone\u00a0\u00bb header_font_size_tablet=\u00a0\u00bb\u00a0\u00bb header_font_size_phone=\u00a0\u00bb22px\u00a0\u00bb header_font_size_last_edited=\u00a0\u00bbon|phone\u00a0\u00bb module_alignment_tablet=\u00a0\u00bb\u00a0\u00bb module_alignment_phone=\u00a0\u00bbcenter\u00a0\u00bb module_alignment_last_edited=\u00a0\u00bbon|phone\u00a0\u00bb border_width_top=\u00a0\u00bb10px\u00a0\u00bb border_color_top=\u00a0\u00bb#329a37&Prime; border_width_top_tablet=\u00a0\u00bb\u00a0\u00bb border_width_top_phone=\u00a0\u00bb6px\u00a0\u00bb border_width_top_last_edited=\u00a0\u00bbon|phone\u00a0\u00bb box_shadow_style=\u00a0\u00bbpreset2&Prime; box_shadow_horizontal=\u00a0\u00bb5px\u00a0\u00bb box_shadow_vertical=\u00a0\u00bb5px\u00a0\u00bb box_shadow_blur=\u00a0\u00bb5px\u00a0\u00bb box_shadow_color=\u00a0\u00bbrgba(0,0,0,0.15)\u00a0\u00bb sticky_enabled=\u00a0\u00bb0&Prime;]<\/p>\n<h1>D\u00c9CLARATION DE CONFIDENTIALIT\u00c9<\/h1>\n<p>[\/et_pb_text][\/et_pb_column][\/et_pb_row][\/et_pb_section][et_pb_section fb_built=\u00a0\u00bb1&Prime; fullwidth=\u00a0\u00bbon\u00a0\u00bb _builder_version=\u00a0\u00bb4.5.1&Prime; _module_preset=\u00a0\u00bbdefault\u00a0\u00bb][\/et_pb_section][et_pb_section fb_built=\u00a0\u00bb1&Prime; disabled_on=\u00a0\u00bbon|on|off\u00a0\u00bb module_class=\u00a0\u00bbtoplijnen\u00a0\u00bb _builder_version=\u00a0\u00bb4.5.1&Prime; _module_preset=\u00a0\u00bbdefault\u00a0\u00bb custom_margin=\u00a0\u00bb0px||0px||false|false\u00a0\u00bb custom_padding=\u00a0\u00bb0px||0px|||\u00a0\u00bb][et_pb_row column_structure=\u00a0\u00bb1_2,1_2&Prime; use_custom_gutter=\u00a0\u00bbon\u00a0\u00bb gutter_width=\u00a0\u00bb1&Prime; _builder_version=\u00a0\u00bb4.5.1&Prime; _module_preset=\u00a0\u00bbdefault\u00a0\u00bb z_index=\u00a0\u00bb1&Prime; width=\u00a0\u00bb100%\u00a0\u00bb max_width=\u00a0\u00bb100%\u00a0\u00bb custom_padding=\u00a0\u00bb0px||0px||false|false\u00a0\u00bb][et_pb_column type=\u00a0\u00bb1_2&Prime; _builder_version=\u00a0\u00bb4.5.1&Prime; _module_preset=\u00a0\u00bbdefault\u00a0\u00bb border_width_top=\u00a0\u00bb10px\u00a0\u00bb border_color_top=\u00a0\u00bb#9ac21e\u00a0\u00bb][\/et_pb_column][et_pb_column type=\u00a0\u00bb1_2&Prime; _builder_version=\u00a0\u00bb4.5.1&Prime; _module_preset=\u00a0\u00bbdefault\u00a0\u00bb border_width_top=\u00a0\u00bb10px\u00a0\u00bb border_color_top=\u00a0\u00bb#0f7499&Prime;][\/et_pb_column][\/et_pb_row][\/et_pb_section][et_pb_section fb_built=\u00a0\u00bb1&Prime; custom_padding_last_edited=\u00a0\u00bboff|desktop\u00a0\u00bb background_color_gradient_end_1=\u00a0\u00bb#c7cbd4&Prime; admin_label=\u00a0\u00bbTwo CTA Section\u00a0\u00bb _builder_version=\u00a0\u00bb4.5.1&Prime; background_enable_color=\u00a0\u00bboff\u00a0\u00bb background_enable_image=\u00a0\u00bboff\u00a0\u00bb background_size=\u00a0\u00bbinitial\u00a0\u00bb background_position=\u00a0\u00bbtop_left\u00a0\u00bb custom_padding=\u00a0\u00bb0px||0px||true\u00a0\u00bb custom_padding_tablet=\u00a0\u00bb20px||10px|\u00a0\u00bb background_last_edited=\u00a0\u00bbon|tablet\u00a0\u00bb background_enable_image_tablet=\u00a0\u00bboff\u00a0\u00bb background_enable_image_phone=\u00a0\u00bboff\u00a0\u00bb][et_pb_row custom_padding_last_edited=\u00a0\u00bbon|phone\u00a0\u00bb admin_label=\u00a0\u00bbMission Row\u00a0\u00bb _builder_version=\u00a0\u00bb4.5.1&Prime; custom_padding=\u00a0\u00bb105px||75px||false|false\u00a0\u00bb custom_padding_tablet=\u00a0\u00bb\u00a0\u00bb custom_padding_phone=\u00a0\u00bb70px||75px||false|false\u00a0\u00bb animation_direction=\u00a0\u00bbleft\u00a0\u00bb locked=\u00a0\u00bboff\u00a0\u00bb][et_pb_column type=\u00a0\u00bb4_4&Prime; _builder_version=\u00a0\u00bb3.25&Prime; custom_padding=\u00a0\u00bb|||\u00a0\u00bb custom_padding__hover=\u00a0\u00bb|||\u00a0\u00bb][et_pb_text _builder_version=\u00a0\u00bb4.9.4&Prime; _module_preset=\u00a0\u00bbdefault\u00a0\u00bb text_font_size=\u00a0\u00bb18px\u00a0\u00bb text_line_height=\u00a0\u00bb1.4em\u00a0\u00bb header_font=\u00a0\u00bb|700|||||||\u00a0\u00bb header_text_color=\u00a0\u00bb#329a37&Prime; header_font_size=\u00a0\u00bb26px\u00a0\u00bb header_line_height=\u00a0\u00bb1.4em\u00a0\u00bb header_2_font=\u00a0\u00bb|600|||||||\u00a0\u00bb header_2_text_color=\u00a0\u00bb#329a37&Prime; header_2_font_size=\u00a0\u00bb20px\u00a0\u00bb header_2_line_height=\u00a0\u00bb1.4em\u00a0\u00bb hover_enabled=\u00a0\u00bb0&Prime; text_font_size_tablet=\u00a0\u00bb\u00a0\u00bb text_font_size_phone=\u00a0\u00bb16px\u00a0\u00bb text_font_size_last_edited=\u00a0\u00bbon|phone\u00a0\u00bb header_font_size_tablet=\u00a0\u00bb\u00a0\u00bb header_font_size_phone=\u00a0\u00bb22px\u00a0\u00bb header_font_size_last_edited=\u00a0\u00bbon|phone\u00a0\u00bb header_2_font_size_tablet=\u00a0\u00bb\u00a0\u00bb header_2_font_size_phone=\u00a0\u00bb16px\u00a0\u00bb header_2_font_size_last_edited=\u00a0\u00bbon|phone\u00a0\u00bb sticky_enabled=\u00a0\u00bb0&Prime;]<\/p>\n<p>L&rsquo;Academy for Mindful Teaching attache une grande importance \u00e0 la protection des donn\u00e9es personnelles. La pr\u00e9sente d\u00e9claration contient des informations claires et transparentes sur la mani\u00e8re dont nous les traitons.<\/p>\n<h1>1. Donn\u00e9es personnelles<\/h1>\n<p>Nous faisons tout ce qui est en notre pouvoir pour garantir le respect de la vie priv\u00e9e et nous traitons vos donn\u00e9es personnelles avec soin. Nous nous conformons \u00e0 toutes les lois et r\u00e9glementations applicables, y compris le r\u00e8glement g\u00e9n\u00e9ral sur la protection des donn\u00e9es, de sorte que nous<\/p>\n<ul>\n<li>n&rsquo;utilisons vos donn\u00e9es que dans le but pour lequel elles ont \u00e9t\u00e9 fournies. Cette d\u00e9claration \u00e9num\u00e8re les \u00e9l\u00e9ments que nous utilisons et les fins pour lesquelles nous les utilisons ;<\/li>\n<li>ne traitons que les donn\u00e9es n\u00e9cessaires \u00e0 la finalit\u00e9 pour laquelle elles sont utilis\u00e9es ;<\/li>\n<li>demandons votre consentement explicite pour le traitement de vos donn\u00e9es, si n\u00e9cessaire ;<\/li>\n<li>prenons les mesures appropri\u00e9es pour assurer la s\u00e9curit\u00e9 de vos donn\u00e9es ;<\/li>\n<li>nous abstenons de les partager avec des tiers, sauf si cela est n\u00e9cessaire compte tenu de l&rsquo;objectif pour lequel elles ont \u00e9t\u00e9 fournies ;<\/li>\n<li>respectons vos droits concernant vos donn\u00e9es et vous informons \u00e0 leur sujet.<\/li>\n<\/ul>\n<p>L&rsquo;Academy of Mindful Teaching est responsable du traitement de vos donn\u00e9es personnelles. Si vous avez des questions apr\u00e8s avoir lu cette d\u00e9claration, nos coordonn\u00e9es se trouvent \u00e0 la fin de cette section.<\/p>\n<p>&nbsp;<\/p>\n<h2>1.1 Traitement des donn\u00e9es personnelles<\/h2>\n<p>Nous traitons les donn\u00e9es des clients et des fournisseurs aux fins suivantes :<\/p>\n<ul>\n<li>Administration<\/li>\n<li>Communication sur les missions et invitations<\/li>\n<li>D\u00e9livrance et ex\u00e9cution des missions<\/li>\n<li>Organisation de formations et des journ\u00e9es de formation continue<\/li>\n<\/ul>\n<p>Nous obtenons les donn\u00e9es \u00e0 partir du contrat convenu et\/ou de votre formulaire d\u2019inscription.<\/p>\n<p>Aux fins susmentionn\u00e9es, nous pouvons vous demander les informations suivantes :<\/p>\n<ul>\n<li>Titre<\/li>\n<li>Nom et pr\u00e9nom<\/li>\n<li>Num\u00e9ro de t\u00e9l\u00e9phone<\/li>\n<li>Adresse \u00e9lectronique<\/li>\n<li>Genre<\/li>\n<li>Date de naissance<\/li>\n<li>Niveau d\u2019\u00e9ducation<\/li>\n<li>Profession<\/li>\n<li>Employeur<\/li>\n<\/ul>\n<p>Nous conserverons vos donn\u00e9es et les traiterons comme d\u00e9crit ci-dessus pendant la dur\u00e9e du contrat ou aussi longtemps que vous resterez un formateur agr\u00e9\u00e9. Ensuite, nous les conserverons pendant sept ans au maximum, uniquement \u00e0 des fins d&rsquo;administration financi\u00e8re.<\/p>\n<p>&nbsp;<\/p>\n<h2>1.2 Traitement des donn\u00e9es personnelles des abonn\u00e9s \u00e0 la newsletter<\/h2>\n<p>Nous utilisons ces donn\u00e9es pour tenir les abonn\u00e9s inform\u00e9s de nos activit\u00e9s et les obtenons lors de leur inscription en ligne \u00e0 la lettre d&rsquo;information.<\/p>\n<p>\u00c0 cette fin, nous pouvons demander les informations suivantes :<\/p>\n<ul>\n<li>Titre<\/li>\n<li>Nom et pr\u00e9nom<\/li>\n<li>Adresse \u00e9lectronique<\/li>\n<\/ul>\n<p>Nous conserverons vos informations et les utiliserons aux fins susmentionn\u00e9es aussi longtemps que vous resterez inscrit.<\/p>\n<p>&nbsp;<\/p>\n<h2>1.3 Transmission \u00e0 des tiers<\/h2>\n<p>Nous pouvons divulguer les informations \u00e0 des tiers si cela est n\u00e9cessaire aux fins d\u00e9crites ci-dessus.<\/p>\n<p>Par exemple, nous faisons appel \u00e0 des tiers pour :<\/p>\n<ul>\n<li>G\u00e9rer notre administration financi\u00e8re et autre<\/li>\n<li>Organiser des formations et des journ\u00e9es de formation continue<\/li>\n<li>Stocker des donn\u00e9es administratives<\/li>\n<\/ul>\n<p>Nous ne transf\u00e9rons jamais de donn\u00e9es \u00e0 caract\u00e8re personnel \u00e0 d&rsquo;autres parties, sauf dans le cadre d&rsquo;un accord de traitement, auquel cas nous prenons les dispositions n\u00e9cessaires pour les s\u00e9curiser. Nous ne les transmettons \u00e0 aucune autre partie, sauf si cela est requis ou autoris\u00e9 par la loi, par exemple si nous devons les fournir \u00e0 la police dans le cadre d&rsquo;une enqu\u00eate. Nous pouvons \u00e9galement partager des donn\u00e9es \u00e0 caract\u00e8re personnel avec des tiers si vous nous en donnez l&rsquo;autorisation \u00e9crite.<\/p>\n<p>&nbsp;<\/p>\n<h2>1.4 Cookies and technologies similaires<\/h2>\n<p>Nous utilisons des cookies techniques et fonctionnels sur ce site web, ainsi que des cookies analytiques qui ne portent pas atteinte \u00e0 votre vie priv\u00e9e. Un cookie est un petit fichier texte qui est stock\u00e9 sur votre ordinateur, tablette ou smartphone lors de votre premi\u00e8re visite sur ce site web. Les cookies que nous utilisons sont n\u00e9cessaires au fonctionnement technique du site web et \u00e0 votre confort d&rsquo;utilisation. Ils garantissent le bon fonctionnement du site web et, par exemple, m\u00e9morisent vos param\u00e8tres pr\u00e9f\u00e9r\u00e9s. Nous pouvons \u00e9galement optimiser notre site web gr\u00e2ce \u00e0 cela. Vous pouvez d\u00e9sactiver les cookies en param\u00e9trant votre navigateur Internet de mani\u00e8re \u00e0 ce qu&rsquo;il ne les enregistre plus. En outre, vous pouvez supprimer toutes les informations enregistr\u00e9es pr\u00e9c\u00e9demment, via les param\u00e8tres de votre navigateur.<\/p>\n<p>Un cookie de la soci\u00e9t\u00e9 am\u00e9ricaine Google est plac\u00e9 sur notre site web dans le cadre du service \u00ab\u00a0Analytics\u00a0\u00bb. Nous utilisons ce service pour suivre et recevoir des rapports sur l&rsquo;utilisation de notre site web par les visiteurs. Google peut fournir ces informations \u00e0 des tiers si Google est l\u00e9galement tenu de le faire ou si des tiers traitent ces informations pour le compte de Google. Nous n&rsquo;avons aucune influence sur ce point. Nous n&rsquo;avons pas autoris\u00e9 Google \u00e0 utiliser les informations d&rsquo;analyse obtenues pour d&rsquo;autres services de Google. Les informations que Google collecte sont rendues anonymes, autant que faire se peut.<\/p>\n<p>Notre site comprend des boutons pour promouvoir des pages web (\u00ab\u00a0like\u00a0\u00bb) ou pour les partager sur des r\u00e9seaux sociaux tels que Facebook et Instagram. Ces boutons utilisent des morceaux de code provenant respectivement de Facebook et d&rsquo;Instagram, qui servent \u00e0 placer des cookies. Nous n&rsquo;avons aucune influence sur ce point. Veuillez lire les d\u00e9clarations de confidentialit\u00e9 de ces r\u00e9seaux, qui peuvent changer r\u00e9guli\u00e8rement, pour savoir ce qu&rsquo;ils font des donn\u00e9es qu&rsquo;ils traitent via ces cookies.<\/p>\n<p>Les informations que ces fournisseurs recueillent sont anonymis\u00e9es, dans la mesure du possible. Elles sont transf\u00e9r\u00e9es et stock\u00e9es par Twitter, Facebook, Google et LinkedIn sur des serveurs situ\u00e9s aux \u00c9tats-Unis.<\/p>\n<p>L&rsquo;objectif de la collecte de donn\u00e9es sur les destinataires de nos lettres d&rsquo;information est d&rsquo;obtenir un aper\u00e7u de leur comportement de lecture et de clic. Elles nous indiquent qui ouvre la newsletter, \u00e0 quelle fr\u00e9quence et \u00e0 quel moment, et sur quels liens ces personnes cliquent. Ainsi, le temps de t\u00e9l\u00e9chargement et le contenu de la newsletter peuvent \u00eatre adapt\u00e9s \u00e0 leurs souhaits. Nous avons sign\u00e9 \u00e0 cette fin un accord de traitement des donn\u00e9es avec Mailchimp, mais les donn\u00e9es ne seront pas partag\u00e9es avec d&rsquo;autres parties et le traitement est soumis au consentement de l&rsquo;utilisateur.<\/p>\n<p>&nbsp;<\/p>\n<h2>1.5 Dur\u00e9e de stockage<\/h2>\n<p>Nous ne conservons les donn\u00e9es personnelles que pendant la dur\u00e9e n\u00e9cessaire \u00e0 la r\u00e9alisation de l&rsquo;objectif pour lequel elles ont \u00e9t\u00e9 fournies ou qui est requise par la loi.<\/p>\n<p>&nbsp;<\/p>\n<h2>1.6 S\u00e9curit\u00e9<\/h2>\n<p>Nous avons pris des mesures n\u00e9cessaires pour prot\u00e9ger vos donn\u00e9es personnelles contre toute utilisation illicite, notamment les suivantes :<\/p>\n<ul>\n<li>Toute personne qui y acc\u00e8de en notre nom est soumise \u00e0 un accord de confidentialit\u00e9<\/li>\n<li>Nous appliquons une politique de noms d&rsquo;utilisateur et de mots de passe sur tous nos syst\u00e8mes<\/li>\n<li>Nous utilisons des pseudonymes et cryptons les donn\u00e9es personnelles si n\u00e9cessaire<\/li>\n<li>Nous faisons des sauvegardes afin de pouvoir les r\u00e9cup\u00e9rer en cas de probl\u00e8me<\/li>\n<li>Nous testons et \u00e9valuons r\u00e9guli\u00e8rement nos mesures de s\u00e9curit\u00e9<\/li>\n<li>Nos employ\u00e9s sont inform\u00e9s de l&rsquo;importance de la protection des donn\u00e9es \u00e0 caract\u00e8re personnel<\/li>\n<\/ul>\n<p>&nbsp;<\/p>\n<h2>1.7 Vos droits<\/h2>\n<p>Vous avez le droit de v\u00e9rifier, de rectifier ou de supprimer vos donn\u00e9es personnelles, ou de demander qu&rsquo;elles ne soient pas trait\u00e9es par nous ou par des tiers. Sur simple demande, nous vous enverrons une copie des donn\u00e9es que nous d\u00e9tenons, \u00e0 vous ou \u00e0 une autre partie. Nous pouvons vous demander de fournir une preuve d&rsquo;identit\u00e9 avant de pouvoir r\u00e9pondre \u00e0 ce type de demande.<\/p>\n<p>Si vous nous avez autoris\u00e9s \u00e0 traiter vos donn\u00e9es \u00e0 caract\u00e8re personnel, vous pouvez r\u00e9voquer ce consentement \u00e0 tout moment.<\/p>\n<p>&nbsp;<\/p>\n<h2>1.8 Modifications<\/h2>\n<p>Nous nous r\u00e9servons le droit d&rsquo;apporter des modifications \u00e0 cette d\u00e9claration de confidentialit\u00e9.<\/p>\n<p>&nbsp;<\/p>\n<h1>2. R\u00e9clamations<\/h1>\n<p>Si vous avez une plainte \u00e0 formuler concernant le traitement de vos donn\u00e9es \u00e0 caract\u00e8re personnel, veuillez nous contacter en premier lieu. Si nous ne parvenons pas \u00e0 r\u00e9soudre le probl\u00e8me, vous pouvez soumettre la plainte \u00e0 l&rsquo;autorit\u00e9 n\u00e9erlandaise de protection des donn\u00e9es.<\/p>\n<p>&nbsp;<\/p>\n<h1>3. Questions<\/h1>\n<p>Veuillez nous contacter si vous avez des questions ou des commentaires concernant notre d\u00e9claration de confidentialit\u00e9.<\/p>\n<p>&nbsp;<\/p>\n<h1>4. Informations de contact<\/h1>\n<p>Academy for Mindful Teaching<br \/>Haverland 9<br \/>3833 CT Leusden<br \/>Pays-Bas<\/p>\n<p>T : +31 6 41 79 40 28<br \/>E : info@elinesnel.com<br \/>Personne de contact pour des questions d\u2019ordre priv\u00e9 : Eline Snel<\/p>\n<p>&nbsp;<\/p>\n<p>[\/et_pb_text][\/et_pb_column][\/et_pb_row][\/et_pb_section]<\/p>\n","protected":false},"excerpt":{"rendered":"<p>D\u00c9CLARATION DE CONFIDENTIALIT\u00c9L&rsquo;Academy for Mindful Teaching attache une grande importance \u00e0 la protection des donn\u00e9es personnelles. La pr\u00e9sente d\u00e9claration contient des informations claires et transparentes sur la mani\u00e8re dont nous les traitons. 1. Donn\u00e9es personnelles Nous faisons tout ce qui est en notre pouvoir pour garantir le respect de la vie priv\u00e9e et nous traitons [&hellip;]<\/p>\n","protected":false},"author":12,"featured_media":0,"parent":0,"menu_order":0,"comment_status":"closed","ping_status":"closed","template":"","meta":{"_et_pb_use_builder":"on","_et_pb_old_content":"","_et_gb_content_width":"","footnotes":""},"class_list":["post-8037","page","type-page","status-publish","hentry"],"_links":{"self":[{"href":"https:\/\/www.elinesnel.com\/fr\/wp-json\/wp\/v2\/pages\/8037","targetHints":{"allow":["GET"]}}],"collection":[{"href":"https:\/\/www.elinesnel.com\/fr\/wp-json\/wp\/v2\/pages"}],"about":[{"href":"https:\/\/www.elinesnel.com\/fr\/wp-json\/wp\/v2\/types\/page"}],"author":[{"embeddable":true,"href":"https:\/\/www.elinesnel.com\/fr\/wp-json\/wp\/v2\/users\/12"}],"replies":[{"embeddable":true,"href":"https:\/\/www.elinesnel.com\/fr\/wp-json\/wp\/v2\/comments?post=8037"}],"version-history":[{"count":0,"href":"https:\/\/www.elinesnel.com\/fr\/wp-json\/wp\/v2\/pages\/8037\/revisions"}],"wp:attachment":[{"href":"https:\/\/www.elinesnel.com\/fr\/wp-json\/wp\/v2\/media?parent=8037"}],"curies":[{"name":"wp","href":"https:\/\/api.w.org\/{rel}","templated":true}]}}