{"id":8588,"date":"2021-06-29T15:38:21","date_gmt":"2021-06-29T13:38:21","guid":{"rendered":"https:\/\/www.elinesnel.com\/?page_id=8588"},"modified":"2024-09-30T14:25:46","modified_gmt":"2024-09-30T12:25:46","slug":"agenda","status":"publish","type":"page","link":"https:\/\/www.elinesnel.com\/es\/agenda\/","title":{"rendered":"Agenda"},"content":{"rendered":"<p>[et_pb_section fb_built=\u00bb1&#8243; _builder_version=\u00bb4.16&#8243; custom_padding=\u00bb0px||0px|||\u00bb global_colors_info=\u00bb{}\u00bb][et_pb_row column_structure=\u00bb1_3,1_3,1_3&#8243; use_custom_gutter=\u00bbon\u00bb gutter_width=\u00bb1&#8243; _builder_version=\u00bb4.16&#8243; width=\u00bb100%\u00bb max_width=\u00bb1920px\u00bb module_alignment=\u00bbcenter\u00bb custom_margin=\u00bb|auto|-20px|auto||\u00bb custom_padding=\u00bb0px||0px|||\u00bb global_colors_info=\u00bb{}\u00bb][et_pb_column type=\u00bb1_3&#8243; _builder_version=\u00bb4.16&#8243; border_width_top=\u00bb10px\u00bb border_color_top=\u00bb#99c221&#8243; global_colors_info=\u00bb{}\u00bb][\/et_pb_column][et_pb_column type=\u00bb1_3&#8243; _builder_version=\u00bb4.16&#8243; border_width_top=\u00bb10px\u00bb border_color_top=\u00bb#339933&#8243; global_colors_info=\u00bb{}\u00bb][\/et_pb_column][et_pb_column type=\u00bb1_3&#8243; _builder_version=\u00bb4.16&#8243; border_width_top=\u00bb10px\u00bb border_color_top=\u00bb#007398&#8243; global_colors_info=\u00bb{}\u00bb][\/et_pb_column][\/et_pb_row][\/et_pb_section][et_pb_section fb_built=\u00bb1&#8243; _builder_version=\u00bb4.16&#8243; global_colors_info=\u00bb{}\u00bb theme_builder_area=\u00bbpost_content\u00bb][et_pb_row _builder_version=\u00bb4.16&#8243; global_colors_info=\u00bb{}\u00bb theme_builder_area=\u00bbpost_content\u00bb][et_pb_column type=\u00bb4_4&#8243; _builder_version=\u00bb4.16&#8243; global_colors_info=\u00bb{}\u00bb theme_builder_area=\u00bbpost_content\u00bb][et_pb_text _builder_version=\u00bb4.21.0&#8243; _module_preset=\u00bbdefault\u00bb text_font_size=\u00bb18px\u00bb text_line_height=\u00bb1.6em\u00bb text_orientation=\u00bbcenter\u00bb max_width=\u00bb800px\u00bb module_alignment=\u00bbcenter\u00bb text_font_size_tablet=\u00bb18px\u00bb text_font_size_phone=\u00bb16px\u00bb text_font_size_last_edited=\u00bbon|phone\u00bb global_colors_info=\u00bb{}\u00bb theme_builder_area=\u00bbpost_content\u00bb]Todas las formaciones y capacitaciones continuas seg\u00fan el M\u00e9todo Eline Snel son ofrecidas por la Academy for Mindful Teaching. A trav\u00e9s de los botones a continuaci\u00f3n, accedes directamente a la agenda de la Academy for Mindful Teaching, donde encontrar\u00e1s m\u00e1s informaci\u00f3n sobre las fechas y ubicaciones de las formaciones.[\/et_pb_text][\/et_pb_column][\/et_pb_row][et_pb_row _builder_version=\u00bb4.21.0&#8243; _module_preset=\u00bbdefault\u00bb global_colors_info=\u00bb{}\u00bb theme_builder_area=\u00bbpost_content\u00bb][et_pb_column type=\u00bb4_4&#8243; _builder_version=\u00bb4.21.0&#8243; _module_preset=\u00bbdefault\u00bb global_colors_info=\u00bb{}\u00bb theme_builder_area=\u00bbpost_content\u00bb][et_pb_button button_url=\u00bbhttps:\/\/www.academyformindfulteaching.com\/pages\/agenda-spaans\u00bb url_new_window=\u00bbon\u00bb button_text=\u00bbAgenda\u00bb button_alignment=\u00bbcenter\u00bb _builder_version=\u00bb4.21.0&#8243; custom_button=\u00bbon\u00bb button_bg_color=\u00bb#006a52&#8243; button_border_color=\u00bb#006a52&#8243; background_layout=\u00bbdark\u00bb custom_padding=\u00bb16px|30px|16px|30px|true|false\u00bb custom_padding_tablet=\u00bb\u00bb custom_padding_phone=\u00bb\u00bb custom_padding_last_edited=\u00bbon|desktop\u00bb animation_style=\u00bbzoom\u00bb animation_duration=\u00bb800ms\u00bb button_text_size_tablet=\u00bb\u00bb button_text_size_phone=\u00bb16px\u00bb button_text_size_last_edited=\u00bbon|phone\u00bb button_bg_color_hover=\u00bb#4f8bdd\u00bb locked=\u00bboff\u00bb global_colors_info=\u00bb{}\u00bb button_text_size__hover_enabled=\u00bboff\u00bb button_one_text_size__hover_enabled=\u00bboff\u00bb button_two_text_size__hover_enabled=\u00bboff\u00bb button_text_color__hover_enabled=\u00bboff\u00bb button_one_text_color__hover_enabled=\u00bboff\u00bb button_two_text_color__hover_enabled=\u00bboff\u00bb button_border_width__hover_enabled=\u00bboff\u00bb button_one_border_width__hover_enabled=\u00bboff\u00bb button_two_border_width__hover_enabled=\u00bboff\u00bb button_border_color__hover_enabled=\u00bboff\u00bb button_one_border_color__hover_enabled=\u00bboff\u00bb button_two_border_color__hover_enabled=\u00bboff\u00bb button_border_radius__hover_enabled=\u00bboff\u00bb button_one_border_radius__hover_enabled=\u00bboff\u00bb button_two_border_radius__hover_enabled=\u00bboff\u00bb button_letter_spacing__hover_enabled=\u00bboff\u00bb button_one_letter_spacing__hover_enabled=\u00bboff\u00bb button_two_letter_spacing__hover_enabled=\u00bboff\u00bb button_bg_color__hover_enabled=\u00bbon|hover\u00bb button_bg_color__hover=\u00bb#006a52&#8243; button_one_bg_color__hover_enabled=\u00bboff\u00bb button_two_bg_color__hover_enabled=\u00bboff\u00bb button_bg_enable_color__hover=\u00bbon\u00bb custom_padding__hover_enabled=\u00bbon|hover\u00bb custom_padding__hover=\u00bb|40px||20px|true|false\u00bb theme_builder_area=\u00bbpost_content\u00bb][\/et_pb_button][\/et_pb_column][\/et_pb_row][\/et_pb_section]<\/p>\n","protected":false},"excerpt":{"rendered":"<p>Todas las formaciones y capacitaciones continuas seg\u00fan el M\u00e9todo Eline Snel son ofrecidas por la Academy for Mindful Teaching. A trav\u00e9s de los botones a continuaci\u00f3n, accedes directamente a la agenda de la Academy for Mindful Teaching, donde encontrar\u00e1s m\u00e1s informaci\u00f3n sobre las fechas y ubicaciones de las formaciones.<\/p>\n","protected":false},"author":1,"featured_media":0,"parent":0,"menu_order":0,"comment_status":"closed","ping_status":"closed","template":"","meta":{"_et_pb_use_builder":"on","_et_pb_old_content":"[et_pb_section fb_built=\"1\" _builder_version=\"4.4.2\" custom_padding=\"0px||0px|||\"][et_pb_row column_structure=\"1_6,1_6,1_6,1_6,1_6,1_6\" use_custom_gutter=\"on\" gutter_width=\"1\" _builder_version=\"4.4.2\" width=\"100%\" max_width=\"1920px\" module_alignment=\"center\" custom_padding=\"0px||0px|||\"][et_pb_column type=\"1_6\" _builder_version=\"4.4.2\" border_width_top=\"14px\" border_color_top=\"#41B6E6\"][\/et_pb_column][et_pb_column type=\"1_6\" _builder_version=\"4.4.2\" border_width_top=\"14px\" border_color_top=\"#b7312c\"][\/et_pb_column][et_pb_column type=\"1_6\" _builder_version=\"4.4.2\" border_width_top=\"14px\" border_color_top=\"#ea7600\"][\/et_pb_column][et_pb_column type=\"1_6\" _builder_version=\"4.4.2\" border_width_top=\"14px\" border_color_top=\"#F1C400\"][\/et_pb_column][et_pb_column type=\"1_6\" _builder_version=\"4.4.2\" border_width_top=\"14px\" border_color_top=\"#658d1b\"][\/et_pb_column][et_pb_column type=\"1_6\" _builder_version=\"4.4.2\" border_width_top=\"14px\" border_color_top=\"#007398\"][\/et_pb_column][\/et_pb_row][\/et_pb_section][et_pb_section fb_built=\"1\" _builder_version=\"4.4.2\" background_image=\"https:\/\/www.elinesnel.com\/wp-content\/uploads\/2020\/04\/ElineSnel_website_slider2.jpg\" background_size=\"initial\" custom_padding=\"28vw||5vw||false|false\"][et_pb_row _builder_version=\"4.4.2\" background_color=\"rgba(255,255,255,0.79)\" width=\"100%\" max_width=\"2000px\" module_alignment=\"center\" custom_padding=\"32px|||||\"][et_pb_column type=\"4_4\" _builder_version=\"4.4.2\"][et_pb_text _builder_version=\"4.4.2\" header_font=\"Ubuntu|300|||||||\" header_text_align=\"center\" header_text_color=\"#007398\" header_font_size=\"34px\"]<h1>COMING SOON<\/h1>[\/et_pb_text][\/et_pb_column][\/et_pb_row][\/et_pb_section][et_pb_section fb_built=\"1\" _builder_version=\"4.4.2\"][et_pb_row _builder_version=\"4.4.2\"][et_pb_column _builder_version=\"4.4.2\" type=\"4_4\"][et_pb_text _builder_version=\"4.4.2\" hover_enabled=\"0\"][add_eventon_search][\/et_pb_text][\/et_pb_column][\/et_pb_row][et_pb_row _builder_version=\"4.4.2\"][et_pb_column _builder_version=\"4.4.2\" type=\"4_4\"][et_pb_text _builder_version=\"4.4.2\" hover_enabled=\"0\"][add_eventon_el tiles=\"yes\" number_of_months=\"12\" event_count=\"15\" event_count_list=\"yes\" event_past_future=\"future\" hide_so=\"yes\" ux_val=\"4\" ][\/et_pb_text][\/et_pb_column][\/et_pb_row][\/et_pb_section]","_et_gb_content_width":"","footnotes":""},"class_list":["post-8588","page","type-page","status-publish","hentry"],"_links":{"self":[{"href":"https:\/\/www.elinesnel.com\/es\/wp-json\/wp\/v2\/pages\/8588","targetHints":{"allow":["GET"]}}],"collection":[{"href":"https:\/\/www.elinesnel.com\/es\/wp-json\/wp\/v2\/pages"}],"about":[{"href":"https:\/\/www.elinesnel.com\/es\/wp-json\/wp\/v2\/types\/page"}],"author":[{"embeddable":true,"href":"https:\/\/www.elinesnel.com\/es\/wp-json\/wp\/v2\/users\/1"}],"replies":[{"embeddable":true,"href":"https:\/\/www.elinesnel.com\/es\/wp-json\/wp\/v2\/comments?post=8588"}],"version-history":[{"count":0,"href":"https:\/\/www.elinesnel.com\/es\/wp-json\/wp\/v2\/pages\/8588\/revisions"}],"wp:attachment":[{"href":"https:\/\/www.elinesnel.com\/es\/wp-json\/wp\/v2\/media?parent=8588"}],"curies":[{"name":"wp","href":"https:\/\/api.w.org\/{rel}","templated":true}]}}