{"id":7297,"date":"2021-05-21T10:40:18","date_gmt":"2021-05-21T08:40:18","guid":{"rendered":"https:\/\/www.elinesnel.com\/?page_id=7297"},"modified":"2021-10-23T09:53:20","modified_gmt":"2021-10-23T07:53:20","slug":"declaracion-de-privacidad","status":"publish","type":"page","link":"https:\/\/www.elinesnel.com\/es\/declaracion-de-privacidad\/","title":{"rendered":"DECLARACI\u00d3N DE PRIVACIDAD"},"content":{"rendered":"<p>[et_pb_section fb_built=\u00bb1&#8243; custom_padding_last_edited=\u00bbon|phone\u00bb module_class=\u00bbvervolgtitel\u00bb _builder_version=\u00bb4.5.1&#8243; _module_preset=\u00bbdefault\u00bb background_color_gradient_direction=\u00bb0deg\u00bb background_image=\u00bbhttps:\/\/www.elinesnel.com\/wp-content\/uploads\/2020\/11\/Eline-snel_Webbanner-2000x400Nov8.jpg\u00bb custom_padding=\u00bb11vw||0px||false|false\u00bb custom_padding_tablet=\u00bb\u00bb custom_padding_phone=\u00bb0vw||||false|false\u00bb global_colors_info=\u00bb{}\u00bb][et_pb_row custom_padding_last_edited=\u00bbon|phone\u00bb _builder_version=\u00bb4.5.1&#8243; custom_margin=\u00bb||||false|false\u00bb custom_padding=\u00bb||||false|false\u00bb custom_padding_tablet=\u00bb\u00bb custom_padding_phone=\u00bb0px||||false|false\u00bb global_colors_info=\u00bb{}\u00bb][et_pb_column type=\u00bb4_4&#8243; _builder_version=\u00bb4.5.1&#8243; global_colors_info=\u00bb{}\u00bb][et_pb_text _builder_version=\u00bb4.9.0&#8243; text_font=\u00bbNunito Sans||||||||\u00bb text_text_color=\u00bb#006a52&#8243; text_font_size=\u00bb25px\u00bb text_line_height=\u00bb1.3em\u00bb header_font=\u00bb||||||||\u00bb header_text_color=\u00bb#0f7499&#8243; header_font_size=\u00bb32px\u00bb header_line_height=\u00bb1.4em\u00bb background_color=\u00bb#ffffff\u00bb transform_translate=\u00bb0px|84px\u00bb transform_translate_linked=\u00bboff\u00bb z_index=\u00bb1&#8243; text_orientation=\u00bbcenter\u00bb max_width=\u00bb850px\u00bb module_alignment=\u00bbcenter\u00bb custom_margin=\u00bb0px||||false|false\u00bb custom_margin_tablet=\u00bb\u00bb custom_margin_phone=\u00bb0px||||false|false\u00bb custom_margin_last_edited=\u00bbon|phone\u00bb custom_padding=\u00bb25px|25px|25px|25px|true|true\u00bb custom_padding_tablet=\u00bb\u00bb custom_padding_phone=\u00bb14px|15px|7px|15px|false|true\u00bb custom_padding_last_edited=\u00bbon|phone\u00bb animation_direction=\u00bbbottom\u00bb text_font_size_tablet=\u00bb\u00bb text_font_size_phone=\u00bb20px\u00bb text_font_size_last_edited=\u00bbon|phone\u00bb header_font_size_tablet=\u00bb\u00bb header_font_size_phone=\u00bb22px\u00bb header_font_size_last_edited=\u00bbon|phone\u00bb module_alignment_tablet=\u00bb\u00bb module_alignment_phone=\u00bbcenter\u00bb module_alignment_last_edited=\u00bbon|phone\u00bb border_width_top=\u00bb10px\u00bb border_color_top=\u00bb#329a37&#8243; border_width_top_tablet=\u00bb\u00bb border_width_top_phone=\u00bb6px\u00bb border_width_top_last_edited=\u00bbon|phone\u00bb box_shadow_style=\u00bbpreset2&#8243; box_shadow_horizontal=\u00bb5px\u00bb box_shadow_vertical=\u00bb5px\u00bb box_shadow_blur=\u00bb5px\u00bb box_shadow_color=\u00bbrgba(0,0,0,0.15)\u00bb global_colors_info=\u00bb{}\u00bb]<\/p>\n<h1>DECLARACI\u00d3N DE PRIVACIDAD<\/h1>\n<p>[\/et_pb_text][\/et_pb_column][\/et_pb_row][\/et_pb_section][et_pb_section fb_built=\u00bb1&#8243; fullwidth=\u00bbon\u00bb _builder_version=\u00bb4.5.1&#8243; _module_preset=\u00bbdefault\u00bb global_colors_info=\u00bb{}\u00bb][\/et_pb_section][et_pb_section fb_built=\u00bb1&#8243; disabled_on=\u00bbon|on|off\u00bb module_class=\u00bbtoplijnen\u00bb _builder_version=\u00bb4.5.1&#8243; _module_preset=\u00bbdefault\u00bb custom_margin=\u00bb0px||0px||false|false\u00bb custom_padding=\u00bb0px||0px|||\u00bb global_colors_info=\u00bb{}\u00bb][et_pb_row column_structure=\u00bb1_2,1_2&#8243; use_custom_gutter=\u00bbon\u00bb gutter_width=\u00bb1&#8243; _builder_version=\u00bb4.5.1&#8243; _module_preset=\u00bbdefault\u00bb z_index=\u00bb1&#8243; width=\u00bb100%\u00bb max_width=\u00bb100%\u00bb custom_padding=\u00bb0px||0px||false|false\u00bb global_colors_info=\u00bb{}\u00bb][et_pb_column type=\u00bb1_2&#8243; _builder_version=\u00bb4.5.1&#8243; _module_preset=\u00bbdefault\u00bb border_width_top=\u00bb10px\u00bb border_color_top=\u00bb#9ac21e\u00bb global_colors_info=\u00bb{}\u00bb][\/et_pb_column][et_pb_column type=\u00bb1_2&#8243; _builder_version=\u00bb4.5.1&#8243; _module_preset=\u00bbdefault\u00bb border_width_top=\u00bb10px\u00bb border_color_top=\u00bb#0f7499&#8243; global_colors_info=\u00bb{}\u00bb][\/et_pb_column][\/et_pb_row][\/et_pb_section][et_pb_section fb_built=\u00bb1&#8243; custom_padding_last_edited=\u00bboff|desktop\u00bb background_color_gradient_end_1=\u00bb#c7cbd4&#8243; admin_label=\u00bbTwo CTA Section\u00bb _builder_version=\u00bb4.5.1&#8243; background_enable_color=\u00bboff\u00bb background_enable_image=\u00bboff\u00bb background_size=\u00bbinitial\u00bb background_position=\u00bbtop_left\u00bb custom_padding=\u00bb0px||0px||true\u00bb custom_padding_tablet=\u00bb20px||10px|\u00bb background_last_edited=\u00bbon|tablet\u00bb background_enable_image_tablet=\u00bboff\u00bb background_enable_image_phone=\u00bboff\u00bb global_colors_info=\u00bb{}\u00bb][et_pb_row custom_padding_last_edited=\u00bbon|phone\u00bb admin_label=\u00bbMission Row\u00bb _builder_version=\u00bb4.5.1&#8243; custom_padding=\u00bb105px||75px||false|false\u00bb custom_padding_tablet=\u00bb\u00bb custom_padding_phone=\u00bb70px||75px||false|false\u00bb animation_direction=\u00bbleft\u00bb locked=\u00bboff\u00bb global_colors_info=\u00bb{}\u00bb][et_pb_column type=\u00bb4_4&#8243; _builder_version=\u00bb3.25&#8243; custom_padding=\u00bb|||\u00bb global_colors_info=\u00bb{}\u00bb custom_padding__hover=\u00bb|||\u00bb][et_pb_text _builder_version=\u00bb4.9.0&#8243; _module_preset=\u00bbdefault\u00bb text_font_size=\u00bb18px\u00bb text_line_height=\u00bb1.5em\u00bb header_font=\u00bb|700|||||||\u00bb header_text_color=\u00bb#329a37&#8243; header_font_size=\u00bb26px\u00bb header_line_height=\u00bb1.4em\u00bb header_2_font=\u00bb|600|||||||\u00bb header_2_text_color=\u00bb#329a37&#8243; header_2_font_size=\u00bb20px\u00bb header_2_line_height=\u00bb1.4em\u00bb text_font_size_tablet=\u00bb\u00bb text_font_size_phone=\u00bb16px\u00bb text_font_size_last_edited=\u00bbon|phone\u00bb header_font_size_tablet=\u00bb\u00bb header_font_size_phone=\u00bb22px\u00bb header_font_size_last_edited=\u00bbon|phone\u00bb header_2_font_size_tablet=\u00bb\u00bb header_2_font_size_phone=\u00bb16px\u00bb header_2_font_size_last_edited=\u00bbon|phone\u00bb global_colors_info=\u00bb{}\u00bb]<\/p>\n<p>La Academia de Ense\u00f1anza Consciente da mucha importancia a la protecci\u00f3n de datos personales. Esta declaraci\u00f3n contiene informaci\u00f3n clara y transparente de como la manejamos.<\/p>\n<h1>1. Datos Personales<\/h1>\n<p>Hacemos todo lo posible para asegurar la privacidad y manejo de los datos personales con mucho cuidado. Cumplimos con todas las leyes y regulaciones, incluyendo la Regulaci\u00f3n General de Protecci\u00f3n de datos personales, por lo que:<\/p>\n<ul>\n<li><span>Usamos los datos personales solamente para el fin que fueron provistos. Esta declaraci\u00f3n enumera los \u00edtems que usamos y el fin de estos. <\/span><\/li>\n<li><span><\/span><span>Procesamos solamente los datos necesarios para el fin que fueron solicitados <\/span><\/li>\n<li><span><\/span><span>Pedimos tu explicito consentimiento para procesar los datos de ser necesario.<\/span><\/li>\n<li><span><\/span><span>Tomamos las medidas apropiadas para garantizar su seguridad <\/span><\/li>\n<li><span><\/span><span>Evitamos compartir estos datos con terceras partes a menos que sea necesario debido al fin por lo que han sido provistos <\/span><\/li>\n<li><span><\/span><span>Respetamos tus derechos respecto a los datos y te informamos acerca de los mismos <\/span><\/li>\n<\/ul>\n<p>La Academia de Ense\u00f1anza Consciente es responsable del procesamiento en tus datos personales. Si tienes alguna pregunta tras haber le\u00eddo esta declaraci\u00f3n, nuestros datos de contacto se encuentran al final<\/p>\n<p><span style=\"color: #329a37; font-size: 20px; font-weight: 600;\"><\/span><\/p>\n<p><span style=\"color: #329a37; font-size: 20px; font-weight: 600;\">1.1 Procesamiento de datos personales<\/span><\/p>\n<p>Procesamos los datos de clientes y proveedores para los siguientes prop\u00f3sitos:<\/p>\n<ul>\n<li>Administraci\u00f3n<\/li>\n<li>Comunicaci\u00f3n sobre tareas e invitaciones<\/li>\n<li>Asignaci\u00f3n de tareas<\/li>\n<li>Cursos y d\u00edas post acad\u00e9micos<\/li>\n<\/ul>\n<p>Obtenemos los datos personales a trav\u00e9s de los formularios de admisi\u00f3n y los consentimientos firmados<\/p>\n<p>Con los fines mencionados podemos solicitarte la siguiente informaci\u00f3n personal<\/p>\n<ul>\n<li>Titulo<\/li>\n<li>Nombre completo<\/li>\n<li>Numero de tel\u00e9fono<\/li>\n<li>Direcci\u00f3n de mail<\/li>\n<li>Genero<\/li>\n<li>Fecha de nacimiento<\/li>\n<li>Educaci\u00f3n<\/li>\n<li>Profesi\u00f3n<\/li>\n<li>Lugar de trabajoGuardaremos tus datos durante el periodo consentido o mientras seas un entrenador certificado. Luego lo guardaremos por siete a\u00f1os, solamente con fines administrativos.<\/li>\n<\/ul>\n<p>&nbsp;<\/p>\n<h2>1.2 Procesamiento de suscripci\u00f3n de datos personales para newsletter<\/h2>\n<p>Usamos estos datos para informar a nuestros suscriptores de nuestras actividades que se obtienen cuando se suscriben on line.<\/p>\n<p>Para este fin Podemos solicitarles los siguientes datos:<\/p>\n<ul>\n<li>Titulo<\/li>\n<li>Nombre completo<\/li>\n<li>Direcci\u00f3n de mail<\/li>\n<\/ul>\n<p>Guardaremos tus datos mientras te encuentres suscripto<\/p>\n<p><span style=\"color: #329a37; font-size: 20px; font-weight: 600;\"><\/span><\/p>\n<p><span style=\"color: #329a37; font-size: 20px; font-weight: 600;\"><\/span><\/p>\n<p><span style=\"color: #329a37; font-size: 20px; font-weight: 600;\">1.3 Provisi\u00f3n a terceras partes<br \/><\/span><span style=\"font-size: 18px;\">Compartiremos informaci\u00f3n a terceras partes si esto fuera necesario como ha sido descripto anteriormente<\/span><\/p>\n<p>Por ejemplo, usamos a terceras partes para<\/p>\n<ul>\n<li>Administrar nuestras finanzas y otros temas<\/li>\n<li>Organizar cursos y d\u00edas post acad\u00e9micos<\/li>\n<li>Guardar datos administrativos<\/li>\n<\/ul>\n<p>No transferimos datos personales a otras partes sin consentimiento previo y con todos los cuidados para garantizar su privacidad. No ser\u00e1n compartidos con terceras partes a menos que esto sea solicitado por ley, por ejemplo, si tenemos que facilitar datos a la polic\u00eda para facilitar una investigaci\u00f3n.<\/p>\n<p><span style=\"color: #329a37; font-size: 20px; font-weight: 600;\"><\/span><\/p>\n<p><span style=\"color: #329a37; font-size: 20px; font-weight: 600;\"><\/span><\/p>\n<p><span style=\"color: #329a37; font-size: 20px; font-weight: 600;\">1.4 Cookies y tecnolog\u00eda similar<br \/><\/span><span style=\"font-size: 18px;\">Usamos cookies funcionales y t\u00e9cnicas en nuestro sitio web. Tambi\u00e9n cookies anal\u00edticas que no invaden tu privacidad. Una cookie es un peque\u00f1o archivo de texto que se almacena en tu computadora, tablet o smartphone y da facilidad para su uso. Puedes optar por no usar cookies seteando tu explorador de internet para que no almacene cookies. Tambi\u00e9n puedes borrar toda la informaci\u00f3n previamente guardada a trav\u00e9s de tus ajustes.<\/span><\/p>\n<p>Una cookie de la empresa estadounidense Google se coloca a trav\u00e9s de nuestro sitio web como parte del servicio \u00abAnalytics\u00bb. Usamos este servicio para realizar un seguimiento y recibir informes sobre c\u00f3mo los visitantes usan el sitio web. Google puede proporcionar esta informaci\u00f3n a terceros si Google est\u00e1 legalmente obligado a hacerlo, o si terceros procesan la informaci\u00f3n en nombre de Google. No tenemos ninguna influencia en esto. No hemos permitido que Google utilice la informaci\u00f3n de Analytics obtenida para otros servicios de Google. La informaci\u00f3n que recopila Google se anonimiza tanto como sea posible.<\/p>\n<p>Nuestro sitio incluye botones para promocionar (\u00abme gusta\u00bb) p\u00e1ginas web o compartirlas en redes sociales como Facebook e Instagram. Estos utilizan fragmentos de c\u00f3digo que se originan en Facebook e Instagram respectivamente, que se utilizan para colocar cookies. No tenemos ninguna influencia sobre esto. Lea sus declaraciones de privacidad, que pueden cambiar con regularidad, para averiguar qu\u00e9 hacen con los datos que procesan a trav\u00e9s de estas cookies.<\/p>\n<p><span style=\"color: #329a37; font-size: 20px; font-weight: 600;\"><\/span><\/p>\n<p><span style=\"color: #329a37; font-size: 20px; font-weight: 600;\"><\/span><\/p>\n<p><span style=\"color: #329a37; font-size: 20px; font-weight: 600;\">1.5 Periodo de almacenamiento<br \/><\/span>Guardamos la data por el tiempo que sea necesario con el fin que ha sido provisto o por si es requerido por ley.<\/p>\n<p><span style=\"color: #329a37; font-size: 20px; font-weight: 600;\"><\/span><\/p>\n<p><span style=\"color: #329a37; font-size: 20px; font-weight: 600;\"><\/span><\/p>\n<p><span style=\"color: #329a37; font-size: 20px; font-weight: 600;\">1.6 Beveiliging<br \/><\/span>Hemos tomado las medidas necesarias para proteger los datos personales de usos indebidos como los siguientes;<\/p>\n<ul>\n<li>Cualquiera que tenga acceso en nombre nuestro esta sujeto a un acuerdo de confidencialidad<\/li>\n<li>Mantenemos un usuario y una contrase\u00f1a en todos nuestros sistemas<\/li>\n<li>Proveemos de seud\u00f3nimos y encriptamos data personal si es necesario<\/li>\n<li>Tenemos respaldos guardados en caso de alguna eventualidad<\/li>\n<li>Testeamos y evaluamos nuestras medidas de seguridad en forma peri\u00f3dica<\/li>\n<li>Nuestros empleados son informados de la importancia de proteger los datos personales<\/li>\n<\/ul>\n<p>&nbsp;<\/p>\n<h2>1.7 Tus derechos<\/h2>\n<p>Tienes derecho a inspeccionar, rectificar o borrar tus datos personales o solicitar que no sean procesados por nosotros o terceras partes. De ser solicitado, te enviaremos una copia de los datos que poseemos ya sea a ti o a otra parte. Te solicitaremos puedas probar tu identidad antes de responder a dicha solicitud.<\/p>\n<p>Si nos has dado permiso para procesar tus datos personales, puedes revocar este consentimiento en cualquier momento.<\/p>\n<p>&nbsp;<\/p>\n<h2>1.8 Enmiendas<\/h2>\n<p>Nos reservamos el derecho de realizar cambios en esta pol\u00edtica de privacidad.<\/p>\n<h1><\/h1>\n<h1><\/h1>\n<p>&nbsp;<\/p>\n<h1>2. Quejas<\/h1>\n<p>Si tienes una queja acerca del procesamiento de datos personales, por favor cont\u00e1ctanos en primera instancia. Si no podemos resolver el tema, puedes elevar tu queja a las autoridades Holandesas de Protecci\u00f3n de Data.<\/p>\n<h1><\/h1>\n<h1><\/h1>\n<h1><\/h1>\n<h1><\/h1>\n<h1><\/h1>\n<h1>3. Preguntas<\/h1>\n<p>Por favor cont\u00e1ctanos si tienes alguna duda o pregunta acerca de la pol\u00edtica de privacidad.<\/p>\n<p>&nbsp;<\/p>\n<h1>4. Detalles de Contacto<\/h1>\n<p>Academia de Ense\u00f1anza Consciente<br \/>Haverland 9<br \/>3833 CT Leusden<br \/>Holanda<br \/>T: +31 6 41 79 40 28<br \/>E: <a href=\"mailto:info@elinesnel.com\">info@elinesnel.com<\/a><br \/>Contacto para asuntos privados: Eline Snel<\/p>\n<p>&nbsp;<\/p>\n<p>[\/et_pb_text][\/et_pb_column][\/et_pb_row][\/et_pb_section]<\/p>\n","protected":false},"excerpt":{"rendered":"<p>DECLARACI\u00d3N DE PRIVACIDADLa Academia de Ense\u00f1anza Consciente da mucha importancia a la protecci\u00f3n de datos personales. Esta declaraci\u00f3n contiene informaci\u00f3n clara y transparente de como la manejamos. 1. Datos Personales Hacemos todo lo posible para asegurar la privacidad y manejo de los datos personales con mucho cuidado. Cumplimos con todas las leyes y regulaciones, incluyendo [&hellip;]<\/p>\n","protected":false},"author":12,"featured_media":0,"parent":0,"menu_order":0,"comment_status":"closed","ping_status":"closed","template":"","meta":{"_et_pb_use_builder":"on","_et_pb_old_content":"","_et_gb_content_width":"","footnotes":""},"class_list":["post-7297","page","type-page","status-publish","hentry"],"_links":{"self":[{"href":"https:\/\/www.elinesnel.com\/es\/wp-json\/wp\/v2\/pages\/7297","targetHints":{"allow":["GET"]}}],"collection":[{"href":"https:\/\/www.elinesnel.com\/es\/wp-json\/wp\/v2\/pages"}],"about":[{"href":"https:\/\/www.elinesnel.com\/es\/wp-json\/wp\/v2\/types\/page"}],"author":[{"embeddable":true,"href":"https:\/\/www.elinesnel.com\/es\/wp-json\/wp\/v2\/users\/12"}],"replies":[{"embeddable":true,"href":"https:\/\/www.elinesnel.com\/es\/wp-json\/wp\/v2\/comments?post=7297"}],"version-history":[{"count":0,"href":"https:\/\/www.elinesnel.com\/es\/wp-json\/wp\/v2\/pages\/7297\/revisions"}],"wp:attachment":[{"href":"https:\/\/www.elinesnel.com\/es\/wp-json\/wp\/v2\/media?parent=7297"}],"curies":[{"name":"wp","href":"https:\/\/api.w.org\/{rel}","templated":true}]}}