{"id":7212,"date":"2021-05-20T16:08:36","date_gmt":"2021-05-20T14:08:36","guid":{"rendered":"https:\/\/www.elinesnel.com\/?page_id=7212"},"modified":"2022-05-12T12:26:37","modified_gmt":"2022-05-12T10:26:37","slug":"mision-y-vision","status":"publish","type":"page","link":"https:\/\/www.elinesnel.com\/es\/mision-y-vision\/","title":{"rendered":"Misi\u00f3n y visi\u00f3n"},"content":{"rendered":"<p>[et_pb_section fb_built=\u00bb1&#8243; custom_padding_last_edited=\u00bbon|phone\u00bb module_class=\u00bbvervolgtitel\u00bb _builder_version=\u00bb4.16&#8243; _module_preset=\u00bbdefault\u00bb background_color_gradient_direction=\u00bb0deg\u00bb background_image=\u00bbhttps:\/\/www.elinesnel.com\/wp-content\/uploads\/2021\/02\/ElineSnel_Kikkervervolg.jpg\u00bb custom_padding=\u00bb11vw||0px||false|false\u00bb custom_padding_tablet=\u00bb\u00bb custom_padding_phone=\u00bb0vw||||false|false\u00bb global_colors_info=\u00bb{}\u00bb][et_pb_row custom_padding_last_edited=\u00bbon|phone\u00bb _builder_version=\u00bb4.16&#8243; custom_margin=\u00bb||||false|false\u00bb custom_padding=\u00bb||||false|false\u00bb custom_padding_tablet=\u00bb\u00bb custom_padding_phone=\u00bb0px||||false|false\u00bb global_colors_info=\u00bb{}\u00bb][et_pb_column type=\u00bb4_4&#8243; _builder_version=\u00bb4.16&#8243; global_colors_info=\u00bb{}\u00bb][et_pb_text _builder_version=\u00bb4.16&#8243; text_font=\u00bbNunito Sans||||||||\u00bb text_text_color=\u00bb#006a52&#8243; text_font_size=\u00bb25px\u00bb text_line_height=\u00bb1.3em\u00bb header_font=\u00bb||||||||\u00bb header_text_color=\u00bb#0f7499&#8243; header_font_size=\u00bb32px\u00bb header_line_height=\u00bb1.4em\u00bb background_color=\u00bb#ffffff\u00bb transform_translate=\u00bb0px|84px\u00bb transform_translate_linked=\u00bboff\u00bb z_index=\u00bb1&#8243; text_orientation=\u00bbcenter\u00bb max_width=\u00bb850px\u00bb module_alignment=\u00bbcenter\u00bb custom_margin=\u00bb0px||||false|false\u00bb custom_margin_tablet=\u00bb\u00bb custom_margin_phone=\u00bb0px||||false|false\u00bb custom_margin_last_edited=\u00bbon|phone\u00bb custom_padding=\u00bb25px|25px|25px|25px|true|true\u00bb custom_padding_tablet=\u00bb\u00bb custom_padding_phone=\u00bb14px|15px|7px|15px|false|true\u00bb custom_padding_last_edited=\u00bbon|phone\u00bb animation_direction=\u00bbbottom\u00bb text_font_size_tablet=\u00bb\u00bb text_font_size_phone=\u00bb20px\u00bb text_font_size_last_edited=\u00bbon|phone\u00bb header_font_size_tablet=\u00bb\u00bb header_font_size_phone=\u00bb22px\u00bb header_font_size_last_edited=\u00bbon|phone\u00bb module_alignment_tablet=\u00bb\u00bb module_alignment_phone=\u00bbcenter\u00bb module_alignment_last_edited=\u00bbon|phone\u00bb border_width_top=\u00bb10px\u00bb border_color_top=\u00bb#329a37&#8243; border_width_top_tablet=\u00bb\u00bb border_width_top_phone=\u00bb6px\u00bb border_width_top_last_edited=\u00bbon|phone\u00bb box_shadow_style=\u00bbpreset2&#8243; box_shadow_horizontal=\u00bb5px\u00bb box_shadow_vertical=\u00bb5px\u00bb box_shadow_blur=\u00bb5px\u00bb box_shadow_color=\u00bbrgba(0,0,0,0.15)\u00bb global_colors_info=\u00bb{}\u00bb]<\/p>\n<h1>MISI\u00d3N Y VISI\u00d3N<\/h1>\n<p>[\/et_pb_text][\/et_pb_column][\/et_pb_row][\/et_pb_section][et_pb_section fb_built=\u00bb1&#8243; fullwidth=\u00bbon\u00bb _builder_version=\u00bb4.16&#8243; _module_preset=\u00bbdefault\u00bb global_colors_info=\u00bb{}\u00bb][\/et_pb_section][et_pb_section fb_built=\u00bb1&#8243; disabled_on=\u00bbon|on|off\u00bb module_class=\u00bbtoplijnen\u00bb _builder_version=\u00bb4.16&#8243; _module_preset=\u00bbdefault\u00bb custom_margin=\u00bb0px||0px||false|false\u00bb custom_padding=\u00bb0px||0px|||\u00bb global_colors_info=\u00bb{}\u00bb][et_pb_row column_structure=\u00bb1_2,1_2&#8243; use_custom_gutter=\u00bbon\u00bb gutter_width=\u00bb1&#8243; _builder_version=\u00bb4.16&#8243; _module_preset=\u00bbdefault\u00bb z_index=\u00bb1&#8243; width=\u00bb100%\u00bb max_width=\u00bb100%\u00bb custom_padding=\u00bb0px||0px||false|false\u00bb global_colors_info=\u00bb{}\u00bb][et_pb_column type=\u00bb1_2&#8243; _builder_version=\u00bb4.16&#8243; _module_preset=\u00bbdefault\u00bb border_width_top=\u00bb10px\u00bb border_color_top=\u00bb#9ac21e\u00bb global_colors_info=\u00bb{}\u00bb][\/et_pb_column][et_pb_column type=\u00bb1_2&#8243; _builder_version=\u00bb4.16&#8243; _module_preset=\u00bbdefault\u00bb border_width_top=\u00bb10px\u00bb border_color_top=\u00bb#0f7499&#8243; global_colors_info=\u00bb{}\u00bb][\/et_pb_column][\/et_pb_row][\/et_pb_section][et_pb_section fb_built=\u00bb1&#8243; custom_padding_last_edited=\u00bboff|desktop\u00bb background_color_gradient_end_1=\u00bb#c7cbd4&#8243; admin_label=\u00bbTwo CTA Section\u00bb _builder_version=\u00bb4.16&#8243; background_enable_color=\u00bboff\u00bb background_image=\u00bbhttps:\/\/www.elinesnel.com\/wp-content\/uploads\/2021\/02\/ES_Grijs_Kikkerpoot-1.png\u00bb background_size=\u00bbinitial\u00bb background_position=\u00bbtop_left\u00bb custom_padding=\u00bb0px||0px||true\u00bb custom_padding_tablet=\u00bb20px||10px|\u00bb background_last_edited=\u00bbon|tablet\u00bb background_enable_image_tablet=\u00bboff\u00bb background_enable_image_phone=\u00bboff\u00bb global_colors_info=\u00bb{}\u00bb][et_pb_row custom_padding_last_edited=\u00bbon|phone\u00bb admin_label=\u00bbMission Row\u00bb _builder_version=\u00bb4.16&#8243; custom_padding=\u00bb125px||0px||false|false\u00bb custom_padding_tablet=\u00bb\u00bb custom_padding_phone=\u00bb110px||0px||false|false\u00bb animation_direction=\u00bbleft\u00bb locked=\u00bboff\u00bb global_colors_info=\u00bb{}\u00bb][et_pb_column type=\u00bb4_4&#8243; _builder_version=\u00bb4.16&#8243; custom_padding=\u00bb|||\u00bb global_colors_info=\u00bb{}\u00bb custom_padding__hover=\u00bb|||\u00bb][et_pb_text _builder_version=\u00bb4.16&#8243; header_3_font=\u00bb|||on|||||\u00bb header_3_text_align=\u00bbcenter\u00bb header_3_text_color=\u00bb#007398&#8243; header_3_font_size=\u00bb32px\u00bb header_3_line_height=\u00bb1.4em\u00bb max_width=\u00bb60%\u00bb max_width_tablet=\u00bb\u00bb max_width_phone=\u00bb100%\u00bb max_width_last_edited=\u00bbon|phone\u00bb module_alignment=\u00bbcenter\u00bb custom_margin=\u00bb-5px||1px|||\u00bb custom_margin_tablet=\u00bb\u00bb custom_margin_phone=\u00bb30px||0px||false|false\u00bb custom_margin_last_edited=\u00bbon|phone\u00bb custom_padding=\u00bb0px||15px||false|false\u00bb custom_padding_tablet=\u00bb\u00bb custom_padding_phone=\u00bb||0px||false|false\u00bb custom_padding_last_edited=\u00bbon|phone\u00bb header_3_font_size_tablet=\u00bb\u00bb header_3_font_size_phone=\u00bb22px\u00bb header_3_font_size_last_edited=\u00bbon|phone\u00bb header_3_line_height_tablet=\u00bb\u00bb header_3_line_height_phone=\u00bb1.4em\u00bb header_3_line_height_last_edited=\u00bbon|phone\u00bb global_colors_info=\u00bb{}\u00bb]<\/p>\n<h3>Nuestra misi\u00f3n<o:p><\/o:p><\/h3>\n<p>[\/et_pb_text][et_pb_text module_class=\u00bbintrotekst\u00bb _builder_version=\u00bb4.16&#8243; text_font=\u00bbNunito Sans||||||||\u00bb text_text_color=\u00bb#7a7c81&#8243; text_font_size=\u00bb20px\u00bb text_line_height=\u00bb2em\u00bb header_font=\u00bb||||||||\u00bb header_2_font=\u00bbBalooPaaji2|700|||||||\u00bb header_2_text_color=\u00bb#007398&#8243; header_2_font_size=\u00bb40px\u00bb header_2_line_height=\u00bb1.4em\u00bb header_5_font=\u00bbRubik|700||on|||||\u00bb header_5_text_color=\u00bb#2b76df\u00bb header_5_letter_spacing=\u00bb5px\u00bb header_5_line_height=\u00bb1.5em\u00bb text_orientation=\u00bbcenter\u00bb max_width=\u00bb780px\u00bb module_alignment=\u00bbcenter\u00bb custom_margin=\u00bb0px||30px||false|false\u00bb custom_margin_tablet=\u00bb0px|||\u00bb custom_margin_phone=\u00bb0px||20px||false|false\u00bb custom_margin_last_edited=\u00bbon|desktop\u00bb custom_padding=\u00bb||55px||false|false\u00bb animation_style=\u00bbslide\u00bb animation_direction=\u00bbbottom\u00bb text_font_size_tablet=\u00bb\u00bb text_font_size_phone=\u00bb16px\u00bb text_font_size_last_edited=\u00bbon|phone\u00bb text_line_height_tablet=\u00bb\u00bb text_line_height_phone=\u00bb1.6em\u00bb text_line_height_last_edited=\u00bbon|phone\u00bb header_2_font_size_tablet=\u00bb\u00bb header_2_font_size_phone=\u00bb30px\u00bb header_2_font_size_last_edited=\u00bbon|phone\u00bb global_colors_info=\u00bb{}\u00bb]<\/p>\n<p>es ense\u00f1ar a todos los ni\u00f1os del mundo\u00a0<\/p>\n<p>c\u00f3mo vivir de manera tal\u00a0<\/p>\n<p>que puedan llegar a ser quienes ya son.<\/p>\n<p>\u00a0M\u00e1s estables de lo que creen,<\/p>\n<p>m\u00e1s resilientes de lo que creen posible.<\/p>\n<p>Creativos artistas de la vida<\/p>\n<p>Bondadosos consigo mismos<\/p>\n<p>y con todos los dem\u00e1s<\/p>\n<p>[\/et_pb_text][\/et_pb_column][\/et_pb_row][\/et_pb_section][et_pb_section fb_built=\u00bb1&#8243; _builder_version=\u00bb4.16&#8243; background_color=\u00bb#eeeeee\u00bb background_enable_image=\u00bboff\u00bb background_size=\u00bbcontain\u00bb background_position=\u00bbtop_right\u00bb custom_margin=\u00bb4px|||||\u00bb custom_padding=\u00bb0px||15px|||\u00bb global_colors_info=\u00bb{}\u00bb][et_pb_row _builder_version=\u00bb4.16&#8243; _module_preset=\u00bbdefault\u00bb width=\u00bb100%\u00bb max_width=\u00bb100%\u00bb custom_margin=\u00bb|auto|-4px|auto||\u00bb custom_padding=\u00bb0px||0px|||\u00bb global_colors_info=\u00bb{}\u00bb][et_pb_column type=\u00bb4_4&#8243; _builder_version=\u00bb4.16&#8243; _module_preset=\u00bbdefault\u00bb global_colors_info=\u00bb{}\u00bb][et_pb_image src=\u00bbhttps:\/\/www.elinesnel.com\/wp-content\/uploads\/2020\/10\/ES_kikkerpootjes_middengroen_rechts.png\u00bb title_text=\u00bbES_kikkerpootjes_middengroen_rechts\u00bb align=\u00bbright\u00bb _builder_version=\u00bb4.16&#8243; _module_preset=\u00bbdefault\u00bb transform_rotate=\u00bb0deg|0deg|10deg\u00bb max_width=\u00bb200px\u00bb max_width_tablet=\u00bb\u00bb max_width_phone=\u00bb110px\u00bb max_width_last_edited=\u00bbon|phone\u00bb custom_margin=\u00bb-40px||||false|false\u00bb custom_margin_tablet=\u00bb\u00bb custom_margin_phone=\u00bb-40px|10px|||false|false\u00bb custom_margin_last_edited=\u00bbon|phone\u00bb custom_padding=\u00bb|50px|||false|false\u00bb custom_padding_tablet=\u00bb\u00bb custom_padding_phone=\u00bb|10px|||false|false\u00bb custom_padding_last_edited=\u00bbon|phone\u00bb animation_style=\u00bbfold\u00bb module_alignment_tablet=\u00bb\u00bb module_alignment_phone=\u00bb\u00bb module_alignment_last_edited=\u00bbon|phone\u00bb global_colors_info=\u00bb{}\u00bb][\/et_pb_image][\/et_pb_column][\/et_pb_row][et_pb_row _builder_version=\u00bb4.16&#8243; max_width=\u00bb1300px\u00bb custom_padding=\u00bb60px||0px|||\u00bb animation_direction=\u00bbleft\u00bb global_colors_info=\u00bb{}\u00bb][et_pb_column type=\u00bb4_4&#8243; _builder_version=\u00bb4.16&#8243; global_colors_info=\u00bb{}\u00bb][et_pb_text _builder_version=\u00bb4.16&#8243; header_3_font=\u00bb|||on|||||\u00bb header_3_text_align=\u00bbcenter\u00bb header_3_text_color=\u00bb#007398&#8243; header_3_font_size=\u00bb32px\u00bb header_3_line_height=\u00bb1.4em\u00bb max_width=\u00bb60%\u00bb max_width_tablet=\u00bb\u00bb max_width_phone=\u00bb100%\u00bb max_width_last_edited=\u00bbon|phone\u00bb module_alignment=\u00bbcenter\u00bb custom_margin=\u00bb-5px||1px|||\u00bb custom_margin_tablet=\u00bb\u00bb custom_margin_phone=\u00bb30px||0px||false|false\u00bb custom_margin_last_edited=\u00bbon|phone\u00bb custom_padding=\u00bb0px||15px||false|false\u00bb custom_padding_tablet=\u00bb\u00bb custom_padding_phone=\u00bb||58px||false|false\u00bb custom_padding_last_edited=\u00bbon|phone\u00bb header_3_font_size_tablet=\u00bb\u00bb header_3_font_size_phone=\u00bb22px\u00bb header_3_font_size_last_edited=\u00bbon|phone\u00bb header_3_line_height_tablet=\u00bb\u00bb header_3_line_height_phone=\u00bb1.4em\u00bb header_3_line_height_last_edited=\u00bbon|phone\u00bb global_colors_info=\u00bb{}\u00bb]<\/p>\n<h3>Nuestra visi\u00f3n<\/h3>\n<p>[\/et_pb_text][et_pb_image src=\u00bbhttps:\/\/www.elinesnel.com\/wp-content\/uploads\/2020\/10\/ES_kikkerpootjes_middengroen_rechts.png\u00bb title_text=\u00bbES_kikkerpootjes_middengroen_rechts\u00bb _builder_version=\u00bb4.16&#8243; _module_preset=\u00bbdefault\u00bb positioning=\u00bbabsolute\u00bb position_origin_a=\u00bbtop_right\u00bb vertical_offset_tablet=\u00bb\u00bb vertical_offset_phone=\u00bb-50px\u00bb vertical_offset_last_edited=\u00bbon|desktop\u00bb horizontal_offset_tablet=\u00bb\u00bb horizontal_offset_phone=\u00bb100px\u00bb horizontal_offset_last_edited=\u00bbon|phone\u00bb width=\u00bb175px\u00bb width_tablet=\u00bb\u00bb width_phone=\u00bb90px\u00bb width_last_edited=\u00bbon|phone\u00bb global_colors_info=\u00bb{}\u00bb][\/et_pb_image][et_pb_text _builder_version=\u00bb4.16&#8243; text_font=\u00bbNunito Sans|300|||||||\u00bb text_text_color=\u00bb#000000&#8243; text_font_size=\u00bb20px\u00bb text_line_height=\u00bb2em\u00bb header_4_text_color=\u00bb#0f7499&#8243; header_4_font_size=\u00bb22px\u00bb header_4_line_height=\u00bb1.4em\u00bb background_color=\u00bbrgba(0,0,0,0)\u00bb z_index=\u00bb1&#8243; text_orientation=\u00bbcenter\u00bb max_width=\u00bb68%\u00bb max_width_tablet=\u00bb\u00bb max_width_phone=\u00bb100%\u00bb max_width_last_edited=\u00bbon|phone\u00bb module_alignment=\u00bbcenter\u00bb custom_margin=\u00bb-3px||||false|false\u00bb custom_padding=\u00bb1px||21px|||\u00bb custom_padding_tablet=\u00bb\u00bb custom_padding_phone=\u00bb\u00bb custom_padding_last_edited=\u00bbon|phone\u00bb text_font_size_tablet=\u00bb\u00bb text_font_size_phone=\u00bb16px\u00bb text_font_size_last_edited=\u00bbon|phone\u00bb text_line_height_tablet=\u00bb\u00bb text_line_height_phone=\u00bb1.6em\u00bb text_line_height_last_edited=\u00bbon|phone\u00bb global_colors_info=\u00bb{}\u00bb]<\/p>\n<p>No es un lujo<\/p>\n<p>sino una necesidad,<\/p>\n<p>para ayudar a los ni\u00f1os, padres y profesionales que trabajan con ni\u00f1os<\/p>\n<p>llegar al coraz\u00f3n del aprendizaje y la vida:<\/p>\n<p>estimular el contacto, la conexi\u00f3n,<\/p>\n<p>atenci\u00f3n, presencia,<\/p>\n<p>amor y vivacidad,<\/p>\n<p>y simplemente SER.<\/p>\n<p>Mindfulness en la educaci\u00f3n y la paternidad<\/p>\n<p>juega un papel importante en este proceso.<\/p>\n<p>[\/et_pb_text][\/et_pb_column][\/et_pb_row][et_pb_row _builder_version=\u00bb4.16&#8243; _module_preset=\u00bbdefault\u00bb width=\u00bb100%\u00bb max_width=\u00bb100%\u00bb custom_margin=\u00bb2px|auto|-17px|auto||\u00bb custom_padding=\u00bb0px||21px|||\u00bb global_colors_info=\u00bb{}\u00bb][et_pb_column type=\u00bb4_4&#8243; _builder_version=\u00bb4.16&#8243; _module_preset=\u00bbdefault\u00bb global_colors_info=\u00bb{}\u00bb][et_pb_image src=\u00bbhttps:\/\/www.elinesnel.com\/wp-content\/uploads\/2020\/10\/ES_kikkerpootjes_middengroen.png\u00bb title_text=\u00bbES_kikkerpootjes_middengroen\u00bb _builder_version=\u00bb4.16&#8243; _module_preset=\u00bbdefault\u00bb transform_rotate=\u00bb0deg|0deg|-14deg\u00bb z_index=\u00bb0&#8243; max_width=\u00bb200px\u00bb max_width_tablet=\u00bb\u00bb max_width_phone=\u00bb100px\u00bb max_width_last_edited=\u00bbon|phone\u00bb custom_margin_tablet=\u00bb\u00bb custom_margin_phone=\u00bb||-20px|0px|false|false\u00bb custom_margin_last_edited=\u00bbon|phone\u00bb custom_padding=\u00bb|||50px|false|false\u00bb custom_padding_tablet=\u00bb\u00bb custom_padding_phone=\u00bb10px|||20px|false|false\u00bb custom_padding_last_edited=\u00bbon|phone\u00bb animation_style=\u00bbfold\u00bb global_colors_info=\u00bb{}\u00bb][\/et_pb_image][\/et_pb_column][\/et_pb_row][\/et_pb_section][et_pb_section fb_built=\u00bb1&#8243; _builder_version=\u00bb4.16&#8243; _module_preset=\u00bbdefault\u00bb custom_padding=\u00bb0px|||||\u00bb global_colors_info=\u00bb{}\u00bb][et_pb_row custom_padding_last_edited=\u00bbon|phone\u00bb _builder_version=\u00bb4.16&#8243; _module_preset=\u00bbdefault\u00bb custom_margin_tablet=\u00bb\u00bb custom_margin_phone=\u00bb55px||||false|false\u00bb custom_margin_last_edited=\u00bbon|phone\u00bb custom_padding=\u00bb70px|||||\u00bb custom_padding_tablet=\u00bb\u00bb custom_padding_phone=\u00bb0px||||false|false\u00bb global_colors_info=\u00bb{}\u00bb][et_pb_column type=\u00bb4_4&#8243; _builder_version=\u00bb4.16&#8243; _module_preset=\u00bbdefault\u00bb global_colors_info=\u00bb{}\u00bb][et_pb_text _builder_version=\u00bb4.16&#8243; text_font=\u00bbKalam||||||||\u00bb text_text_color=\u00bb#339933&#8243; text_font_size=\u00bb25px\u00bb text_line_height=\u00bb1.5em\u00bb text_orientation=\u00bbcenter\u00bb max_width=\u00bb1050px\u00bb module_alignment=\u00bbcenter\u00bb custom_margin=\u00bb0px||9px|||\u00bb text_text_color_tablet=\u00bb\u00bb text_text_color_phone=\u00bb\u00bb text_text_color_last_edited=\u00bbon|phone\u00bb text_font_size_tablet=\u00bb\u00bb text_font_size_phone=\u00bb20px\u00bb text_font_size_last_edited=\u00bbon|phone\u00bb global_colors_info=\u00bb{}\u00bb]\u201cNo es dif\u00edcil calmar una mente ocupada, pero tampoco es f\u00e1cil.<br \/>\nPuedes activar la amabilidad y la atenci\u00f3n consciente.<br \/>\nNo puedes cambiar el mundo, pero puedes cambiar tu actitud. Y eso marca la diferencia.\u00bb<br \/>\n&#8211; Eline Snel[\/et_pb_text][\/et_pb_column][\/et_pb_row][\/et_pb_section]<\/p>\n","protected":false},"excerpt":{"rendered":"<p>MISI\u00d3N Y VISI\u00d3NNuestra misi\u00f3nes ense\u00f1ar a todos los ni\u00f1os del mundo\u00a0 c\u00f3mo vivir de manera tal\u00a0 que puedan llegar a ser quienes ya son. \u00a0M\u00e1s estables de lo que creen, m\u00e1s resilientes de lo que creen posible. Creativos artistas de la vida Bondadosos consigo mismos y con todos los dem\u00e1sNuestra visi\u00f3nNo es un lujo sino [&hellip;]<\/p>\n","protected":false},"author":12,"featured_media":0,"parent":0,"menu_order":0,"comment_status":"closed","ping_status":"closed","template":"","meta":{"_et_pb_use_builder":"on","_et_pb_old_content":"","_et_gb_content_width":"","footnotes":""},"class_list":["post-7212","page","type-page","status-publish","hentry"],"_links":{"self":[{"href":"https:\/\/www.elinesnel.com\/es\/wp-json\/wp\/v2\/pages\/7212","targetHints":{"allow":["GET"]}}],"collection":[{"href":"https:\/\/www.elinesnel.com\/es\/wp-json\/wp\/v2\/pages"}],"about":[{"href":"https:\/\/www.elinesnel.com\/es\/wp-json\/wp\/v2\/types\/page"}],"author":[{"embeddable":true,"href":"https:\/\/www.elinesnel.com\/es\/wp-json\/wp\/v2\/users\/12"}],"replies":[{"embeddable":true,"href":"https:\/\/www.elinesnel.com\/es\/wp-json\/wp\/v2\/comments?post=7212"}],"version-history":[{"count":0,"href":"https:\/\/www.elinesnel.com\/es\/wp-json\/wp\/v2\/pages\/7212\/revisions"}],"wp:attachment":[{"href":"https:\/\/www.elinesnel.com\/es\/wp-json\/wp\/v2\/media?parent=7212"}],"curies":[{"name":"wp","href":"https:\/\/api.w.org\/{rel}","templated":true}]}}