{"id":7205,"date":"2021-05-20T16:04:24","date_gmt":"2021-05-20T14:04:24","guid":{"rendered":"https:\/\/www.elinesnel.com\/?page_id=7205"},"modified":"2022-05-12T11:43:13","modified_gmt":"2022-05-12T09:43:13","slug":"mindfulness-en-la-educacion","status":"publish","type":"page","link":"https:\/\/www.elinesnel.com\/es\/mindfulness-en-la-educacion\/","title":{"rendered":"MINDFULNESS EN LA EDUCACI\u00d3N"},"content":{"rendered":"<p>[et_pb_section fb_built=\u00bb1&#8243; custom_padding_last_edited=\u00bbon|phone\u00bb module_class=\u00bbvervolgtitel\u00bb _builder_version=\u00bb4.16&#8243; _module_preset=\u00bbdefault\u00bb background_color_gradient_direction=\u00bb0deg\u00bb background_image=\u00bbhttps:\/\/www.elinesnel.com\/wp-content\/uploads\/2021\/02\/ElineSnel_Mindfulness_in_onderwijs.jpg\u00bb custom_padding=\u00bb11vw||0px||false|false\u00bb custom_padding_tablet=\u00bb\u00bb custom_padding_phone=\u00bb0vw||||false|false\u00bb global_colors_info=\u00bb{}\u00bb][et_pb_row custom_padding_last_edited=\u00bbon|phone\u00bb _builder_version=\u00bb4.16&#8243; custom_margin=\u00bb||||false|false\u00bb custom_padding=\u00bb||||false|false\u00bb custom_padding_tablet=\u00bb\u00bb custom_padding_phone=\u00bb0px||||false|false\u00bb global_colors_info=\u00bb{}\u00bb][et_pb_column type=\u00bb4_4&#8243; _builder_version=\u00bb4.16&#8243; global_colors_info=\u00bb{}\u00bb][et_pb_text _builder_version=\u00bb4.16&#8243; text_font=\u00bbNunito Sans||||||||\u00bb text_text_color=\u00bb#006a52&#8243; text_font_size=\u00bb25px\u00bb text_line_height=\u00bb1.3em\u00bb header_font=\u00bb||||||||\u00bb header_text_color=\u00bb#0f7499&#8243; header_font_size=\u00bb32px\u00bb header_line_height=\u00bb1.4em\u00bb background_color=\u00bb#ffffff\u00bb transform_translate=\u00bb0px|84px\u00bb transform_translate_linked=\u00bboff\u00bb z_index=\u00bb1&#8243; text_orientation=\u00bbcenter\u00bb max_width=\u00bb850px\u00bb module_alignment=\u00bbcenter\u00bb custom_margin=\u00bb0px||||false|false\u00bb custom_margin_tablet=\u00bb\u00bb custom_margin_phone=\u00bb0px||||false|false\u00bb custom_margin_last_edited=\u00bbon|phone\u00bb custom_padding=\u00bb25px|25px|25px|25px|true|true\u00bb custom_padding_tablet=\u00bb\u00bb custom_padding_phone=\u00bb14px|15px|7px|15px|false|true\u00bb custom_padding_last_edited=\u00bbon|phone\u00bb animation_direction=\u00bbbottom\u00bb text_font_size_tablet=\u00bb\u00bb text_font_size_phone=\u00bb20px\u00bb text_font_size_last_edited=\u00bbon|phone\u00bb header_font_size_tablet=\u00bb\u00bb header_font_size_phone=\u00bb20px\u00bb header_font_size_last_edited=\u00bbon|phone\u00bb module_alignment_tablet=\u00bb\u00bb module_alignment_phone=\u00bbcenter\u00bb module_alignment_last_edited=\u00bbon|phone\u00bb border_width_top=\u00bb10px\u00bb border_color_top=\u00bb#329a37&#8243; border_width_top_tablet=\u00bb\u00bb border_width_top_phone=\u00bb6px\u00bb border_width_top_last_edited=\u00bbon|phone\u00bb box_shadow_style=\u00bbpreset2&#8243; box_shadow_horizontal=\u00bb5px\u00bb box_shadow_vertical=\u00bb5px\u00bb box_shadow_blur=\u00bb5px\u00bb box_shadow_color=\u00bbrgba(0,0,0,0.15)\u00bb global_colors_info=\u00bb{}\u00bb]<\/p>\n<h1>MINDFULNESS EN LA EDUCACI\u00d3N<\/h1>\n<p>[\/et_pb_text][\/et_pb_column][\/et_pb_row][\/et_pb_section][et_pb_section fb_built=\u00bb1&#8243; fullwidth=\u00bbon\u00bb _builder_version=\u00bb4.16&#8243; _module_preset=\u00bbdefault\u00bb global_colors_info=\u00bb{}\u00bb][\/et_pb_section][et_pb_section fb_built=\u00bb1&#8243; disabled_on=\u00bbon|on|off\u00bb module_class=\u00bbtoplijnen\u00bb _builder_version=\u00bb4.16&#8243; _module_preset=\u00bbdefault\u00bb custom_margin=\u00bb0px||0px||false|false\u00bb custom_padding=\u00bb0px||0px|||\u00bb global_colors_info=\u00bb{}\u00bb][et_pb_row column_structure=\u00bb1_2,1_2&#8243; use_custom_gutter=\u00bbon\u00bb gutter_width=\u00bb1&#8243; _builder_version=\u00bb4.16&#8243; _module_preset=\u00bbdefault\u00bb z_index=\u00bb1&#8243; width=\u00bb100%\u00bb max_width=\u00bb100%\u00bb custom_padding=\u00bb0px||0px||false|false\u00bb global_colors_info=\u00bb{}\u00bb][et_pb_column type=\u00bb1_2&#8243; _builder_version=\u00bb4.16&#8243; _module_preset=\u00bbdefault\u00bb border_width_top=\u00bb10px\u00bb border_color_top=\u00bb#9ac21e\u00bb global_colors_info=\u00bb{}\u00bb][\/et_pb_column][et_pb_column type=\u00bb1_2&#8243; _builder_version=\u00bb4.16&#8243; _module_preset=\u00bbdefault\u00bb border_width_top=\u00bb10px\u00bb border_color_top=\u00bb#0f7499&#8243; global_colors_info=\u00bb{}\u00bb][\/et_pb_column][\/et_pb_row][\/et_pb_section][et_pb_section fb_built=\u00bb1&#8243; custom_padding_last_edited=\u00bboff|desktop\u00bb background_color_gradient_end_1=\u00bb#c7cbd4&#8243; admin_label=\u00bbTwo CTA Section\u00bb _builder_version=\u00bb4.16&#8243; background_enable_color=\u00bboff\u00bb background_image=\u00bbhttps:\/\/www.elinesnel.com\/wp-content\/uploads\/2021\/02\/ES_Grijs_Kikkerpoot-1.png\u00bb background_size=\u00bbinitial\u00bb background_position=\u00bbtop_left\u00bb custom_padding=\u00bb0px||0px||true\u00bb custom_padding_tablet=\u00bb20px||10px|\u00bb background_last_edited=\u00bbon|phone\u00bb background_enable_image_phone=\u00bboff\u00bb global_colors_info=\u00bb{}\u00bb][et_pb_row admin_label=\u00bbMission Row\u00bb _builder_version=\u00bb4.16&#8243; custom_padding=\u00bb65px||75px|||\u00bb animation_direction=\u00bbleft\u00bb locked=\u00bboff\u00bb global_colors_info=\u00bb{}\u00bb][et_pb_column type=\u00bb4_4&#8243; _builder_version=\u00bb4.16&#8243; custom_padding=\u00bb|||\u00bb global_colors_info=\u00bb{}\u00bb custom_padding__hover=\u00bb|||\u00bb][et_pb_text module_class=\u00bbintrotekst\u00bb _builder_version=\u00bb4.16&#8243; text_font=\u00bbNunito Sans||||||||\u00bb text_text_color=\u00bb#7a7c81&#8243; text_font_size=\u00bb20px\u00bb text_line_height=\u00bb2em\u00bb header_font=\u00bb||||||||\u00bb header_2_font=\u00bbBalooPaaji2|700|||||||\u00bb header_2_text_color=\u00bb#007398&#8243; header_2_font_size=\u00bb40px\u00bb header_2_line_height=\u00bb1.4em\u00bb header_5_font=\u00bbRubik|700||on|||||\u00bb header_5_text_color=\u00bb#2b76df\u00bb header_5_letter_spacing=\u00bb5px\u00bb header_5_line_height=\u00bb1.5em\u00bb background_color=\u00bb#ffffff\u00bb text_orientation=\u00bbcenter\u00bb max_width=\u00bb850px\u00bb module_alignment=\u00bbcenter\u00bb custom_margin=\u00bb40px||40px|||\u00bb custom_margin_tablet=\u00bb0px|||\u00bb custom_margin_last_edited=\u00bboff|desktop\u00bb custom_padding=\u00bb|20px||20px|false|true\u00bb animation_direction=\u00bbbottom\u00bb text_font_size_tablet=\u00bb\u00bb text_font_size_phone=\u00bb16px\u00bb text_font_size_last_edited=\u00bbon|phone\u00bb text_line_height_tablet=\u00bb\u00bb text_line_height_phone=\u00bb1.6em\u00bb text_line_height_last_edited=\u00bbon|phone\u00bb header_2_font_size_tablet=\u00bb\u00bb header_2_font_size_phone=\u00bb30px\u00bb header_2_font_size_last_edited=\u00bbon|phone\u00bb global_colors_info=\u00bb{}\u00bb]<\/p>\n<p>Cada vez m\u00e1s juntas escolares, equipos de gesti\u00f3n y maestros ven el valor a\u00f1adido de la atenci\u00f3n plena (mindfulness) en las escuelas. La mayor\u00eda de los maestros hacen su trabajo con mucho empe\u00f1o y una gran cantidad de ni\u00f1os disfrutan aprendiendo cosas nuevas y les encanta ir a la escuela. Pero demasiados ni\u00f1os y profesionales de la educaci\u00f3n experimentan estr\u00e9s: las aulas ruidosas, los problemas de conducta y la sensaci\u00f3n constante de \u00abes demasiado\u00bb van en aumento, mientras que la tan necesaria calma interior est\u00e1 en declive. El \u00abbot\u00f3n de encendido\u00bb funciona, pero el \u00abbot\u00f3n de pausa\u00bb no.<\/p>\n<p>La buena educaci\u00f3n no se trata solo de la transmisi\u00f3n de conocimientos; tambi\u00e9n influye en valores importantes, en el comportamiento y en la forma en que nos tratamos a nosotros mismos y a los dem\u00e1s. Se necesita calma interior y mindfulness para permitir que los ni\u00f1os se desempe\u00f1en a su propio nivel. Para poder ense\u00f1ar bien, tambi\u00e9n necesitamos calma interior, atenci\u00f3n y mindfulness. Afortunadamente, puedes entrenar este \u00abm\u00fasculo de la atenci\u00f3n plena\u00bb.<\/p>\n<p>[\/et_pb_text][et_pb_video src=\u00bbhttps:\/\/www.elinesnel.com\/wp-content\/uploads\/2021\/02\/Naamloos-kopie.mp4&#8243; thumbnail_overlay_color=\u00bbrgba(0,0,0,0.6)\u00bb _builder_version=\u00bb4.16&#8243; _module_preset=\u00bbdefault\u00bb max_width=\u00bb450px\u00bb module_alignment=\u00bbcenter\u00bb global_colors_info=\u00bb{}\u00bb][\/et_pb_video][\/et_pb_column][\/et_pb_row][\/et_pb_section][et_pb_section fb_built=\u00bb1&#8243; _builder_version=\u00bb4.16&#8243; background_color=\u00bb#eeeeee\u00bb background_enable_image=\u00bboff\u00bb background_size=\u00bbcontain\u00bb background_position=\u00bbtop_right\u00bb custom_margin=\u00bb4px|||||\u00bb custom_padding=\u00bb0px||15px|||\u00bb global_colors_info=\u00bb{}\u00bb][et_pb_row _builder_version=\u00bb4.16&#8243; _module_preset=\u00bbdefault\u00bb width=\u00bb100%\u00bb max_width=\u00bb100%\u00bb custom_margin=\u00bb|auto|-4px|auto||\u00bb custom_padding=\u00bb0px||0px|||\u00bb global_colors_info=\u00bb{}\u00bb][et_pb_column type=\u00bb4_4&#8243; _builder_version=\u00bb4.16&#8243; _module_preset=\u00bbdefault\u00bb global_colors_info=\u00bb{}\u00bb][et_pb_image src=\u00bbhttps:\/\/www.elinesnel.com\/wp-content\/uploads\/2020\/10\/ES_kikkerpootjes_middengroen_rechts.png\u00bb title_text=\u00bbES_kikkerpootjes_middengroen_rechts\u00bb align=\u00bbright\u00bb _builder_version=\u00bb4.16&#8243; _module_preset=\u00bbdefault\u00bb transform_rotate=\u00bb0deg|0deg|10deg\u00bb max_width=\u00bb200px\u00bb max_width_tablet=\u00bb\u00bb max_width_phone=\u00bb110px\u00bb max_width_last_edited=\u00bbon|phone\u00bb custom_margin=\u00bb-40px||||false|false\u00bb custom_margin_tablet=\u00bb\u00bb custom_margin_phone=\u00bb-40px|10px|||false|false\u00bb custom_margin_last_edited=\u00bbon|phone\u00bb custom_padding=\u00bb|50px|||false|false\u00bb custom_padding_tablet=\u00bb\u00bb custom_padding_phone=\u00bb|10px|||false|false\u00bb custom_padding_last_edited=\u00bbon|phone\u00bb animation_style=\u00bbfold\u00bb module_alignment_tablet=\u00bb\u00bb module_alignment_phone=\u00bb\u00bb module_alignment_last_edited=\u00bbon|phone\u00bb global_colors_info=\u00bb{}\u00bb][\/et_pb_image][\/et_pb_column][\/et_pb_row][et_pb_row _builder_version=\u00bb4.16&#8243; max_width=\u00bb1300px\u00bb custom_padding=\u00bb60px||0px|||\u00bb animation_direction=\u00bbleft\u00bb global_colors_info=\u00bb{}\u00bb][et_pb_column type=\u00bb4_4&#8243; _builder_version=\u00bb4.16&#8243; global_colors_info=\u00bb{}\u00bb][et_pb_text _builder_version=\u00bb4.16&#8243; header_3_font=\u00bb|||on|||||\u00bb header_3_text_align=\u00bbcenter\u00bb header_3_text_color=\u00bb#007398&#8243; header_3_font_size=\u00bb32px\u00bb header_3_line_height=\u00bb1.4em\u00bb max_width=\u00bb60%\u00bb max_width_tablet=\u00bb\u00bb max_width_phone=\u00bb100%\u00bb max_width_last_edited=\u00bbon|phone\u00bb module_alignment=\u00bbcenter\u00bb custom_margin=\u00bb-5px||1px|||\u00bb custom_margin_tablet=\u00bb\u00bb custom_margin_phone=\u00bb30px||0px||false|false\u00bb custom_margin_last_edited=\u00bbon|phone\u00bb custom_padding=\u00bb0px||15px||false|false\u00bb custom_padding_tablet=\u00bb\u00bb custom_padding_phone=\u00bb||0px||false|false\u00bb custom_padding_last_edited=\u00bbon|phone\u00bb header_3_font_size_tablet=\u00bb\u00bb header_3_font_size_phone=\u00bb22px\u00bb header_3_font_size_last_edited=\u00bbon|phone\u00bb header_3_line_height_tablet=\u00bb\u00bb header_3_line_height_phone=\u00bb1.4em\u00bb header_3_line_height_last_edited=\u00bbon|phone\u00bb global_colors_info=\u00bb{}\u00bb]<\/p>\n<h3>EL DESARROLLO DE LA ATENCI\u00d3N CONSCIENTE<\/h3>\n<p>[\/et_pb_text][et_pb_image src=\u00bbhttps:\/\/www.elinesnel.com\/wp-content\/uploads\/2020\/10\/ES_kikkerpootjes_middengroen_rechts.png\u00bb title_text=\u00bbES_kikkerpootjes_middengroen_rechts\u00bb _builder_version=\u00bb4.16&#8243; _module_preset=\u00bbdefault\u00bb positioning=\u00bbabsolute\u00bb position_origin_a=\u00bbtop_right\u00bb vertical_offset_tablet=\u00bb\u00bb vertical_offset_phone=\u00bb-50px\u00bb vertical_offset_last_edited=\u00bbon|desktop\u00bb horizontal_offset_tablet=\u00bb\u00bb horizontal_offset_phone=\u00bb100px\u00bb horizontal_offset_last_edited=\u00bbon|phone\u00bb width=\u00bb175px\u00bb width_tablet=\u00bb\u00bb width_phone=\u00bb90px\u00bb width_last_edited=\u00bbon|phone\u00bb global_colors_info=\u00bb{}\u00bb][\/et_pb_image][et_pb_text _builder_version=\u00bb4.16&#8243; text_font=\u00bbNunito Sans|300|||||||\u00bb text_text_color=\u00bb#000000&#8243; text_font_size=\u00bb18px\u00bb text_line_height=\u00bb1.8em\u00bb background_color=\u00bbrgba(0,0,0,0)\u00bb z_index=\u00bb1&#8243; text_orientation=\u00bbcenter\u00bb max_width=\u00bb68%\u00bb max_width_tablet=\u00bb\u00bb max_width_phone=\u00bb100%\u00bb max_width_last_edited=\u00bbon|phone\u00bb module_alignment=\u00bbcenter\u00bb custom_margin=\u00bb||||false|false\u00bb custom_padding=\u00bb||21px|||\u00bb text_font_size_tablet=\u00bb\u00bb text_font_size_phone=\u00bb16px\u00bb text_font_size_last_edited=\u00bbon|phone\u00bb text_line_height_tablet=\u00bb\u00bb text_line_height_phone=\u00bb1.6em\u00bb text_line_height_last_edited=\u00bbon|phone\u00bb global_colors_info=\u00bb{}\u00bb]<\/p>\n<p>El desarrollo de la atenci\u00f3n consciente es la base de toda forma de aprendizaje. La \u00abatenci\u00f3n plena\u00bb (mindfulness), o la pr\u00e1ctica de la atenci\u00f3n consciente y concentrada, influye en el aprendizaje de los ni\u00f1os. Practicar la atenci\u00f3n consciente se puede comparar con afinar un instrumento musical antes de tocarlo. \u00bfPor qu\u00e9 no deber\u00edamos afinar nuestros instrumentos de aprendizaje antes de usarlos? Un n\u00famero cada vez mayor de juntas directivas, equipos de gesti\u00f3n y maestros est\u00e1n a la vanguardia de un movimiento en r\u00e1pido crecimiento para dar a la atenci\u00f3n plena un lugar permanente en el plan de estudios escolar del siglo XXI. Porque al hacer esto, no solo se estimula el aprendizaje, sino tambi\u00e9n la autoconfianza, la creatividad, la compasi\u00f3n y las funciones ejecutivas. El cerebro se detiene, el comportamiento impulsivo y las reacciones al estr\u00e9s disminuyen. Hay calma. Atenci\u00f3n tranquila y concentrada. Algo que todo ni\u00f1o merece. Lee m\u00e1s sobre los <u>beneficios de la meditaci\u00f3n<\/u> en el cerebro (del ni\u00f1o).<\/p>\n<p>[\/et_pb_text][\/et_pb_column][\/et_pb_row][et_pb_row _builder_version=\u00bb4.16&#8243; _module_preset=\u00bbdefault\u00bb width=\u00bb100%\u00bb max_width=\u00bb100%\u00bb custom_margin=\u00bb2px|auto|-17px|auto||\u00bb custom_padding=\u00bb0px||21px|||\u00bb global_colors_info=\u00bb{}\u00bb][et_pb_column type=\u00bb4_4&#8243; _builder_version=\u00bb4.16&#8243; _module_preset=\u00bbdefault\u00bb global_colors_info=\u00bb{}\u00bb][et_pb_image src=\u00bbhttps:\/\/www.elinesnel.com\/wp-content\/uploads\/2020\/10\/ES_kikkerpootjes_middengroen.png\u00bb title_text=\u00bbES_kikkerpootjes_middengroen\u00bb _builder_version=\u00bb4.16&#8243; _module_preset=\u00bbdefault\u00bb transform_rotate=\u00bb0deg|0deg|-14deg\u00bb z_index=\u00bb0&#8243; max_width=\u00bb200px\u00bb max_width_tablet=\u00bb\u00bb max_width_phone=\u00bb100px\u00bb max_width_last_edited=\u00bbon|phone\u00bb custom_margin_tablet=\u00bb\u00bb custom_margin_phone=\u00bb||-20px|0px|false|false\u00bb custom_margin_last_edited=\u00bbon|phone\u00bb custom_padding=\u00bb|||50px|false|false\u00bb custom_padding_tablet=\u00bb\u00bb custom_padding_phone=\u00bb10px|||20px|false|false\u00bb custom_padding_last_edited=\u00bbon|phone\u00bb animation_style=\u00bbfold\u00bb global_colors_info=\u00bb{}\u00bb][\/et_pb_image][\/et_pb_column][\/et_pb_row][\/et_pb_section][et_pb_section fb_built=\u00bb1&#8243; custom_padding_last_edited=\u00bbon|phone\u00bb _builder_version=\u00bb4.16&#8243; _module_preset=\u00bbdefault\u00bb background_enable_image=\u00bboff\u00bb background_size=\u00bbinitial\u00bb background_position=\u00bbtop_center\u00bb custom_padding=\u00bb45px||40px|||\u00bb custom_padding_tablet=\u00bb\u00bb custom_padding_phone=\u00bb50px||50px||false|false\u00bb background_last_edited=\u00bbon|phone\u00bb background_size_phone=\u00bbcontain\u00bb global_colors_info=\u00bb{}\u00bb][et_pb_row custom_padding_last_edited=\u00bbon|phone\u00bb _builder_version=\u00bb4.16&#8243; custom_margin=\u00bb||||false|false\u00bb custom_padding_tablet=\u00bb\u00bb custom_padding_phone=\u00bb0px||0px||false|false\u00bb global_colors_info=\u00bb{}\u00bb][et_pb_column type=\u00bb4_4&#8243; _builder_version=\u00bb4.16&#8243; global_colors_info=\u00bb{}\u00bb][et_pb_button button_url=\u00bb@ET-DC@eyJkeW5hbWljIjp0cnVlLCJjb250ZW50IjoicG9zdF9saW5rX3VybF9wYWdlIiwic2V0dGluZ3MiOnsicG9zdF9pZCI6IjcxNjgifX0=@\u00bb button_text=\u00bbImplementaci\u00f3n en las escuelas\u00bb button_alignment=\u00bbcenter\u00bb _builder_version=\u00bb4.17.3&#8243; _dynamic_attributes=\u00bbbutton_url\u00bb custom_button=\u00bbon\u00bb button_bg_color=\u00bb#006a52&#8243; button_border_color=\u00bb#006a52&#8243; background_layout=\u00bbdark\u00bb custom_padding=\u00bb16px|30px|16px|30px|true|false\u00bb custom_padding_tablet=\u00bb\u00bb custom_padding_phone=\u00bb\u00bb custom_padding_last_edited=\u00bbon|desktop\u00bb animation_style=\u00bbzoom\u00bb animation_duration=\u00bb800ms\u00bb hover_enabled=\u00bb0&#8243; button_text_size_tablet=\u00bb\u00bb button_text_size_phone=\u00bb16px\u00bb button_text_size_last_edited=\u00bbon|phone\u00bb button_bg_color_hover=\u00bb#4f8bdd\u00bb locked=\u00bboff\u00bb global_colors_info=\u00bb{}\u00bb button_text_size__hover_enabled=\u00bboff\u00bb button_one_text_size__hover_enabled=\u00bboff\u00bb button_two_text_size__hover_enabled=\u00bboff\u00bb button_text_color__hover_enabled=\u00bboff\u00bb button_one_text_color__hover_enabled=\u00bboff\u00bb button_two_text_color__hover_enabled=\u00bboff\u00bb button_border_width__hover_enabled=\u00bboff\u00bb button_one_border_width__hover_enabled=\u00bboff\u00bb button_two_border_width__hover_enabled=\u00bboff\u00bb button_border_color__hover_enabled=\u00bboff\u00bb button_one_border_color__hover_enabled=\u00bboff\u00bb button_two_border_color__hover_enabled=\u00bboff\u00bb button_border_radius__hover_enabled=\u00bboff\u00bb button_one_border_radius__hover_enabled=\u00bboff\u00bb button_two_border_radius__hover_enabled=\u00bboff\u00bb button_letter_spacing__hover_enabled=\u00bboff\u00bb button_one_letter_spacing__hover_enabled=\u00bboff\u00bb button_two_letter_spacing__hover_enabled=\u00bboff\u00bb button_bg_color__hover_enabled=\u00bbon|hover\u00bb button_bg_color__hover=\u00bb#006a52&#8243; button_one_bg_color__hover_enabled=\u00bboff\u00bb button_two_bg_color__hover_enabled=\u00bboff\u00bb button_bg_enable_color__hover=\u00bbon\u00bb custom_padding__hover_enabled=\u00bbon|hover\u00bb custom_padding__hover=\u00bb|40px||20px|true|false\u00bb sticky_enabled=\u00bb0&#8243;][\/et_pb_button][\/et_pb_column][\/et_pb_row][\/et_pb_section][et_pb_section fb_built=\u00bb1&#8243; _builder_version=\u00bb4.16&#8243; _module_preset=\u00bbdefault\u00bb background_image=\u00bbhttps:\/\/www.elinesnel.com\/wp-content\/uploads\/2021\/02\/ElineSnel_Mindfulness_in_onderwijs2.jpg\u00bb parallax=\u00bbon\u00bb custom_margin=\u00bb||45px||false|false\u00bb custom_padding=\u00bb9vw||11vw||false|false\u00bb global_colors_info=\u00bb{}\u00bb][et_pb_row _builder_version=\u00bb4.16&#8243; _module_preset=\u00bbdefault\u00bb global_colors_info=\u00bb{}\u00bb][et_pb_column type=\u00bb4_4&#8243; _builder_version=\u00bb4.16&#8243; _module_preset=\u00bbdefault\u00bb global_colors_info=\u00bb{}\u00bb][\/et_pb_column][\/et_pb_row][\/et_pb_section]<\/p>\n","protected":false},"excerpt":{"rendered":"<p>MINDFULNESS EN LA EDUCACI\u00d3NCada vez m\u00e1s juntas escolares, equipos de gesti\u00f3n y maestros ven el valor a\u00f1adido de la atenci\u00f3n plena (mindfulness) en las escuelas. La mayor\u00eda de los maestros hacen su trabajo con mucho empe\u00f1o y una gran cantidad de ni\u00f1os disfrutan aprendiendo cosas nuevas y les encanta ir a la escuela. Pero demasiados [&hellip;]<\/p>\n","protected":false},"author":12,"featured_media":0,"parent":0,"menu_order":0,"comment_status":"closed","ping_status":"closed","template":"","meta":{"_et_pb_use_builder":"on","_et_pb_old_content":"","_et_gb_content_width":"","footnotes":""},"class_list":["post-7205","page","type-page","status-publish","hentry"],"_links":{"self":[{"href":"https:\/\/www.elinesnel.com\/es\/wp-json\/wp\/v2\/pages\/7205","targetHints":{"allow":["GET"]}}],"collection":[{"href":"https:\/\/www.elinesnel.com\/es\/wp-json\/wp\/v2\/pages"}],"about":[{"href":"https:\/\/www.elinesnel.com\/es\/wp-json\/wp\/v2\/types\/page"}],"author":[{"embeddable":true,"href":"https:\/\/www.elinesnel.com\/es\/wp-json\/wp\/v2\/users\/12"}],"replies":[{"embeddable":true,"href":"https:\/\/www.elinesnel.com\/es\/wp-json\/wp\/v2\/comments?post=7205"}],"version-history":[{"count":0,"href":"https:\/\/www.elinesnel.com\/es\/wp-json\/wp\/v2\/pages\/7205\/revisions"}],"wp:attachment":[{"href":"https:\/\/www.elinesnel.com\/es\/wp-json\/wp\/v2\/media?parent=7205"}],"curies":[{"name":"wp","href":"https:\/\/api.w.org\/{rel}","templated":true}]}}