{"id":7196,"date":"2021-05-20T15:56:02","date_gmt":"2021-05-20T13:56:02","guid":{"rendered":"https:\/\/www.elinesnel.com\/?page_id=7196"},"modified":"2021-09-27T11:37:27","modified_gmt":"2021-09-27T09:37:27","slug":"mindfulness-y-el-cerebro","status":"publish","type":"page","link":"https:\/\/www.elinesnel.com\/es\/mindfulness-y-el-cerebro\/","title":{"rendered":"Mindfulness y el cerebro"},"content":{"rendered":"<p>[et_pb_section fb_built=\u00bb1&#8243; custom_padding_last_edited=\u00bbon|phone\u00bb module_class=\u00bbvervolgtitel\u00bb _builder_version=\u00bb4.5.1&#8243; _module_preset=\u00bbdefault\u00bb background_color_gradient_direction=\u00bb0deg\u00bb background_image=\u00bbhttps:\/\/www.elinesnel.com\/wp-content\/uploads\/2021\/02\/ElineSnel_Kikkervervolg.jpg\u00bb custom_padding=\u00bb11vw||0px||false|false\u00bb custom_padding_tablet=\u00bb\u00bb custom_padding_phone=\u00bb0vw||0px||false|false\u00bb global_colors_info=\u00bb{}\u00bb][et_pb_row custom_padding_last_edited=\u00bbon|phone\u00bb _builder_version=\u00bb4.5.1&#8243; custom_margin=\u00bb||||false|false\u00bb custom_padding=\u00bb||||false|false\u00bb custom_padding_tablet=\u00bb\u00bb custom_padding_phone=\u00bb0px||||false|false\u00bb global_colors_info=\u00bb{}\u00bb][et_pb_column type=\u00bb4_4&#8243; _builder_version=\u00bb4.5.1&#8243; global_colors_info=\u00bb{}\u00bb][et_pb_text _builder_version=\u00bb4.9.0&#8243; text_font=\u00bbNunito Sans||||||||\u00bb text_text_color=\u00bb#006a52&#8243; text_font_size=\u00bb25px\u00bb text_line_height=\u00bb1.3em\u00bb header_font=\u00bb||||||||\u00bb header_text_color=\u00bb#0f7499&#8243; header_font_size=\u00bb32px\u00bb header_line_height=\u00bb1.4em\u00bb background_color=\u00bb#ffffff\u00bb transform_translate=\u00bb0px|84px\u00bb transform_translate_linked=\u00bboff\u00bb z_index=\u00bb1&#8243; text_orientation=\u00bbcenter\u00bb max_width=\u00bb850px\u00bb module_alignment=\u00bbcenter\u00bb custom_margin=\u00bb0px||||false|false\u00bb custom_margin_tablet=\u00bb\u00bb custom_margin_phone=\u00bb0px||||false|false\u00bb custom_margin_last_edited=\u00bbon|phone\u00bb custom_padding=\u00bb25px|25px|25px|25px|true|true\u00bb custom_padding_tablet=\u00bb\u00bb custom_padding_phone=\u00bb14px|15px|7px|15px|false|true\u00bb custom_padding_last_edited=\u00bbon|phone\u00bb animation_style=\u00bbslide\u00bb animation_direction=\u00bbbottom\u00bb animation_duration=\u00bb1400ms\u00bb animation_speed_curve=\u00bbease\u00bb text_font_size_tablet=\u00bb\u00bb text_font_size_phone=\u00bb20px\u00bb text_font_size_last_edited=\u00bbon|phone\u00bb header_font_size_tablet=\u00bb\u00bb header_font_size_phone=\u00bb24px\u00bb header_font_size_last_edited=\u00bbon|phone\u00bb module_alignment_tablet=\u00bb\u00bb module_alignment_phone=\u00bbcenter\u00bb module_alignment_last_edited=\u00bbon|phone\u00bb border_width_top=\u00bb10px\u00bb border_color_top=\u00bb#329a37&#8243; border_width_top_tablet=\u00bb\u00bb border_width_top_phone=\u00bb6px\u00bb border_width_top_last_edited=\u00bbon|phone\u00bb box_shadow_style=\u00bbpreset2&#8243; box_shadow_horizontal=\u00bb5px\u00bb box_shadow_vertical=\u00bb5px\u00bb box_shadow_blur=\u00bb5px\u00bb box_shadow_color=\u00bbrgba(0,0,0,0.15)\u00bb global_colors_info=\u00bb{}\u00bb]<\/p>\n<h1>MINDFULNESS Y EL CEREBRO<\/h1>\n<p>[\/et_pb_text][\/et_pb_column][\/et_pb_row][\/et_pb_section][et_pb_section fb_built=\u00bb1&#8243; fullwidth=\u00bbon\u00bb _builder_version=\u00bb4.5.1&#8243; _module_preset=\u00bbdefault\u00bb global_colors_info=\u00bb{}\u00bb][\/et_pb_section][et_pb_section fb_built=\u00bb1&#8243; disabled_on=\u00bbon|on|off\u00bb module_class=\u00bbtoplijnen\u00bb _builder_version=\u00bb4.5.1&#8243; _module_preset=\u00bbdefault\u00bb custom_margin=\u00bb0px||0px||false|false\u00bb custom_padding=\u00bb0px||0px|||\u00bb global_colors_info=\u00bb{}\u00bb][et_pb_row column_structure=\u00bb1_2,1_2&#8243; use_custom_gutter=\u00bbon\u00bb gutter_width=\u00bb1&#8243; _builder_version=\u00bb4.5.1&#8243; _module_preset=\u00bbdefault\u00bb z_index=\u00bb1&#8243; width=\u00bb100%\u00bb max_width=\u00bb100%\u00bb custom_padding=\u00bb0px||0px||false|false\u00bb global_colors_info=\u00bb{}\u00bb][et_pb_column type=\u00bb1_2&#8243; _builder_version=\u00bb4.5.1&#8243; _module_preset=\u00bbdefault\u00bb border_width_top=\u00bb10px\u00bb border_color_top=\u00bb#9ac21e\u00bb global_colors_info=\u00bb{}\u00bb][\/et_pb_column][et_pb_column type=\u00bb1_2&#8243; _builder_version=\u00bb4.5.1&#8243; _module_preset=\u00bbdefault\u00bb border_width_top=\u00bb10px\u00bb border_color_top=\u00bb#0f7499&#8243; global_colors_info=\u00bb{}\u00bb][\/et_pb_column][\/et_pb_row][\/et_pb_section][et_pb_section fb_built=\u00bb1&#8243; custom_padding_last_edited=\u00bboff|desktop\u00bb background_color_gradient_end_1=\u00bb#c7cbd4&#8243; admin_label=\u00bbTwo CTA Section\u00bb _builder_version=\u00bb4.5.1&#8243; background_enable_color=\u00bboff\u00bb background_image=\u00bbhttps:\/\/www.elinesnel.com\/wp-content\/uploads\/2021\/02\/ES_Grijs_Kikkerpoot-1.png\u00bb background_size=\u00bbinitial\u00bb background_position=\u00bbtop_left\u00bb custom_padding=\u00bb0px||0px||true\u00bb custom_padding_tablet=\u00bb20px||10px|\u00bb background_last_edited=\u00bbon|phone\u00bb background_enable_image_phone=\u00bboff\u00bb global_colors_info=\u00bb{}\u00bb][et_pb_row admin_label=\u00bbMission Row\u00bb _builder_version=\u00bb4.5.1&#8243; custom_padding=\u00bb65px||0px|||\u00bb animation_direction=\u00bbleft\u00bb locked=\u00bboff\u00bb global_colors_info=\u00bb{}\u00bb][et_pb_column type=\u00bb4_4&#8243; _builder_version=\u00bb3.25&#8243; custom_padding=\u00bb|||\u00bb global_colors_info=\u00bb{}\u00bb custom_padding__hover=\u00bb|||\u00bb][et_pb_text module_class=\u00bbintrotekst\u00bb _builder_version=\u00bb4.5.1&#8243; text_font=\u00bbNunito Sans||||||||\u00bb text_text_color=\u00bb#7a7c81&#8243; text_font_size=\u00bb20px\u00bb text_line_height=\u00bb2em\u00bb header_font=\u00bb||||||||\u00bb header_2_font=\u00bbBalooPaaji2|700|||||||\u00bb header_2_text_color=\u00bb#007398&#8243; header_2_font_size=\u00bb40px\u00bb header_2_line_height=\u00bb1.4em\u00bb header_5_font=\u00bbRubik|700||on|||||\u00bb header_5_text_color=\u00bb#2b76df\u00bb header_5_letter_spacing=\u00bb5px\u00bb header_5_line_height=\u00bb1.5em\u00bb background_color=\u00bb#ffffff\u00bb text_orientation=\u00bbcenter\u00bb max_width=\u00bb800px\u00bb module_alignment=\u00bbcenter\u00bb custom_margin=\u00bb40px||80px|||\u00bb custom_margin_tablet=\u00bb0px|||\u00bb custom_margin_last_edited=\u00bboff|desktop\u00bb animation_style=\u00bbslide\u00bb animation_direction=\u00bbbottom\u00bb animation_duration=\u00bb1400ms\u00bb animation_delay=\u00bb400ms\u00bb animation_speed_curve=\u00bbease\u00bb text_font_size_tablet=\u00bb\u00bb text_font_size_phone=\u00bb16px\u00bb text_font_size_last_edited=\u00bbon|phone\u00bb text_line_height_tablet=\u00bb\u00bb text_line_height_phone=\u00bb1.4em\u00bb text_line_height_last_edited=\u00bbon|phone\u00bb header_2_font_size_tablet=\u00bb\u00bb header_2_font_size_phone=\u00bb30px\u00bb header_2_font_size_last_edited=\u00bbon|phone\u00bb global_colors_info=\u00bb{}\u00bb]<\/p>\n<p>En los adultos, se ha demostrado que el entrenamiento de la atenci\u00f3n plena influye positivamente en regiones importantes del cerebro que tienen que ver con el funcionamiento ejecutivo, incluido el control de los impulsos y la toma de decisiones, la toma de perspectiva, el aprendizaje y la memoria, la regulaci\u00f3n de las emociones y un sentido de conexi\u00f3n con uno mismo y con los dem\u00e1s. Bajo un estr\u00e9s intenso e incesante, todas estas funciones cerebrales se degradan r\u00e1pidamente. Esto puede afectar la toma de decisiones acertadas, la confianza en uno mismo y la capacidad de lidiar de manera beneficiosa con emociones fuertes. <\/p>\n<p>Cada vez hay m\u00e1s pruebas de que esto es a\u00fan m\u00e1s importante para los ni\u00f1os, cuyo sistema nervioso y cerebro a\u00fan est\u00e1n en v\u00edas de desarrollo y son a\u00fan m\u00e1s sensibles a los efectos negativos del estr\u00e9s. Todo el mundo quiere que cada ni\u00f1o sienta que est\u00e1 perfectamente bien. Es cierto que todav\u00eda queda mucho por aprender y en ocasiones hay algo que \u201cpulir\u201d, pero sobre todo es cierto que el ni\u00f1o podr\u00e1 desarrollar una profunda sensaci\u00f3n de bienestar interior y volver a casa consigo mismo, independientemente de las circunstancias. La atenci\u00f3n plena parece aportar un apoyo valioso y de por vida en este proceso.<\/p>\n<p>&nbsp;<\/p>\n<p>[\/et_pb_text][\/et_pb_column][\/et_pb_row][\/et_pb_section]<\/p>\n","protected":false},"excerpt":{"rendered":"<p>MINDFULNESS Y EL CEREBROEn los adultos, se ha demostrado que el entrenamiento de la atenci\u00f3n plena influye positivamente en regiones importantes del cerebro que tienen que ver con el funcionamiento ejecutivo, incluido el control de los impulsos y la toma de decisiones, la toma de perspectiva, el aprendizaje y la memoria, la regulaci\u00f3n de las [&hellip;]<\/p>\n","protected":false},"author":12,"featured_media":0,"parent":0,"menu_order":0,"comment_status":"closed","ping_status":"closed","template":"","meta":{"_et_pb_use_builder":"on","_et_pb_old_content":"","_et_gb_content_width":"","footnotes":""},"class_list":["post-7196","page","type-page","status-publish","hentry"],"_links":{"self":[{"href":"https:\/\/www.elinesnel.com\/es\/wp-json\/wp\/v2\/pages\/7196","targetHints":{"allow":["GET"]}}],"collection":[{"href":"https:\/\/www.elinesnel.com\/es\/wp-json\/wp\/v2\/pages"}],"about":[{"href":"https:\/\/www.elinesnel.com\/es\/wp-json\/wp\/v2\/types\/page"}],"author":[{"embeddable":true,"href":"https:\/\/www.elinesnel.com\/es\/wp-json\/wp\/v2\/users\/12"}],"replies":[{"embeddable":true,"href":"https:\/\/www.elinesnel.com\/es\/wp-json\/wp\/v2\/comments?post=7196"}],"version-history":[{"count":0,"href":"https:\/\/www.elinesnel.com\/es\/wp-json\/wp\/v2\/pages\/7196\/revisions"}],"wp:attachment":[{"href":"https:\/\/www.elinesnel.com\/es\/wp-json\/wp\/v2\/media?parent=7196"}],"curies":[{"name":"wp","href":"https:\/\/api.w.org\/{rel}","templated":true}]}}