{"id":7079,"date":"2021-05-20T11:06:38","date_gmt":"2021-05-20T09:06:38","guid":{"rendered":"https:\/\/www.elinesnel.com\/?page_id=7079"},"modified":"2022-05-12T12:09:20","modified_gmt":"2022-05-12T10:09:20","slug":"libros-eline-snel","status":"publish","type":"page","link":"https:\/\/www.elinesnel.com\/es\/libros-eline-snel\/","title":{"rendered":"Libros Eline Snel"},"content":{"rendered":"<p>[et_pb_section fb_built=\u00bb1&#8243; custom_padding_last_edited=\u00bbon|phone\u00bb module_class=\u00bbvervolgtitel\u00bb _builder_version=\u00bb4.16&#8243; _module_preset=\u00bbdefault\u00bb background_color_gradient_direction=\u00bb0deg\u00bb background_image=\u00bbhttps:\/\/www.elinesnel.com\/wp-content\/uploads\/2021\/02\/ElineSnel_Boekenslide-1.jpg\u00bb custom_padding=\u00bb11vw||0px||false|false\u00bb custom_padding_tablet=\u00bb\u00bb custom_padding_phone=\u00bb0vw||||false|false\u00bb hover_enabled=\u00bb0&#8243; global_colors_info=\u00bb{}\u00bb sticky_enabled=\u00bb0&#8243;][et_pb_row custom_padding_last_edited=\u00bbon|phone\u00bb _builder_version=\u00bb4.16&#8243; custom_margin=\u00bb||||false|false\u00bb custom_padding=\u00bb||||false|false\u00bb custom_padding_tablet=\u00bb\u00bb custom_padding_phone=\u00bb0px||||false|false\u00bb global_colors_info=\u00bb{}\u00bb][et_pb_column type=\u00bb4_4&#8243; _builder_version=\u00bb4.16&#8243; global_colors_info=\u00bb{}\u00bb][et_pb_text _builder_version=\u00bb4.16&#8243; text_font=\u00bbNunito Sans||||||||\u00bb text_text_color=\u00bb#006a52&#8243; text_font_size=\u00bb25px\u00bb text_line_height=\u00bb1.3em\u00bb header_font=\u00bb||||||||\u00bb header_text_color=\u00bb#0f7499&#8243; header_font_size=\u00bb32px\u00bb header_line_height=\u00bb1.4em\u00bb background_color=\u00bb#ffffff\u00bb transform_translate=\u00bb0px|84px\u00bb transform_translate_linked=\u00bboff\u00bb z_index=\u00bb1&#8243; text_orientation=\u00bbcenter\u00bb max_width=\u00bb850px\u00bb module_alignment=\u00bbcenter\u00bb custom_margin=\u00bb0px||||false|false\u00bb custom_margin_tablet=\u00bb\u00bb custom_margin_phone=\u00bb0px||||false|false\u00bb custom_margin_last_edited=\u00bbon|phone\u00bb custom_padding=\u00bb25px|25px|25px|25px|true|true\u00bb custom_padding_tablet=\u00bb\u00bb custom_padding_phone=\u00bb14px|15px|7px|15px|false|true\u00bb custom_padding_last_edited=\u00bbon|phone\u00bb animation_direction=\u00bbbottom\u00bb text_font_size_tablet=\u00bb\u00bb text_font_size_phone=\u00bb20px\u00bb text_font_size_last_edited=\u00bbon|phone\u00bb header_font_size_tablet=\u00bb\u00bb header_font_size_phone=\u00bb22px\u00bb header_font_size_last_edited=\u00bbon|phone\u00bb module_alignment_tablet=\u00bb\u00bb module_alignment_phone=\u00bbcenter\u00bb module_alignment_last_edited=\u00bbon|phone\u00bb border_width_top=\u00bb10px\u00bb border_color_top=\u00bb#329a37&#8243; border_width_top_tablet=\u00bb\u00bb border_width_top_phone=\u00bb6px\u00bb border_width_top_last_edited=\u00bbon|phone\u00bb box_shadow_style=\u00bbpreset2&#8243; box_shadow_horizontal=\u00bb5px\u00bb box_shadow_vertical=\u00bb5px\u00bb box_shadow_blur=\u00bb5px\u00bb box_shadow_color=\u00bbrgba(0,0,0,0.15)\u00bb global_colors_info=\u00bb{}\u00bb]<\/p>\n<h1>LIBROS DE ELINE SNEL<\/h1>\n<p>[\/et_pb_text][\/et_pb_column][\/et_pb_row][\/et_pb_section][et_pb_section fb_built=\u00bb1&#8243; fullwidth=\u00bbon\u00bb _builder_version=\u00bb4.16&#8243; _module_preset=\u00bbdefault\u00bb global_colors_info=\u00bb{}\u00bb][\/et_pb_section][et_pb_section fb_built=\u00bb1&#8243; disabled_on=\u00bbon|on|off\u00bb module_class=\u00bbtoplijnen\u00bb _builder_version=\u00bb4.16&#8243; _module_preset=\u00bbdefault\u00bb custom_margin=\u00bb0px||0px||false|false\u00bb custom_padding=\u00bb0px||0px|||\u00bb global_colors_info=\u00bb{}\u00bb][et_pb_row column_structure=\u00bb1_2,1_2&#8243; use_custom_gutter=\u00bbon\u00bb gutter_width=\u00bb1&#8243; _builder_version=\u00bb4.16&#8243; _module_preset=\u00bbdefault\u00bb z_index=\u00bb1&#8243; width=\u00bb100%\u00bb max_width=\u00bb100%\u00bb custom_padding=\u00bb0px||0px||false|false\u00bb global_colors_info=\u00bb{}\u00bb][et_pb_column type=\u00bb1_2&#8243; _builder_version=\u00bb4.16&#8243; _module_preset=\u00bbdefault\u00bb border_width_top=\u00bb10px\u00bb border_color_top=\u00bb#9ac21e\u00bb global_colors_info=\u00bb{}\u00bb][\/et_pb_column][et_pb_column type=\u00bb1_2&#8243; _builder_version=\u00bb4.16&#8243; _module_preset=\u00bbdefault\u00bb border_width_top=\u00bb10px\u00bb border_color_top=\u00bb#0f7499&#8243; global_colors_info=\u00bb{}\u00bb][\/et_pb_column][\/et_pb_row][\/et_pb_section][et_pb_section fb_built=\u00bb1&#8243; custom_padding_last_edited=\u00bboff|desktop\u00bb background_color_gradient_end_1=\u00bb#c7cbd4&#8243; admin_label=\u00bbTwo CTA Section\u00bb _builder_version=\u00bb4.16&#8243; background_enable_color=\u00bboff\u00bb background_image=\u00bbhttps:\/\/www.elinesnel.com\/wp-content\/uploads\/2021\/02\/ES_Grijs_Kikkerpoot-1.png\u00bb background_size=\u00bbinitial\u00bb background_position=\u00bbtop_left\u00bb custom_margin=\u00bb||85px||false|false\u00bb custom_padding=\u00bb0px||0px||true\u00bb custom_padding_tablet=\u00bb20px||10px|\u00bb background_last_edited=\u00bbon|tablet\u00bb background_enable_image_tablet=\u00bboff\u00bb background_enable_image_phone=\u00bboff\u00bb global_colors_info=\u00bb{}\u00bb][et_pb_row custom_padding_last_edited=\u00bbon|phone\u00bb admin_label=\u00bbMission Row\u00bb _builder_version=\u00bb4.16&#8243; custom_padding=\u00bb105px||13px||false|false\u00bb custom_padding_tablet=\u00bb\u00bb custom_padding_phone=\u00bb110px||40px||false|false\u00bb animation_direction=\u00bbleft\u00bb locked=\u00bboff\u00bb global_colors_info=\u00bb{}\u00bb][et_pb_column type=\u00bb4_4&#8243; _builder_version=\u00bb4.16&#8243; custom_padding=\u00bb|||\u00bb global_colors_info=\u00bb{}\u00bb custom_padding__hover=\u00bb|||\u00bb][et_pb_text module_class=\u00bbintrotekst\u00bb _builder_version=\u00bb4.16&#8243; text_font=\u00bbNunito Sans||||||||\u00bb text_text_color=\u00bb#7a7c81&#8243; text_font_size=\u00bb20px\u00bb text_line_height=\u00bb2em\u00bb header_font=\u00bb||||||||\u00bb header_2_font=\u00bbBalooPaaji2|700|||||||\u00bb header_2_text_color=\u00bb#007398&#8243; header_2_font_size=\u00bb40px\u00bb header_2_line_height=\u00bb1.4em\u00bb header_5_font=\u00bbRubik|700||on|||||\u00bb header_5_text_color=\u00bb#2b76df\u00bb header_5_letter_spacing=\u00bb5px\u00bb header_5_line_height=\u00bb1.5em\u00bb text_orientation=\u00bbcenter\u00bb max_width=\u00bb612px\u00bb module_alignment=\u00bbcenter\u00bb custom_margin=\u00bb0px||40px|||\u00bb custom_margin_tablet=\u00bb0px|||\u00bb custom_margin_phone=\u00bb0px||0px||false|false\u00bb custom_margin_last_edited=\u00bbon|phone\u00bb animation_style=\u00bbslide\u00bb animation_direction=\u00bbbottom\u00bb text_font_size_tablet=\u00bb\u00bb text_font_size_phone=\u00bb16px\u00bb text_font_size_last_edited=\u00bbon|phone\u00bb text_line_height_tablet=\u00bb\u00bb text_line_height_phone=\u00bb1.6em\u00bb text_line_height_last_edited=\u00bbon|phone\u00bb header_2_font_size_tablet=\u00bb\u00bb header_2_font_size_phone=\u00bb30px\u00bb header_2_font_size_last_edited=\u00bbon|phone\u00bb global_colors_info=\u00bb{}\u00bb]<\/p>\n<p><strong>Los libros de Eline Snel se han publicado en m\u00e1s de 42 pa\u00edses. Est\u00e1n disponibles en librer\u00edas y online..<\/strong><\/p>\n<p>[\/et_pb_text][\/et_pb_column][\/et_pb_row][et_pb_row custom_padding_last_edited=\u00bbon|phone\u00bb _builder_version=\u00bb4.16&#8243; _module_preset=\u00bbdefault\u00bb custom_margin_tablet=\u00bb\u00bb custom_margin_phone=\u00bb||||false|false\u00bb custom_margin_last_edited=\u00bbon|phone\u00bb custom_padding=\u00bb0px|||||\u00bb custom_padding_tablet=\u00bb\u00bb custom_padding_phone=\u00bb0px||||false|false\u00bb global_colors_info=\u00bb{}\u00bb][et_pb_column type=\u00bb4_4&#8243; _builder_version=\u00bb4.16&#8243; _module_preset=\u00bbdefault\u00bb global_colors_info=\u00bb{}\u00bb][et_pb_toggle title=\u00bbTranquilos y Atentos como una rana\u00bb open_toggle_text_color=\u00bb#006a52&#8243; open_toggle_background_color=\u00bb#ffffff\u00bb closed_toggle_background_color=\u00bb#ffffff\u00bb icon_color=\u00bb#006a52&#8243; use_icon_font_size=\u00bbon\u00bb icon_font_size=\u00bb30px\u00bb open_icon_color=\u00bb#006a52&#8243; open_use_icon_font_size=\u00bbon\u00bb open_icon_font_size=\u00bb30px\u00bb _builder_version=\u00bb4.16&#8243; _module_preset=\u00bbdefault\u00bb title_text_color=\u00bb#006a52&#8243; title_level=\u00bbh3&#8243; title_font_size=\u00bb22px\u00bb body_font=\u00bbNunito Sans|300|||||||\u00bb body_font_size=\u00bb18px\u00bb body_line_height=\u00bb1.6em\u00bb background_color=\u00bb#ffffff\u00bb custom_padding=\u00bb25px|25px|25px|25px|true|true\u00bb title_font_size_tablet=\u00bb\u00bb title_font_size_phone=\u00bb18px\u00bb title_font_size_last_edited=\u00bbon|phone\u00bb title_line_height_tablet=\u00bb\u00bb title_line_height_phone=\u00bb1.4em\u00bb title_line_height_last_edited=\u00bbon|phone\u00bb body_font_size_tablet=\u00bb\u00bb body_font_size_phone=\u00bb16px\u00bb body_font_size_last_edited=\u00bbon|phone\u00bb border_width_all=\u00bb0px\u00bb border_color_all=\u00bb#9ac21e\u00bb border_width_top=\u00bb5px\u00bb box_shadow_style=\u00bbpreset2&#8243; box_shadow_horizontal=\u00bb5px\u00bb box_shadow_vertical=\u00bb5px\u00bb box_shadow_blur=\u00bb5px\u00bb box_shadow_color=\u00bbrgba(0,0,0,0.15)\u00bb global_colors_info=\u00bb{}\u00bb]<\/p>\n<p><img loading=\"lazy\" decoding=\"async\" src=\"https:\/\/www.elinesnel.com\/wp-content\/uploads\/2020\/05\/AMT_StilzittenAlsEenKikker.jpg\" width=\"298\" height=\"298\" style=\"float: right;\" \/><span style=\"font-size: 18px;\">Tranquilos y Atentos como una rana es el libro de mayor venta a nivel internacional sobre Mindfulness, para ni\u00f1os de 5 a 12 a\u00f1os y sus padres. Ha sido traducido a muchos idiomas y publicado en m\u00e1s de 42 pa\u00edses.<\/span><\/p>\n<p>El libro se basa en los muchos a\u00f1os de experiencia en Mindfulness de Eline con ni\u00f1os, padres y maestros, y est\u00e1 lleno de historias y ejercicios pr\u00e1cticos. Tambi\u00e9n contiene once meditaciones para ni\u00f1os: las meditaciones Dormir bien y el Test del Espagueti son las favoritas de muchos lectores. A los nietos de Eline les gusta hacer El \u00e1rbol de los deseos y El secreto del coraz\u00f3n.<\/p>\n<p>\u201c\u00a1Si tuvie\u0301ramos la paciencia de la oruga que en su capullo espera con calma a convertirse en mariposa!\u00bb, escribe Eline en uno de los \u00faltimos cap\u00edtulos de Tranquilos y Atentos como una rana. \u201cSi tuvie\u0301ramos la confianza de un recie\u0301n nacido, o si pudie\u0301ramos soltar, dejar ir lo que quisie\u0301ramos, con la misma sabiduri\u0301a de la hoja que cae en oton\u0303o, entonces todo seri\u0301a mucho ma\u0301s fa\u0301cil para nosotros.\u201d<\/p>\n<p>\u00bfPero c\u00f3mo hacer esto \u2013 como ni\u00f1o, como padre o maestro- cuando te sientes estresado, inseguro o inadecuado?<\/p>\n<p><em>Tranquilos y atentos como una rana<\/em> est\u00e1 dirigido a todos quienes quieran conocer m\u00e1s sobre Mindfulness, tengan ni\u00f1os\u2026 o no. Est\u00e1 escrito en un lenguaje claro y sencillo, y los ejercicios son tan divertidos para los adultos como para los ni\u00f1os.<\/p>\n<p>El pr\u00f3logo de Tranquilos y Atentos como una Rana est\u00e1 escrito por Jon Kabat -Zin.<\/p>\n<p>Publicado en castellano por Editorial Kairos, Barcelona, 2013.<\/p>\n<p>[\/et_pb_toggle][et_pb_toggle title=\u00bbRespirad\u00bb open_toggle_text_color=\u00bb#006a52&#8243; open_toggle_background_color=\u00bb#ffffff\u00bb closed_toggle_background_color=\u00bb#ffffff\u00bb icon_color=\u00bb#006a52&#8243; use_icon_font_size=\u00bbon\u00bb icon_font_size=\u00bb30px\u00bb open_icon_color=\u00bb#006a52&#8243; open_use_icon_font_size=\u00bbon\u00bb open_icon_font_size=\u00bb30px\u00bb _builder_version=\u00bb4.16&#8243; _module_preset=\u00bbdefault\u00bb title_text_color=\u00bb#006a52&#8243; title_level=\u00bbh3&#8243; title_font_size=\u00bb22px\u00bb body_font=\u00bbNunito Sans|300|||||||\u00bb body_font_size=\u00bb18px\u00bb body_line_height=\u00bb1.6em\u00bb background_color=\u00bb#ffffff\u00bb custom_padding=\u00bb25px|25px|25px|25px|true|true\u00bb title_font_size_tablet=\u00bb\u00bb title_font_size_phone=\u00bb18px\u00bb title_font_size_last_edited=\u00bbon|phone\u00bb title_line_height_tablet=\u00bb\u00bb title_line_height_phone=\u00bb1.4em\u00bb title_line_height_last_edited=\u00bbon|phone\u00bb body_font_size_tablet=\u00bb\u00bb body_font_size_phone=\u00bb16px\u00bb body_font_size_last_edited=\u00bbon|phone\u00bb border_width_all=\u00bb0px\u00bb border_color_all=\u00bb#9ac21e\u00bb border_width_top=\u00bb5px\u00bb border_color_top=\u00bb#006a52&#8243; box_shadow_style=\u00bbpreset2&#8243; box_shadow_horizontal=\u00bb5px\u00bb box_shadow_vertical=\u00bb5px\u00bb box_shadow_blur=\u00bb5px\u00bb box_shadow_color=\u00bbrgba(0,0,0,0.15)\u00bb global_colors_info=\u00bb{}\u00bb]<\/p>\n<p><img loading=\"lazy\" decoding=\"async\" src=\"https:\/\/www.elinesnel.com\/wp-content\/uploads\/2020\/05\/AMT_RuimteGeven.jpg\" style=\"float: right;\" width=\"275\" height=\"275\" \/><\/p>\n<p>Si alguna vez ha sido padre de un adolescente, sabr\u00e1 que es una gran aventura en todos los aspectos. Una cosa es segura: \u00a1nunca se sabe qu\u00e9 pasar\u00e1 despu\u00e9s!<\/p>\n<p>Tras el innovador <em>Tranquilos y Atentos como una Rana<\/em>, sigui\u00f3 <em>Respirad<\/em>\u00a0 en 2014. Est\u00e1 dirigido a padres de adolescentes, pero a diferencia de muchos otros libros, no pretende ofrecer consejos<em> prefabricados<\/em>, ni recetas milagrosas. Por el contrario, anima a los padres a no juzgarse a s\u00ed mismos, ni a sus hijos.<\/p>\n<p>\u00a0Mostrar compasi\u00f3n y sinceridad no siempre es f\u00e1cil\u2026, y nos invita a prestar atenci\u00f3n a los sentimientos de estr\u00e9s, ira e impotencia en lugar de ignorarlos, reprimirlos o sobre-reaccionar\u2026 \u00a1Debemos brindarles la misma calidad de atenci\u00f3n que le brindar\u00edamos a nuestro mejor amigo!<\/p>\n<p>La lectura de este libro infunde confianza a los padres, les dice que lo est\u00e1n haciendo mejor de lo que creen, y que su hijo adolescente puede convertirse en una persona de la que se sientan orgullosos.<\/p>\n<p>Tambi\u00e9n pueden descargar las 13 meditaciones que acompa\u00f1an al libro, y los adolescentes disfrutar\u00e1n de la aplicaci\u00f3n <a href=\"https:\/\/www.elinesnel.com\/es\/sitting-still-app\/\">Sitting Still<\/a> (la app se encuentra disponible solamente en ingl\u00e9s, holand\u00e9s y franc\u00e9s).<\/p>\n<p>Publicado por Editorial Ten Have, Amsterdam, 2014.<br \/>Publicado en castellano por Editorial Kairos, Barcelona, 2015.<\/p>\n<p>[\/et_pb_toggle][et_pb_toggle title=\u00bbGu\u00eda Pr\u00e1ctica de la Serenidad\u00bb open_toggle_text_color=\u00bb#006a52&#8243; open_toggle_background_color=\u00bb#ffffff\u00bb closed_toggle_background_color=\u00bb#ffffff\u00bb icon_color=\u00bb#006a52&#8243; use_icon_font_size=\u00bbon\u00bb icon_font_size=\u00bb30px\u00bb open_icon_color=\u00bb#006a52&#8243; open_use_icon_font_size=\u00bbon\u00bb open_icon_font_size=\u00bb30px\u00bb _builder_version=\u00bb4.16&#8243; _module_preset=\u00bbdefault\u00bb title_text_color=\u00bb#006a52&#8243; title_level=\u00bbh3&#8243; title_font_size=\u00bb22px\u00bb body_font=\u00bbNunito Sans|300|||||||\u00bb body_font_size=\u00bb18px\u00bb body_line_height=\u00bb1.6em\u00bb custom_padding=\u00bb25px|25px|25px|25px|true|true\u00bb title_font_size_tablet=\u00bb\u00bb title_font_size_phone=\u00bb18px\u00bb title_font_size_last_edited=\u00bbon|phone\u00bb title_line_height_tablet=\u00bb\u00bb title_line_height_phone=\u00bb1.4em\u00bb title_line_height_last_edited=\u00bbon|phone\u00bb body_font_size_tablet=\u00bb\u00bb body_font_size_phone=\u00bb16px\u00bb body_font_size_last_edited=\u00bbon|phone\u00bb border_width_all=\u00bb0px\u00bb border_color_all=\u00bb#9ac21e\u00bb border_width_top=\u00bb5px\u00bb border_color_top=\u00bb#0f7499&#8243; box_shadow_style=\u00bbpreset2&#8243; box_shadow_horizontal=\u00bb5px\u00bb box_shadow_vertical=\u00bb5px\u00bb box_shadow_blur=\u00bb5px\u00bb box_shadow_color=\u00bbrgba(0,0,0,0.15)\u00bb global_colors_info=\u00bb{}\u00bb]<\/p>\n<p><img loading=\"lazy\" decoding=\"async\" src=\"https:\/\/www.elinesnel.com\/wp-content\/uploads\/2020\/05\/AMT_Stilzitten_WB.jpg\" style=\"float: right;\" width=\"246\" height=\"246\" \/><\/p>\n<p><em>La gu\u00eda pr\u00e1ctica de la Serenidad<\/em> es para ni\u00f1as y ni\u00f1os de 5 a 10 a\u00f1os. Es un libro de actividades diferente, lleno de juegos, historias, peque\u00f1as misiones para completar, carteles, calcoman\u00edas, ejercicios de yoga y ejercicios complementarios para descargar. En la parte de atr\u00e1s, encontrar\u00e1s el juego de compasi\u00f3n de la Rana.<\/p>\n<p>Los ni\u00f1os podr\u00e1n colorear dibujos, completar una historia o so\u00f1ar c\u00f3mo ser\u00eda su coraz\u00f3n y si fuera una habitaci\u00f3n y la pudieran \u201cdecorar\u201d.\u00a0<\/p>\n<p>El libro se ha abierto camino en muchas escuelas y hogares en los que los ni\u00f1os pueden pausar y saborear un poco de calma y tranquilidad. Pues si enfocan su atenci\u00f3n en colorear, jugar a un juego o completar una actividad, tienen menos espacio en su mente para preocuparse por otras cosas. Adem\u00e1s, es un cuaderno en el que no es posible \u00abequivocarse\u00bb&#8230; \u00a1Y eso es tan raro como maravilloso!<\/p>\n<p>(Editorial Kosmos 2018)<br \/>Publicado por Les Ar\u00e8nes, Paris, 2017<br \/>Publicado en castellano por Editorial Kairos, Barcelona, 2018<\/p>\n<p>[\/et_pb_toggle][et_pb_toggle title=\u00bbEl despertar de la Ranita\u00bb open_toggle_text_color=\u00bb#006a52&#8243; open_toggle_background_color=\u00bb#ffffff\u00bb closed_toggle_background_color=\u00bb#ffffff\u00bb icon_color=\u00bb#006a52&#8243; use_icon_font_size=\u00bbon\u00bb icon_font_size=\u00bb30px\u00bb open_icon_color=\u00bb#006a52&#8243; open_use_icon_font_size=\u00bbon\u00bb open_icon_font_size=\u00bb30px\u00bb _builder_version=\u00bb4.16&#8243; _module_preset=\u00bbdefault\u00bb title_text_color=\u00bb#006a52&#8243; title_level=\u00bbh3&#8243; title_font_size=\u00bb22px\u00bb body_font=\u00bbNunito Sans|300|||||||\u00bb body_font_size=\u00bb18px\u00bb body_line_height=\u00bb1.6em\u00bb custom_padding=\u00bb25px|25px|25px|25px|true|true\u00bb title_font_size_tablet=\u00bb\u00bb title_font_size_phone=\u00bb18px\u00bb title_font_size_last_edited=\u00bbon|phone\u00bb title_line_height_tablet=\u00bb\u00bb title_line_height_phone=\u00bb1.4em\u00bb title_line_height_last_edited=\u00bbon|phone\u00bb body_font_size_tablet=\u00bb\u00bb body_font_size_phone=\u00bb16px\u00bb body_font_size_last_edited=\u00bbon|phone\u00bb border_width_all=\u00bb0px\u00bb border_color_all=\u00bb#9ac21e\u00bb border_width_top=\u00bb5px\u00bb box_shadow_style=\u00bbpreset2&#8243; box_shadow_horizontal=\u00bb5px\u00bb box_shadow_vertical=\u00bb5px\u00bb box_shadow_blur=\u00bb5px\u00bb box_shadow_color=\u00bbrgba(0,0,0,0.15)\u00bb global_colors_info=\u00bb{}\u00bb]<\/p>\n<p><img loading=\"lazy\" decoding=\"async\" src=\"https:\/\/www.elinesnel.com\/wp-content\/uploads\/2021\/02\/Cover-boek-NL-kleine-kikker.jpg\" style=\"float: right; padding: 10px;\" width=\"194\" height=\"316\" \/><em>El despertar de la Ranita<\/em> est\u00e1 dirigido a padres y abuelos de ni\u00f1os de dieciocho meses a 4 a\u00f1os, as\u00ed como a los profesionales que trabajan con ellos en guarder\u00edas, centros de salud y cuidado infantil.<\/p>\n<p>No es un libro de actividades, una gu\u00eda para padres ni un manual de primeros auxilios. Es para todos los que:<\/p>\n<ul>\n<li>Quieren aprender a confiar en s\u00ed mismos (y liberarse de la idea de que los dem\u00e1s saben m\u00e1s)<\/li>\n<li>Conf\u00edan en los ni\u00f1os, porque son fundamentalmente seres honestos, emp\u00e1ticos, vulnerables y fuertes al mismo tiempo<\/li>\n<li>Pueden a veces estar preocupados, aunque no siempre lo expresen<\/li>\n<li>Anhelan mirar a los ni\u00f1os abiertamente, sin juzgarlos ni etiquetarlos, o decir cosas como: \u201cElla es la musical de la familia y \u00e9l es una criatura de h\u00e1bitos\u201d.<\/li>\n<li>Brindan a los ni\u00f1os la oportunidad de probar cosas, incluso si pueden fallar.<\/li>\n<li>Quieren brindar a los ni\u00f1os toda su atenci\u00f3n, sin analizar y criticar inmediatamente su comportamiento, a pesar de la presi\u00f3n de desempe\u00f1o que nuestra sociedad les impone desde una temprana edad.<\/li>\n<\/ul>\n<p>El despertar de la Ranita nos muestra c\u00f3mo crear un amortiguador contra el estr\u00e9s, las altas expectativas, las decepciones y muchos otros desaf\u00edos de criar a los ni\u00f1os peque\u00f1os en un mundo orientado al \u00e9xito. Est\u00e1 disponible en ingl\u00e9s, franc\u00e9s y espa\u00f1ol.<\/p>\n<p>Publicado por Les Ar\u00e8nes, Paris, 2020<br \/>Publicado en castellano por Editorial Kairos, Barcelona, 2020.<\/p>\n<p>[\/et_pb_toggle][\/et_pb_column][\/et_pb_row][\/et_pb_section][et_pb_section fb_built=\u00bb1&#8243; _builder_version=\u00bb4.16&#8243; _module_preset=\u00bbdefault\u00bb background_image=\u00bbhttps:\/\/www.elinesnel.com\/wp-content\/uploads\/2021\/02\/ElineSnel_Boeken2.jpg\u00bb parallax=\u00bbon\u00bb custom_margin=\u00bb||45px||false|false\u00bb custom_padding=\u00bb9vw||11vw||false|false\u00bb global_colors_info=\u00bb{}\u00bb][et_pb_row _builder_version=\u00bb4.16&#8243; _module_preset=\u00bbdefault\u00bb global_colors_info=\u00bb{}\u00bb][et_pb_column type=\u00bb4_4&#8243; _builder_version=\u00bb4.16&#8243; _module_preset=\u00bbdefault\u00bb global_colors_info=\u00bb{}\u00bb][\/et_pb_column][\/et_pb_row][\/et_pb_section]<\/p>\n","protected":false},"excerpt":{"rendered":"<p>LIBROS DE ELINE SNELLos libros de Eline Snel se han publicado en m\u00e1s de 42 pa\u00edses. Est\u00e1n disponibles en librer\u00edas y online..Tranquilos y Atentos como una rana es el libro de mayor venta a nivel internacional sobre Mindfulness, para ni\u00f1os de 5 a 12 a\u00f1os y sus padres. Ha sido traducido a muchos idiomas y [&hellip;]<\/p>\n","protected":false},"author":12,"featured_media":0,"parent":0,"menu_order":0,"comment_status":"closed","ping_status":"closed","template":"","meta":{"_et_pb_use_builder":"on","_et_pb_old_content":"","_et_gb_content_width":"","footnotes":""},"class_list":["post-7079","page","type-page","status-publish","hentry"],"_links":{"self":[{"href":"https:\/\/www.elinesnel.com\/es\/wp-json\/wp\/v2\/pages\/7079","targetHints":{"allow":["GET"]}}],"collection":[{"href":"https:\/\/www.elinesnel.com\/es\/wp-json\/wp\/v2\/pages"}],"about":[{"href":"https:\/\/www.elinesnel.com\/es\/wp-json\/wp\/v2\/types\/page"}],"author":[{"embeddable":true,"href":"https:\/\/www.elinesnel.com\/es\/wp-json\/wp\/v2\/users\/12"}],"replies":[{"embeddable":true,"href":"https:\/\/www.elinesnel.com\/es\/wp-json\/wp\/v2\/comments?post=7079"}],"version-history":[{"count":0,"href":"https:\/\/www.elinesnel.com\/es\/wp-json\/wp\/v2\/pages\/7079\/revisions"}],"wp:attachment":[{"href":"https:\/\/www.elinesnel.com\/es\/wp-json\/wp\/v2\/media?parent=7079"}],"curies":[{"name":"wp","href":"https:\/\/api.w.org\/{rel}","templated":true}]}}